{"id":1327,"date":"2025-11-30T17:47:42","date_gmt":"2025-11-30T17:47:42","guid":{"rendered":"https:\/\/stella-lotycz-test.kingamiskiewicz.com\/product\/krotki-plaszczyk-wiazany-w-pasie-kolor-lodowca-i-wody-alaski\/"},"modified":"2026-01-04T18:21:44","modified_gmt":"2026-01-04T18:21:44","slug":"krotki-plaszczyk-wiazany-w-pasie-kolor-lodowca-i-wody-alaski","status":"publish","type":"product","link":"https:\/\/stellalotycz.com\/pl\/produkt\/krotki-plaszczyk-wiazany-w-pasie-kolor-lodowca-i-wody-alaski\/","title":{"rendered":"Kr\u00f3tki p\u0142aszczyk wi\u0105zany w pasie . Kolor Lodowca i Wody Alaski"},"content":{"rendered":"<p>Odkryj elegancj\u0119 i funkcjonalno\u015b\u0107 w jednym. Ten kr\u00f3tki p\u0142aszczyk, wi\u0105zany w pasie, subtelnie podkre\u015bla sylwetk\u0119, zapewniaj\u0105c komfort i styl. Wykonany z wodoodpornego materia\u0142u, idealnie sprawdzi si\u0119 zar\u00f3wno w ch\u0142odniejsze dni, jak i wiosenne poranki pe\u0142ne \u015bwie\u017cego powietrza.  <\/p>\n<p data-start=\"398\" data-end=\"665\">Kolory inspirowane natur\u0105 \u2013 Lodowiec i Woda Alaski \u2013 zosta\u0142y uchwycone na zdj\u0119ciu z drona, kt\u00f3re pokazuje ich mro\u017an\u0105 i magiczn\u0105 palet\u0119. Sta\u0144 si\u0119 cz\u0119\u015bci\u0105 naszego magicznego \u015bwiata i pozw\u00f3l, by kolory natury dodawa\u0142y Twoim dniom wyj\u0105tkowego charakteru. <\/p>\n","protected":false},"excerpt":{"rendered":"<p>Odkryj elegancj\u0119 i funkcjonalno\u015b\u0107 w jednym. Ten kr\u00f3tki p\u0142aszczyk, wi\u0105zany w pasie, subtelnie podkre\u015bla sylwetk\u0119, zapewniaj\u0105c komfort i styl. Wykonany z wodoodpornego materia\u0142u, idealnie sprawdzi si\u0119 zar\u00f3wno w ch\u0142odniejsze dni, jak i wiosenne poranki pe\u0142ne \u015bwie\u017cego powietrza. Kolory inspirowane natur\u0105 \u2013 Lodowiec i Woda Alaski \u2013 zosta\u0142y uchwycone na zdj\u0119ciu z drona, kt\u00f3re pokazuje ich [&hellip;]<\/p>\n","protected":false},"featured_media":1328,"comment_status":"open","ping_status":"closed","template":"","meta":{"_acf_changed":false},"product_brand":[],"product_cat":[64,62,65,61],"product_tag":[],"class_list":{"0":"post-1327","1":"product","2":"type-product","3":"status-publish","4":"has-post-thumbnail","6":"product_cat-bestsellery","7":"product_cat-kurtki","8":"product_cat-stella-lotycz-x-stephan-zirwes","9":"product_cat-ubrania","11":"first","12":"instock","13":"shipping-taxable","14":"purchasable","15":"product-type-variable"},"acf":[],"yoast_head":"<!-- This site is optimized with the Yoast SEO plugin v27.3 - https:\/\/yoast.com\/product\/yoast-seo-wordpress\/ -->\n<title>Kr\u00f3tki p\u0142aszczyk wi\u0105zany w pasie . Kolor Lodowca i Wody Alaski - Stella Lotycz<\/title>\n<meta name=\"robots\" content=\"index, follow, max-snippet:-1, max-image-preview:large, max-video-preview:-1\" \/>\n<link rel=\"canonical\" href=\"https:\/\/stellalotycz.com\/pl\/produkt\/krotki-plaszczyk-wiazany-w-pasie-kolor-lodowca-i-wody-alaski\/\" \/>\n<meta property=\"og:locale\" content=\"pl_PL\" \/>\n<meta property=\"og:type\" content=\"article\" \/>\n<meta property=\"og:title\" content=\"Kr\u00f3tki p\u0142aszczyk wi\u0105zany w pasie . Kolor Lodowca i Wody Alaski - Stella Lotycz\" \/>\n<meta property=\"og:description\" content=\"Odkryj elegancj\u0119 i funkcjonalno\u015b\u0107 w jednym. Ten kr\u00f3tki p\u0142aszczyk, wi\u0105zany w pasie, subtelnie podkre\u015bla sylwetk\u0119, zapewniaj\u0105c komfort i styl. Wykonany z wodoodpornego materia\u0142u, idealnie sprawdzi si\u0119 zar\u00f3wno w ch\u0142odniejsze dni, jak i wiosenne poranki pe\u0142ne \u015bwie\u017cego powietrza. Kolory inspirowane natur\u0105 \u2013 Lodowiec i Woda Alaski \u2013 zosta\u0142y uchwycone na zdj\u0119ciu z drona, kt\u00f3re pokazuje ich [&hellip;]\" \/>\n<meta property=\"og:url\" content=\"https:\/\/stellalotycz.com\/pl\/produkt\/krotki-plaszczyk-wiazany-w-pasie-kolor-lodowca-i-wody-alaski\/\" \/>\n<meta property=\"og:site_name\" content=\"Stella Lotycz\" \/>\n<meta property=\"article:modified_time\" content=\"2026-01-04T18:21:44+00:00\" \/>\n<meta property=\"og:image\" content=\"https:\/\/stellalotycz.com\/wp-content\/uploads\/2025\/10\/blazer_glacier_long.png\" \/>\n\t<meta property=\"og:image:width\" content=\"1755\" \/>\n\t<meta property=\"og:image:height\" content=\"1755\" \/>\n\t<meta property=\"og:image:type\" content=\"image\/png\" \/>\n<meta name=\"twitter:card\" content=\"summary_large_image\" \/>\n<script type=\"application\/ld+json\" class=\"yoast-schema-graph\">{\"@context\":\"https:\\\/\\\/schema.org\",\"@graph\":[{\"@type\":\"WebPage\",\"@id\":\"https:\\\/\\\/stellalotycz.com\\\/pl\\\/produkt\\\/krotki-plaszczyk-wiazany-w-pasie-kolor-lodowca-i-wody-alaski\\\/\",\"url\":\"https:\\\/\\\/stellalotycz.com\\\/pl\\\/produkt\\\/krotki-plaszczyk-wiazany-w-pasie-kolor-lodowca-i-wody-alaski\\\/\",\"name\":\"Kr\u00f3tki p\u0142aszczyk wi\u0105zany w pasie . Kolor Lodowca i Wody Alaski - Stella Lotycz\",\"isPartOf\":{\"@id\":\"https:\\\/\\\/stellalotycz.com\\\/?currency=usd\\\/#website\"},\"primaryImageOfPage\":{\"@id\":\"https:\\\/\\\/stellalotycz.com\\\/pl\\\/produkt\\\/krotki-plaszczyk-wiazany-w-pasie-kolor-lodowca-i-wody-alaski\\\/#primaryimage\"},\"image\":{\"@id\":\"https:\\\/\\\/stellalotycz.com\\\/pl\\\/produkt\\\/krotki-plaszczyk-wiazany-w-pasie-kolor-lodowca-i-wody-alaski\\\/#primaryimage\"},\"thumbnailUrl\":\"https:\\\/\\\/stellalotycz.com\\\/wp-content\\\/uploads\\\/2025\\\/10\\\/blazer_glacier_long.png\",\"datePublished\":\"2025-11-30T17:47:42+00:00\",\"dateModified\":\"2026-01-04T18:21:44+00:00\",\"breadcrumb\":{\"@id\":\"https:\\\/\\\/stellalotycz.com\\\/pl\\\/produkt\\\/krotki-plaszczyk-wiazany-w-pasie-kolor-lodowca-i-wody-alaski\\\/#breadcrumb\"},\"inLanguage\":\"pl-PL\",\"potentialAction\":[{\"@type\":\"ReadAction\",\"target\":[\"https:\\\/\\\/stellalotycz.com\\\/pl\\\/produkt\\\/krotki-plaszczyk-wiazany-w-pasie-kolor-lodowca-i-wody-alaski\\\/\"]}]},{\"@type\":\"ImageObject\",\"inLanguage\":\"pl-PL\",\"@id\":\"https:\\\/\\\/stellalotycz.com\\\/pl\\\/produkt\\\/krotki-plaszczyk-wiazany-w-pasie-kolor-lodowca-i-wody-alaski\\\/#primaryimage\",\"url\":\"https:\\\/\\\/stellalotycz.com\\\/wp-content\\\/uploads\\\/2025\\\/10\\\/blazer_glacier_long.png\",\"contentUrl\":\"https:\\\/\\\/stellalotycz.com\\\/wp-content\\\/uploads\\\/2025\\\/10\\\/blazer_glacier_long.png\",\"width\":1755,\"height\":1755},{\"@type\":\"BreadcrumbList\",\"@id\":\"https:\\\/\\\/stellalotycz.com\\\/pl\\\/produkt\\\/krotki-plaszczyk-wiazany-w-pasie-kolor-lodowca-i-wody-alaski\\\/#breadcrumb\",\"itemListElement\":[{\"@type\":\"ListItem\",\"position\":1,\"name\":\"Home\",\"item\":\"https:\\\/\\\/stellalotycz.com\\\/pl\\\/\"},{\"@type\":\"ListItem\",\"position\":2,\"name\":\"Sklep\",\"item\":\"https:\\\/\\\/stellalotycz.com\\\/pl\\\/sklep\\\/\"},{\"@type\":\"ListItem\",\"position\":3,\"name\":\"Kr\u00f3tki p\u0142aszczyk wi\u0105zany w pasie . Kolor Lodowca i Wody Alaski\"}]},{\"@type\":\"WebSite\",\"@id\":\"https:\\\/\\\/stellalotycz.com\\\/?currency=usd\\\/#website\",\"url\":\"https:\\\/\\\/stellalotycz.com\\\/?currency=usd\\\/\",\"name\":\"Stella Lotycz Fashion Designer\",\"description\":\"Fashion Designer\",\"publisher\":{\"@id\":\"https:\\\/\\\/stellalotycz.com\\\/?currency=usd\\\/#organization\"},\"potentialAction\":[{\"@type\":\"SearchAction\",\"target\":{\"@type\":\"EntryPoint\",\"urlTemplate\":\"https:\\\/\\\/stellalotycz.com\\\/?currency=usd\\\/?s={search_term_string}\"},\"query-input\":{\"@type\":\"PropertyValueSpecification\",\"valueRequired\":true,\"valueName\":\"search_term_string\"}}],\"inLanguage\":\"pl-PL\"},{\"@type\":\"Organization\",\"@id\":\"https:\\\/\\\/stellalotycz.com\\\/?currency=usd\\\/#organization\",\"name\":\"Stella Lotycz Fashion Designer\",\"url\":\"https:\\\/\\\/stellalotycz.com\\\/?currency=usd\\\/\",\"logo\":{\"@type\":\"ImageObject\",\"inLanguage\":\"pl-PL\",\"@id\":\"https:\\\/\\\/stellalotycz.com\\\/?currency=usd\\\/#\\\/schema\\\/logo\\\/image\\\/\",\"url\":\"https:\\\/\\\/stellalotycz.com\\\/wp-content\\\/uploads\\\/2025\\\/10\\\/Stella-Logo-Wektor.svg\",\"contentUrl\":\"https:\\\/\\\/stellalotycz.com\\\/wp-content\\\/uploads\\\/2025\\\/10\\\/Stella-Logo-Wektor.svg\",\"caption\":\"Stella Lotycz Fashion Designer\"},\"image\":{\"@id\":\"https:\\\/\\\/stellalotycz.com\\\/?currency=usd\\\/#\\\/schema\\\/logo\\\/image\\\/\"}}]}<\/script>\n<!-- \/ Yoast SEO plugin. -->","yoast_head_json":{"title":"Kr\u00f3tki p\u0142aszczyk wi\u0105zany w pasie . Kolor Lodowca i Wody Alaski - Stella Lotycz","robots":{"index":"index","follow":"follow","max-snippet":"max-snippet:-1","max-image-preview":"max-image-preview:large","max-video-preview":"max-video-preview:-1"},"canonical":"https:\/\/stellalotycz.com\/pl\/produkt\/krotki-plaszczyk-wiazany-w-pasie-kolor-lodowca-i-wody-alaski\/","og_locale":"pl_PL","og_type":"article","og_title":"Kr\u00f3tki p\u0142aszczyk wi\u0105zany w pasie . Kolor Lodowca i Wody Alaski - Stella Lotycz","og_description":"Odkryj elegancj\u0119 i funkcjonalno\u015b\u0107 w jednym. Ten kr\u00f3tki p\u0142aszczyk, wi\u0105zany w pasie, subtelnie podkre\u015bla sylwetk\u0119, zapewniaj\u0105c komfort i styl. Wykonany z wodoodpornego materia\u0142u, idealnie sprawdzi si\u0119 zar\u00f3wno w ch\u0142odniejsze dni, jak i wiosenne poranki pe\u0142ne \u015bwie\u017cego powietrza. Kolory inspirowane natur\u0105 \u2013 Lodowiec i Woda Alaski \u2013 zosta\u0142y uchwycone na zdj\u0119ciu z drona, kt\u00f3re pokazuje ich [&hellip;]","og_url":"https:\/\/stellalotycz.com\/pl\/produkt\/krotki-plaszczyk-wiazany-w-pasie-kolor-lodowca-i-wody-alaski\/","og_site_name":"Stella Lotycz","article_modified_time":"2026-01-04T18:21:44+00:00","og_image":[{"width":1755,"height":1755,"url":"https:\/\/stellalotycz.com\/wp-content\/uploads\/2025\/10\/blazer_glacier_long.png","type":"image\/png"}],"twitter_card":"summary_large_image","schema":{"@context":"https:\/\/schema.org","@graph":[{"@type":"WebPage","@id":"https:\/\/stellalotycz.com\/pl\/produkt\/krotki-plaszczyk-wiazany-w-pasie-kolor-lodowca-i-wody-alaski\/","url":"https:\/\/stellalotycz.com\/pl\/produkt\/krotki-plaszczyk-wiazany-w-pasie-kolor-lodowca-i-wody-alaski\/","name":"Kr\u00f3tki p\u0142aszczyk wi\u0105zany w pasie . Kolor Lodowca i Wody Alaski - Stella Lotycz","isPartOf":{"@id":"https:\/\/stellalotycz.com\/?currency=usd\/#website"},"primaryImageOfPage":{"@id":"https:\/\/stellalotycz.com\/pl\/produkt\/krotki-plaszczyk-wiazany-w-pasie-kolor-lodowca-i-wody-alaski\/#primaryimage"},"image":{"@id":"https:\/\/stellalotycz.com\/pl\/produkt\/krotki-plaszczyk-wiazany-w-pasie-kolor-lodowca-i-wody-alaski\/#primaryimage"},"thumbnailUrl":"https:\/\/stellalotycz.com\/wp-content\/uploads\/2025\/10\/blazer_glacier_long.png","datePublished":"2025-11-30T17:47:42+00:00","dateModified":"2026-01-04T18:21:44+00:00","breadcrumb":{"@id":"https:\/\/stellalotycz.com\/pl\/produkt\/krotki-plaszczyk-wiazany-w-pasie-kolor-lodowca-i-wody-alaski\/#breadcrumb"},"inLanguage":"pl-PL","potentialAction":[{"@type":"ReadAction","target":["https:\/\/stellalotycz.com\/pl\/produkt\/krotki-plaszczyk-wiazany-w-pasie-kolor-lodowca-i-wody-alaski\/"]}]},{"@type":"ImageObject","inLanguage":"pl-PL","@id":"https:\/\/stellalotycz.com\/pl\/produkt\/krotki-plaszczyk-wiazany-w-pasie-kolor-lodowca-i-wody-alaski\/#primaryimage","url":"https:\/\/stellalotycz.com\/wp-content\/uploads\/2025\/10\/blazer_glacier_long.png","contentUrl":"https:\/\/stellalotycz.com\/wp-content\/uploads\/2025\/10\/blazer_glacier_long.png","width":1755,"height":1755},{"@type":"BreadcrumbList","@id":"https:\/\/stellalotycz.com\/pl\/produkt\/krotki-plaszczyk-wiazany-w-pasie-kolor-lodowca-i-wody-alaski\/#breadcrumb","itemListElement":[{"@type":"ListItem","position":1,"name":"Home","item":"https:\/\/stellalotycz.com\/pl\/"},{"@type":"ListItem","position":2,"name":"Sklep","item":"https:\/\/stellalotycz.com\/pl\/sklep\/"},{"@type":"ListItem","position":3,"name":"Kr\u00f3tki p\u0142aszczyk wi\u0105zany w pasie . Kolor Lodowca i Wody Alaski"}]},{"@type":"WebSite","@id":"https:\/\/stellalotycz.com\/?currency=usd\/#website","url":"https:\/\/stellalotycz.com\/?currency=usd\/","name":"Stella Lotycz Fashion Designer","description":"Fashion Designer","publisher":{"@id":"https:\/\/stellalotycz.com\/?currency=usd\/#organization"},"potentialAction":[{"@type":"SearchAction","target":{"@type":"EntryPoint","urlTemplate":"https:\/\/stellalotycz.com\/?currency=usd\/?s={search_term_string}"},"query-input":{"@type":"PropertyValueSpecification","valueRequired":true,"valueName":"search_term_string"}}],"inLanguage":"pl-PL"},{"@type":"Organization","@id":"https:\/\/stellalotycz.com\/?currency=usd\/#organization","name":"Stella Lotycz Fashion Designer","url":"https:\/\/stellalotycz.com\/?currency=usd\/","logo":{"@type":"ImageObject","inLanguage":"pl-PL","@id":"https:\/\/stellalotycz.com\/?currency=usd\/#\/schema\/logo\/image\/","url":"https:\/\/stellalotycz.com\/wp-content\/uploads\/2025\/10\/Stella-Logo-Wektor.svg","contentUrl":"https:\/\/stellalotycz.com\/wp-content\/uploads\/2025\/10\/Stella-Logo-Wektor.svg","caption":"Stella Lotycz Fashion Designer"},"image":{"@id":"https:\/\/stellalotycz.com\/?currency=usd\/#\/schema\/logo\/image\/"}}]}},"_links":{"self":[{"href":"https:\/\/stellalotycz.com\/pl\/wp-json\/wp\/v2\/product\/1327","targetHints":{"allow":["GET"]}}],"collection":[{"href":"https:\/\/stellalotycz.com\/pl\/wp-json\/wp\/v2\/product"}],"about":[{"href":"https:\/\/stellalotycz.com\/pl\/wp-json\/wp\/v2\/types\/product"}],"replies":[{"embeddable":true,"href":"https:\/\/stellalotycz.com\/pl\/wp-json\/wp\/v2\/comments?post=1327"}],"wp:featuredmedia":[{"embeddable":true,"href":"https:\/\/stellalotycz.com\/pl\/wp-json\/wp\/v2\/media\/1328"}],"wp:attachment":[{"href":"https:\/\/stellalotycz.com\/pl\/wp-json\/wp\/v2\/media?parent=1327"}],"wp:term":[{"taxonomy":"product_brand","embeddable":true,"href":"https:\/\/stellalotycz.com\/pl\/wp-json\/wp\/v2\/product_brand?post=1327"},{"taxonomy":"product_cat","embeddable":true,"href":"https:\/\/stellalotycz.com\/pl\/wp-json\/wp\/v2\/product_cat?post=1327"},{"taxonomy":"product_tag","embeddable":true,"href":"https:\/\/stellalotycz.com\/pl\/wp-json\/wp\/v2\/product_tag?post=1327"}],"curies":[{"name":"wp","href":"https:\/\/api.w.org\/{rel}","templated":true}]}}