{"id":1339,"date":"2025-11-30T16:39:25","date_gmt":"2025-11-30T16:39:25","guid":{"rendered":"https:\/\/stella-lotycz-test.kingamiskiewicz.com\/product\/krotki-plaszczyk-damski-wiazany-w-pasie-strumien-natury\/"},"modified":"2026-01-04T18:21:44","modified_gmt":"2026-01-04T18:21:44","slug":"krotki-plaszczyk-damski-wiazany-w-pasie-strumien-natury","status":"publish","type":"product","link":"https:\/\/stellalotycz.com\/pl\/produkt\/krotki-plaszczyk-damski-wiazany-w-pasie-strumien-natury\/","title":{"rendered":"Kr\u00f3tki p\u0142aszczyk damski wi\u0105zany w pasie . Strumie\u0144 Natury ."},"content":{"rendered":"<p class=\"p1\">Odkryj czyst\u0105 harmoni\u0119 natury. Ten kr\u00f3tki damski p\u0142aszcz z wi\u0105zaniem w talii doskonale \u0142\u0105czy w sobie elegancj\u0119, wygod\u0119 i funkcjonalno\u015b\u0107. Wykonany z wysokiej jako\u015bci wodoodpornej tkaniny, ten elegancki p\u0142aszcz z paskiem jest idealny na ch\u0142odniejsze dni i orze\u017awiaj\u0105ce spacery, gdy powietrze jest rze\u015bkie, a pogoda nieprzewidywalna. Subtelne br\u0105zowe odcienie czerpi\u0105 inspiracj\u0119 z natury, z wody p\u0142yn\u0105cej po skale, uchwyconej w ruchu z hipnotyzuj\u0105c\u0105 mi\u0119kko\u015bci\u0105 i si\u0142\u0105.   <\/p>\n<p class=\"p1\">Bogata paleta kolor\u00f3w odzwierciedla ciep\u0142o ziemi, odporno\u015b\u0107 kamienia i wdzi\u0119czny przep\u0142yw wody. Niech naturalna energia tych odcieni wniesie ciep\u0142o, harmoni\u0119 i ponadczasowe wyrafinowanie do codziennego wygl\u0105du. W\u0142oska podszewka i starannie dobrane detale podkre\u015blaj\u0105 fachowe rzemios\u0142o, \u0142\u0105cz\u0105c luksusowe wyko\u0144czenie z praktycznym, nowoczesnym designem.  <\/p>\n","protected":false},"excerpt":{"rendered":"<p>Odkryj czyst\u0105 harmoni\u0119 natury. Ten kr\u00f3tki damski p\u0142aszcz z wi\u0105zaniem w talii doskonale \u0142\u0105czy w sobie elegancj\u0119, wygod\u0119 i funkcjonalno\u015b\u0107. Wykonany z wysokiej jako\u015bci wodoodpornej tkaniny, ten elegancki p\u0142aszcz z paskiem jest idealny na ch\u0142odniejsze dni i orze\u017awiaj\u0105ce spacery, gdy powietrze jest rze\u015bkie, a pogoda nieprzewidywalna. Subtelne br\u0105zowe odcienie czerpi\u0105 inspiracj\u0119 z natury, z wody [&hellip;]<\/p>\n","protected":false},"featured_media":1340,"comment_status":"open","ping_status":"closed","template":"","meta":{"_acf_changed":false},"product_brand":[],"product_cat":[64,62,65,61],"product_tag":[],"class_list":{"0":"post-1339","1":"product","2":"type-product","3":"status-publish","4":"has-post-thumbnail","6":"product_cat-bestsellery","7":"product_cat-kurtki","8":"product_cat-stella-lotycz-x-stephan-zirwes","9":"product_cat-ubrania","11":"first","12":"instock","13":"shipping-taxable","14":"purchasable","15":"product-type-variable"},"acf":[],"yoast_head":"<!-- This site is optimized with the Yoast SEO plugin v27.3 - https:\/\/yoast.com\/product\/yoast-seo-wordpress\/ -->\n<title>Kr\u00f3tki p\u0142aszczyk damski wi\u0105zany w pasie . Strumie\u0144 Natury . - Stella Lotycz<\/title>\n<meta name=\"robots\" content=\"index, follow, max-snippet:-1, max-image-preview:large, max-video-preview:-1\" \/>\n<link rel=\"canonical\" href=\"https:\/\/stellalotycz.com\/pl\/produkt\/krotki-plaszczyk-damski-wiazany-w-pasie-strumien-natury\/\" \/>\n<meta property=\"og:locale\" content=\"pl_PL\" \/>\n<meta property=\"og:type\" content=\"article\" \/>\n<meta property=\"og:title\" content=\"Kr\u00f3tki p\u0142aszczyk damski wi\u0105zany w pasie . Strumie\u0144 Natury . - Stella Lotycz\" \/>\n<meta property=\"og:description\" content=\"Odkryj czyst\u0105 harmoni\u0119 natury. Ten kr\u00f3tki damski p\u0142aszcz z wi\u0105zaniem w talii doskonale \u0142\u0105czy w sobie elegancj\u0119, wygod\u0119 i funkcjonalno\u015b\u0107. Wykonany z wysokiej jako\u015bci wodoodpornej tkaniny, ten elegancki p\u0142aszcz z paskiem jest idealny na ch\u0142odniejsze dni i orze\u017awiaj\u0105ce spacery, gdy powietrze jest rze\u015bkie, a pogoda nieprzewidywalna. Subtelne br\u0105zowe odcienie czerpi\u0105 inspiracj\u0119 z natury, z wody [&hellip;]\" \/>\n<meta property=\"og:url\" content=\"https:\/\/stellalotycz.com\/pl\/produkt\/krotki-plaszczyk-damski-wiazany-w-pasie-strumien-natury\/\" \/>\n<meta property=\"og:site_name\" content=\"Stella Lotycz\" \/>\n<meta property=\"article:modified_time\" content=\"2026-01-04T18:21:44+00:00\" \/>\n<meta property=\"og:image\" content=\"https:\/\/stellalotycz.com\/wp-content\/uploads\/2025\/10\/brown_long_front.png\" \/>\n\t<meta property=\"og:image:width\" content=\"1755\" \/>\n\t<meta property=\"og:image:height\" content=\"1755\" \/>\n\t<meta property=\"og:image:type\" content=\"image\/png\" \/>\n<meta name=\"twitter:card\" content=\"summary_large_image\" \/>\n<script type=\"application\/ld+json\" class=\"yoast-schema-graph\">{\"@context\":\"https:\\\/\\\/schema.org\",\"@graph\":[{\"@type\":\"WebPage\",\"@id\":\"https:\\\/\\\/stellalotycz.com\\\/pl\\\/produkt\\\/krotki-plaszczyk-damski-wiazany-w-pasie-strumien-natury\\\/\",\"url\":\"https:\\\/\\\/stellalotycz.com\\\/pl\\\/produkt\\\/krotki-plaszczyk-damski-wiazany-w-pasie-strumien-natury\\\/\",\"name\":\"Kr\u00f3tki p\u0142aszczyk damski wi\u0105zany w pasie . Strumie\u0144 Natury . - Stella Lotycz\",\"isPartOf\":{\"@id\":\"https:\\\/\\\/stellalotycz.com\\\/?currency=usd\\\/#website\"},\"primaryImageOfPage\":{\"@id\":\"https:\\\/\\\/stellalotycz.com\\\/pl\\\/produkt\\\/krotki-plaszczyk-damski-wiazany-w-pasie-strumien-natury\\\/#primaryimage\"},\"image\":{\"@id\":\"https:\\\/\\\/stellalotycz.com\\\/pl\\\/produkt\\\/krotki-plaszczyk-damski-wiazany-w-pasie-strumien-natury\\\/#primaryimage\"},\"thumbnailUrl\":\"https:\\\/\\\/stellalotycz.com\\\/wp-content\\\/uploads\\\/2025\\\/10\\\/brown_long_front.png\",\"datePublished\":\"2025-11-30T16:39:25+00:00\",\"dateModified\":\"2026-01-04T18:21:44+00:00\",\"breadcrumb\":{\"@id\":\"https:\\\/\\\/stellalotycz.com\\\/pl\\\/produkt\\\/krotki-plaszczyk-damski-wiazany-w-pasie-strumien-natury\\\/#breadcrumb\"},\"inLanguage\":\"pl-PL\",\"potentialAction\":[{\"@type\":\"ReadAction\",\"target\":[\"https:\\\/\\\/stellalotycz.com\\\/pl\\\/produkt\\\/krotki-plaszczyk-damski-wiazany-w-pasie-strumien-natury\\\/\"]}]},{\"@type\":\"ImageObject\",\"inLanguage\":\"pl-PL\",\"@id\":\"https:\\\/\\\/stellalotycz.com\\\/pl\\\/produkt\\\/krotki-plaszczyk-damski-wiazany-w-pasie-strumien-natury\\\/#primaryimage\",\"url\":\"https:\\\/\\\/stellalotycz.com\\\/wp-content\\\/uploads\\\/2025\\\/10\\\/brown_long_front.png\",\"contentUrl\":\"https:\\\/\\\/stellalotycz.com\\\/wp-content\\\/uploads\\\/2025\\\/10\\\/brown_long_front.png\",\"width\":1755,\"height\":1755},{\"@type\":\"BreadcrumbList\",\"@id\":\"https:\\\/\\\/stellalotycz.com\\\/pl\\\/produkt\\\/krotki-plaszczyk-damski-wiazany-w-pasie-strumien-natury\\\/#breadcrumb\",\"itemListElement\":[{\"@type\":\"ListItem\",\"position\":1,\"name\":\"Home\",\"item\":\"https:\\\/\\\/stellalotycz.com\\\/pl\\\/\"},{\"@type\":\"ListItem\",\"position\":2,\"name\":\"Sklep\",\"item\":\"https:\\\/\\\/stellalotycz.com\\\/pl\\\/sklep\\\/\"},{\"@type\":\"ListItem\",\"position\":3,\"name\":\"Kr\u00f3tki p\u0142aszczyk damski wi\u0105zany w pasie . Strumie\u0144 Natury .\"}]},{\"@type\":\"WebSite\",\"@id\":\"https:\\\/\\\/stellalotycz.com\\\/?currency=usd\\\/#website\",\"url\":\"https:\\\/\\\/stellalotycz.com\\\/?currency=usd\\\/\",\"name\":\"Stella Lotycz Fashion Designer\",\"description\":\"Fashion Designer\",\"publisher\":{\"@id\":\"https:\\\/\\\/stellalotycz.com\\\/?currency=usd\\\/#organization\"},\"potentialAction\":[{\"@type\":\"SearchAction\",\"target\":{\"@type\":\"EntryPoint\",\"urlTemplate\":\"https:\\\/\\\/stellalotycz.com\\\/?currency=usd\\\/?s={search_term_string}\"},\"query-input\":{\"@type\":\"PropertyValueSpecification\",\"valueRequired\":true,\"valueName\":\"search_term_string\"}}],\"inLanguage\":\"pl-PL\"},{\"@type\":\"Organization\",\"@id\":\"https:\\\/\\\/stellalotycz.com\\\/?currency=usd\\\/#organization\",\"name\":\"Stella Lotycz Fashion Designer\",\"url\":\"https:\\\/\\\/stellalotycz.com\\\/?currency=usd\\\/\",\"logo\":{\"@type\":\"ImageObject\",\"inLanguage\":\"pl-PL\",\"@id\":\"https:\\\/\\\/stellalotycz.com\\\/?currency=usd\\\/#\\\/schema\\\/logo\\\/image\\\/\",\"url\":\"https:\\\/\\\/stellalotycz.com\\\/wp-content\\\/uploads\\\/2025\\\/10\\\/Stella-Logo-Wektor.svg\",\"contentUrl\":\"https:\\\/\\\/stellalotycz.com\\\/wp-content\\\/uploads\\\/2025\\\/10\\\/Stella-Logo-Wektor.svg\",\"caption\":\"Stella Lotycz Fashion Designer\"},\"image\":{\"@id\":\"https:\\\/\\\/stellalotycz.com\\\/?currency=usd\\\/#\\\/schema\\\/logo\\\/image\\\/\"}}]}<\/script>\n<!-- \/ Yoast SEO plugin. -->","yoast_head_json":{"title":"Kr\u00f3tki p\u0142aszczyk damski wi\u0105zany w pasie . Strumie\u0144 Natury . - Stella Lotycz","robots":{"index":"index","follow":"follow","max-snippet":"max-snippet:-1","max-image-preview":"max-image-preview:large","max-video-preview":"max-video-preview:-1"},"canonical":"https:\/\/stellalotycz.com\/pl\/produkt\/krotki-plaszczyk-damski-wiazany-w-pasie-strumien-natury\/","og_locale":"pl_PL","og_type":"article","og_title":"Kr\u00f3tki p\u0142aszczyk damski wi\u0105zany w pasie . Strumie\u0144 Natury . - Stella Lotycz","og_description":"Odkryj czyst\u0105 harmoni\u0119 natury. Ten kr\u00f3tki damski p\u0142aszcz z wi\u0105zaniem w talii doskonale \u0142\u0105czy w sobie elegancj\u0119, wygod\u0119 i funkcjonalno\u015b\u0107. Wykonany z wysokiej jako\u015bci wodoodpornej tkaniny, ten elegancki p\u0142aszcz z paskiem jest idealny na ch\u0142odniejsze dni i orze\u017awiaj\u0105ce spacery, gdy powietrze jest rze\u015bkie, a pogoda nieprzewidywalna. Subtelne br\u0105zowe odcienie czerpi\u0105 inspiracj\u0119 z natury, z wody [&hellip;]","og_url":"https:\/\/stellalotycz.com\/pl\/produkt\/krotki-plaszczyk-damski-wiazany-w-pasie-strumien-natury\/","og_site_name":"Stella Lotycz","article_modified_time":"2026-01-04T18:21:44+00:00","og_image":[{"width":1755,"height":1755,"url":"https:\/\/stellalotycz.com\/wp-content\/uploads\/2025\/10\/brown_long_front.png","type":"image\/png"}],"twitter_card":"summary_large_image","schema":{"@context":"https:\/\/schema.org","@graph":[{"@type":"WebPage","@id":"https:\/\/stellalotycz.com\/pl\/produkt\/krotki-plaszczyk-damski-wiazany-w-pasie-strumien-natury\/","url":"https:\/\/stellalotycz.com\/pl\/produkt\/krotki-plaszczyk-damski-wiazany-w-pasie-strumien-natury\/","name":"Kr\u00f3tki p\u0142aszczyk damski wi\u0105zany w pasie . Strumie\u0144 Natury . - Stella Lotycz","isPartOf":{"@id":"https:\/\/stellalotycz.com\/?currency=usd\/#website"},"primaryImageOfPage":{"@id":"https:\/\/stellalotycz.com\/pl\/produkt\/krotki-plaszczyk-damski-wiazany-w-pasie-strumien-natury\/#primaryimage"},"image":{"@id":"https:\/\/stellalotycz.com\/pl\/produkt\/krotki-plaszczyk-damski-wiazany-w-pasie-strumien-natury\/#primaryimage"},"thumbnailUrl":"https:\/\/stellalotycz.com\/wp-content\/uploads\/2025\/10\/brown_long_front.png","datePublished":"2025-11-30T16:39:25+00:00","dateModified":"2026-01-04T18:21:44+00:00","breadcrumb":{"@id":"https:\/\/stellalotycz.com\/pl\/produkt\/krotki-plaszczyk-damski-wiazany-w-pasie-strumien-natury\/#breadcrumb"},"inLanguage":"pl-PL","potentialAction":[{"@type":"ReadAction","target":["https:\/\/stellalotycz.com\/pl\/produkt\/krotki-plaszczyk-damski-wiazany-w-pasie-strumien-natury\/"]}]},{"@type":"ImageObject","inLanguage":"pl-PL","@id":"https:\/\/stellalotycz.com\/pl\/produkt\/krotki-plaszczyk-damski-wiazany-w-pasie-strumien-natury\/#primaryimage","url":"https:\/\/stellalotycz.com\/wp-content\/uploads\/2025\/10\/brown_long_front.png","contentUrl":"https:\/\/stellalotycz.com\/wp-content\/uploads\/2025\/10\/brown_long_front.png","width":1755,"height":1755},{"@type":"BreadcrumbList","@id":"https:\/\/stellalotycz.com\/pl\/produkt\/krotki-plaszczyk-damski-wiazany-w-pasie-strumien-natury\/#breadcrumb","itemListElement":[{"@type":"ListItem","position":1,"name":"Home","item":"https:\/\/stellalotycz.com\/pl\/"},{"@type":"ListItem","position":2,"name":"Sklep","item":"https:\/\/stellalotycz.com\/pl\/sklep\/"},{"@type":"ListItem","position":3,"name":"Kr\u00f3tki p\u0142aszczyk damski wi\u0105zany w pasie . Strumie\u0144 Natury ."}]},{"@type":"WebSite","@id":"https:\/\/stellalotycz.com\/?currency=usd\/#website","url":"https:\/\/stellalotycz.com\/?currency=usd\/","name":"Stella Lotycz Fashion Designer","description":"Fashion Designer","publisher":{"@id":"https:\/\/stellalotycz.com\/?currency=usd\/#organization"},"potentialAction":[{"@type":"SearchAction","target":{"@type":"EntryPoint","urlTemplate":"https:\/\/stellalotycz.com\/?currency=usd\/?s={search_term_string}"},"query-input":{"@type":"PropertyValueSpecification","valueRequired":true,"valueName":"search_term_string"}}],"inLanguage":"pl-PL"},{"@type":"Organization","@id":"https:\/\/stellalotycz.com\/?currency=usd\/#organization","name":"Stella Lotycz Fashion Designer","url":"https:\/\/stellalotycz.com\/?currency=usd\/","logo":{"@type":"ImageObject","inLanguage":"pl-PL","@id":"https:\/\/stellalotycz.com\/?currency=usd\/#\/schema\/logo\/image\/","url":"https:\/\/stellalotycz.com\/wp-content\/uploads\/2025\/10\/Stella-Logo-Wektor.svg","contentUrl":"https:\/\/stellalotycz.com\/wp-content\/uploads\/2025\/10\/Stella-Logo-Wektor.svg","caption":"Stella Lotycz Fashion Designer"},"image":{"@id":"https:\/\/stellalotycz.com\/?currency=usd\/#\/schema\/logo\/image\/"}}]}},"_links":{"self":[{"href":"https:\/\/stellalotycz.com\/pl\/wp-json\/wp\/v2\/product\/1339","targetHints":{"allow":["GET"]}}],"collection":[{"href":"https:\/\/stellalotycz.com\/pl\/wp-json\/wp\/v2\/product"}],"about":[{"href":"https:\/\/stellalotycz.com\/pl\/wp-json\/wp\/v2\/types\/product"}],"replies":[{"embeddable":true,"href":"https:\/\/stellalotycz.com\/pl\/wp-json\/wp\/v2\/comments?post=1339"}],"wp:featuredmedia":[{"embeddable":true,"href":"https:\/\/stellalotycz.com\/pl\/wp-json\/wp\/v2\/media\/1340"}],"wp:attachment":[{"href":"https:\/\/stellalotycz.com\/pl\/wp-json\/wp\/v2\/media?parent=1339"}],"wp:term":[{"taxonomy":"product_brand","embeddable":true,"href":"https:\/\/stellalotycz.com\/pl\/wp-json\/wp\/v2\/product_brand?post=1339"},{"taxonomy":"product_cat","embeddable":true,"href":"https:\/\/stellalotycz.com\/pl\/wp-json\/wp\/v2\/product_cat?post=1339"},{"taxonomy":"product_tag","embeddable":true,"href":"https:\/\/stellalotycz.com\/pl\/wp-json\/wp\/v2\/product_tag?post=1339"}],"curies":[{"name":"wp","href":"https:\/\/api.w.org\/{rel}","templated":true}]}}