{"id":1351,"date":"2025-11-30T17:03:04","date_gmt":"2025-11-30T17:03:04","guid":{"rendered":"https:\/\/stella-lotycz-test.kingamiskiewicz.com\/product\/krotki-plaszczyk-damski-wiazany-w-pasie-kolumbijski-koral\/"},"modified":"2026-01-04T12:39:14","modified_gmt":"2026-01-04T12:39:14","slug":"krotki-plaszczyk-damski-wiazany-w-pasie-kolumbijski-koral","status":"publish","type":"product","link":"https:\/\/stellalotycz.com\/pl\/produkt\/krotki-plaszczyk-damski-wiazany-w-pasie-kolumbijski-koral\/","title":{"rendered":"Kr\u00f3tki p\u0142aszczyk wi\u0105zany w pasie. Kolumbijski Koral"},"content":{"rendered":"<p class=\"p1\">Elegancja i funkcjonalno\u015b\u0107 w doskona\u0142ej r\u00f3wnowadze. Ten kr\u00f3tki damski p\u0142aszcz, wi\u0105zany w talii, z wdzi\u0119kiem podkre\u015bla sylwetk\u0119, oferuj\u0105c jednocze\u015bnie ca\u0142odzienny komfort i styl. Zaprojektowany z wysokiej jako\u015bci wodoodpornej tkaniny, jest idealny na ch\u0142odniejsze dni i \u015bwie\u017ce wiosenne poranki, \u0142\u0105cz\u0105c praktyczno\u015b\u0107 z wyrafinowan\u0105 mod\u0105. Paleta kolor\u00f3w czerpie inspiracj\u0119 z podwodnego \u015bwiata Kolumbii &#8211; g\u0142\u0119boka, intensywna koralowa czerwie\u0144 po\u0142\u0105czona z subtelnymi naturalnymi odcieniami.  <\/p>\n<p class=\"p1\">Uchwycony w zbli\u017ceniu projekt ukazuje pi\u0119kno i szczeg\u00f3\u0142y \u017cycia morskiego, w tym tekstur\u0119 i form\u0119 rozgwiazd i struktur koralowych. Niech kolory oceanu i tropikalnych g\u0142\u0119bin wnios\u0105 do Twojego stylu odrobin\u0119 magii i naturalnej elegancji. Ten kr\u00f3tki p\u0142aszcz z paskiem to idealny wyb\u00f3r dla kobiet ceni\u0105cych wyrafinowany design, \u017cyw\u0105 harmoni\u0119 kolor\u00f3w i mod\u0119 inspirowan\u0105 cudami natury.  <\/p>\n","protected":false},"excerpt":{"rendered":"<p>Elegancja i funkcjonalno\u015b\u0107 w doskona\u0142ej r\u00f3wnowadze. Ten kr\u00f3tki damski p\u0142aszcz, wi\u0105zany w talii, z wdzi\u0119kiem podkre\u015bla sylwetk\u0119, oferuj\u0105c jednocze\u015bnie ca\u0142odzienny komfort i styl. Zaprojektowany z wysokiej jako\u015bci wodoodpornej tkaniny, jest idealny na ch\u0142odniejsze dni i \u015bwie\u017ce wiosenne poranki, \u0142\u0105cz\u0105c praktyczno\u015b\u0107 z wyrafinowan\u0105 mod\u0105. Paleta kolor\u00f3w czerpie inspiracj\u0119 z podwodnego \u015bwiata Kolumbii &#8211; g\u0142\u0119boka, intensywna koralowa [&hellip;]<\/p>\n","protected":false},"featured_media":1352,"comment_status":"open","ping_status":"closed","template":"","meta":{"_acf_changed":false},"product_brand":[],"product_cat":[62,63,61],"product_tag":[],"class_list":{"0":"post-1351","1":"product","2":"type-product","3":"status-publish","4":"has-post-thumbnail","6":"product_cat-kurtki","7":"product_cat-stella-lotycz-x-tomasz-baczkowski","8":"product_cat-ubrania","10":"first","11":"instock","12":"shipping-taxable","13":"purchasable","14":"product-type-variable"},"acf":[],"yoast_head":"<!-- This site is optimized with the Yoast SEO plugin v27.3 - https:\/\/yoast.com\/product\/yoast-seo-wordpress\/ -->\n<title>Kr\u00f3tki p\u0142aszczyk wi\u0105zany w pasie. Kolumbijski Koral - Stella Lotycz<\/title>\n<meta name=\"robots\" content=\"index, follow, max-snippet:-1, max-image-preview:large, max-video-preview:-1\" \/>\n<link rel=\"canonical\" href=\"https:\/\/stellalotycz.com\/pl\/produkt\/krotki-plaszczyk-damski-wiazany-w-pasie-kolumbijski-koral\/\" \/>\n<meta property=\"og:locale\" content=\"pl_PL\" \/>\n<meta property=\"og:type\" content=\"article\" \/>\n<meta property=\"og:title\" content=\"Kr\u00f3tki p\u0142aszczyk wi\u0105zany w pasie. Kolumbijski Koral - Stella Lotycz\" \/>\n<meta property=\"og:description\" content=\"Elegancja i funkcjonalno\u015b\u0107 w doskona\u0142ej r\u00f3wnowadze. Ten kr\u00f3tki damski p\u0142aszcz, wi\u0105zany w talii, z wdzi\u0119kiem podkre\u015bla sylwetk\u0119, oferuj\u0105c jednocze\u015bnie ca\u0142odzienny komfort i styl. Zaprojektowany z wysokiej jako\u015bci wodoodpornej tkaniny, jest idealny na ch\u0142odniejsze dni i \u015bwie\u017ce wiosenne poranki, \u0142\u0105cz\u0105c praktyczno\u015b\u0107 z wyrafinowan\u0105 mod\u0105. Paleta kolor\u00f3w czerpie inspiracj\u0119 z podwodnego \u015bwiata Kolumbii &#8211; g\u0142\u0119boka, intensywna koralowa [&hellip;]\" \/>\n<meta property=\"og:url\" content=\"https:\/\/stellalotycz.com\/pl\/produkt\/krotki-plaszczyk-damski-wiazany-w-pasie-kolumbijski-koral\/\" \/>\n<meta property=\"og:site_name\" content=\"Stella Lotycz\" \/>\n<meta property=\"article:modified_time\" content=\"2026-01-04T12:39:14+00:00\" \/>\n<meta property=\"og:image\" content=\"https:\/\/stellalotycz.com\/wp-content\/uploads\/2025\/10\/pink_front.png\" \/>\n\t<meta property=\"og:image:width\" content=\"1755\" \/>\n\t<meta property=\"og:image:height\" content=\"1755\" \/>\n\t<meta property=\"og:image:type\" content=\"image\/png\" \/>\n<meta name=\"twitter:card\" content=\"summary_large_image\" \/>\n<script type=\"application\/ld+json\" class=\"yoast-schema-graph\">{\"@context\":\"https:\\\/\\\/schema.org\",\"@graph\":[{\"@type\":\"WebPage\",\"@id\":\"https:\\\/\\\/stellalotycz.com\\\/pl\\\/produkt\\\/krotki-plaszczyk-damski-wiazany-w-pasie-kolumbijski-koral\\\/\",\"url\":\"https:\\\/\\\/stellalotycz.com\\\/pl\\\/produkt\\\/krotki-plaszczyk-damski-wiazany-w-pasie-kolumbijski-koral\\\/\",\"name\":\"Kr\u00f3tki p\u0142aszczyk wi\u0105zany w pasie. Kolumbijski Koral - Stella Lotycz\",\"isPartOf\":{\"@id\":\"https:\\\/\\\/stellalotycz.com\\\/?currency=usd\\\/#website\"},\"primaryImageOfPage\":{\"@id\":\"https:\\\/\\\/stellalotycz.com\\\/pl\\\/produkt\\\/krotki-plaszczyk-damski-wiazany-w-pasie-kolumbijski-koral\\\/#primaryimage\"},\"image\":{\"@id\":\"https:\\\/\\\/stellalotycz.com\\\/pl\\\/produkt\\\/krotki-plaszczyk-damski-wiazany-w-pasie-kolumbijski-koral\\\/#primaryimage\"},\"thumbnailUrl\":\"https:\\\/\\\/stellalotycz.com\\\/wp-content\\\/uploads\\\/2025\\\/10\\\/pink_front.png\",\"datePublished\":\"2025-11-30T17:03:04+00:00\",\"dateModified\":\"2026-01-04T12:39:14+00:00\",\"breadcrumb\":{\"@id\":\"https:\\\/\\\/stellalotycz.com\\\/pl\\\/produkt\\\/krotki-plaszczyk-damski-wiazany-w-pasie-kolumbijski-koral\\\/#breadcrumb\"},\"inLanguage\":\"pl-PL\",\"potentialAction\":[{\"@type\":\"ReadAction\",\"target\":[\"https:\\\/\\\/stellalotycz.com\\\/pl\\\/produkt\\\/krotki-plaszczyk-damski-wiazany-w-pasie-kolumbijski-koral\\\/\"]}]},{\"@type\":\"ImageObject\",\"inLanguage\":\"pl-PL\",\"@id\":\"https:\\\/\\\/stellalotycz.com\\\/pl\\\/produkt\\\/krotki-plaszczyk-damski-wiazany-w-pasie-kolumbijski-koral\\\/#primaryimage\",\"url\":\"https:\\\/\\\/stellalotycz.com\\\/wp-content\\\/uploads\\\/2025\\\/10\\\/pink_front.png\",\"contentUrl\":\"https:\\\/\\\/stellalotycz.com\\\/wp-content\\\/uploads\\\/2025\\\/10\\\/pink_front.png\",\"width\":1755,\"height\":1755},{\"@type\":\"BreadcrumbList\",\"@id\":\"https:\\\/\\\/stellalotycz.com\\\/pl\\\/produkt\\\/krotki-plaszczyk-damski-wiazany-w-pasie-kolumbijski-koral\\\/#breadcrumb\",\"itemListElement\":[{\"@type\":\"ListItem\",\"position\":1,\"name\":\"Home\",\"item\":\"https:\\\/\\\/stellalotycz.com\\\/pl\\\/\"},{\"@type\":\"ListItem\",\"position\":2,\"name\":\"Sklep\",\"item\":\"https:\\\/\\\/stellalotycz.com\\\/pl\\\/sklep\\\/\"},{\"@type\":\"ListItem\",\"position\":3,\"name\":\"Kr\u00f3tki p\u0142aszczyk wi\u0105zany w pasie. Kolumbijski Koral\"}]},{\"@type\":\"WebSite\",\"@id\":\"https:\\\/\\\/stellalotycz.com\\\/?currency=usd\\\/#website\",\"url\":\"https:\\\/\\\/stellalotycz.com\\\/?currency=usd\\\/\",\"name\":\"Stella Lotycz Fashion Designer\",\"description\":\"Fashion Designer\",\"publisher\":{\"@id\":\"https:\\\/\\\/stellalotycz.com\\\/?currency=usd\\\/#organization\"},\"potentialAction\":[{\"@type\":\"SearchAction\",\"target\":{\"@type\":\"EntryPoint\",\"urlTemplate\":\"https:\\\/\\\/stellalotycz.com\\\/?currency=usd\\\/?s={search_term_string}\"},\"query-input\":{\"@type\":\"PropertyValueSpecification\",\"valueRequired\":true,\"valueName\":\"search_term_string\"}}],\"inLanguage\":\"pl-PL\"},{\"@type\":\"Organization\",\"@id\":\"https:\\\/\\\/stellalotycz.com\\\/?currency=usd\\\/#organization\",\"name\":\"Stella Lotycz Fashion Designer\",\"url\":\"https:\\\/\\\/stellalotycz.com\\\/?currency=usd\\\/\",\"logo\":{\"@type\":\"ImageObject\",\"inLanguage\":\"pl-PL\",\"@id\":\"https:\\\/\\\/stellalotycz.com\\\/?currency=usd\\\/#\\\/schema\\\/logo\\\/image\\\/\",\"url\":\"https:\\\/\\\/stellalotycz.com\\\/wp-content\\\/uploads\\\/2025\\\/10\\\/Stella-Logo-Wektor.svg\",\"contentUrl\":\"https:\\\/\\\/stellalotycz.com\\\/wp-content\\\/uploads\\\/2025\\\/10\\\/Stella-Logo-Wektor.svg\",\"caption\":\"Stella Lotycz Fashion Designer\"},\"image\":{\"@id\":\"https:\\\/\\\/stellalotycz.com\\\/?currency=usd\\\/#\\\/schema\\\/logo\\\/image\\\/\"}}]}<\/script>\n<!-- \/ Yoast SEO plugin. -->","yoast_head_json":{"title":"Kr\u00f3tki p\u0142aszczyk wi\u0105zany w pasie. Kolumbijski Koral - Stella Lotycz","robots":{"index":"index","follow":"follow","max-snippet":"max-snippet:-1","max-image-preview":"max-image-preview:large","max-video-preview":"max-video-preview:-1"},"canonical":"https:\/\/stellalotycz.com\/pl\/produkt\/krotki-plaszczyk-damski-wiazany-w-pasie-kolumbijski-koral\/","og_locale":"pl_PL","og_type":"article","og_title":"Kr\u00f3tki p\u0142aszczyk wi\u0105zany w pasie. Kolumbijski Koral - Stella Lotycz","og_description":"Elegancja i funkcjonalno\u015b\u0107 w doskona\u0142ej r\u00f3wnowadze. Ten kr\u00f3tki damski p\u0142aszcz, wi\u0105zany w talii, z wdzi\u0119kiem podkre\u015bla sylwetk\u0119, oferuj\u0105c jednocze\u015bnie ca\u0142odzienny komfort i styl. Zaprojektowany z wysokiej jako\u015bci wodoodpornej tkaniny, jest idealny na ch\u0142odniejsze dni i \u015bwie\u017ce wiosenne poranki, \u0142\u0105cz\u0105c praktyczno\u015b\u0107 z wyrafinowan\u0105 mod\u0105. Paleta kolor\u00f3w czerpie inspiracj\u0119 z podwodnego \u015bwiata Kolumbii &#8211; g\u0142\u0119boka, intensywna koralowa [&hellip;]","og_url":"https:\/\/stellalotycz.com\/pl\/produkt\/krotki-plaszczyk-damski-wiazany-w-pasie-kolumbijski-koral\/","og_site_name":"Stella Lotycz","article_modified_time":"2026-01-04T12:39:14+00:00","og_image":[{"width":1755,"height":1755,"url":"https:\/\/stellalotycz.com\/wp-content\/uploads\/2025\/10\/pink_front.png","type":"image\/png"}],"twitter_card":"summary_large_image","schema":{"@context":"https:\/\/schema.org","@graph":[{"@type":"WebPage","@id":"https:\/\/stellalotycz.com\/pl\/produkt\/krotki-plaszczyk-damski-wiazany-w-pasie-kolumbijski-koral\/","url":"https:\/\/stellalotycz.com\/pl\/produkt\/krotki-plaszczyk-damski-wiazany-w-pasie-kolumbijski-koral\/","name":"Kr\u00f3tki p\u0142aszczyk wi\u0105zany w pasie. Kolumbijski Koral - Stella Lotycz","isPartOf":{"@id":"https:\/\/stellalotycz.com\/?currency=usd\/#website"},"primaryImageOfPage":{"@id":"https:\/\/stellalotycz.com\/pl\/produkt\/krotki-plaszczyk-damski-wiazany-w-pasie-kolumbijski-koral\/#primaryimage"},"image":{"@id":"https:\/\/stellalotycz.com\/pl\/produkt\/krotki-plaszczyk-damski-wiazany-w-pasie-kolumbijski-koral\/#primaryimage"},"thumbnailUrl":"https:\/\/stellalotycz.com\/wp-content\/uploads\/2025\/10\/pink_front.png","datePublished":"2025-11-30T17:03:04+00:00","dateModified":"2026-01-04T12:39:14+00:00","breadcrumb":{"@id":"https:\/\/stellalotycz.com\/pl\/produkt\/krotki-plaszczyk-damski-wiazany-w-pasie-kolumbijski-koral\/#breadcrumb"},"inLanguage":"pl-PL","potentialAction":[{"@type":"ReadAction","target":["https:\/\/stellalotycz.com\/pl\/produkt\/krotki-plaszczyk-damski-wiazany-w-pasie-kolumbijski-koral\/"]}]},{"@type":"ImageObject","inLanguage":"pl-PL","@id":"https:\/\/stellalotycz.com\/pl\/produkt\/krotki-plaszczyk-damski-wiazany-w-pasie-kolumbijski-koral\/#primaryimage","url":"https:\/\/stellalotycz.com\/wp-content\/uploads\/2025\/10\/pink_front.png","contentUrl":"https:\/\/stellalotycz.com\/wp-content\/uploads\/2025\/10\/pink_front.png","width":1755,"height":1755},{"@type":"BreadcrumbList","@id":"https:\/\/stellalotycz.com\/pl\/produkt\/krotki-plaszczyk-damski-wiazany-w-pasie-kolumbijski-koral\/#breadcrumb","itemListElement":[{"@type":"ListItem","position":1,"name":"Home","item":"https:\/\/stellalotycz.com\/pl\/"},{"@type":"ListItem","position":2,"name":"Sklep","item":"https:\/\/stellalotycz.com\/pl\/sklep\/"},{"@type":"ListItem","position":3,"name":"Kr\u00f3tki p\u0142aszczyk wi\u0105zany w pasie. Kolumbijski Koral"}]},{"@type":"WebSite","@id":"https:\/\/stellalotycz.com\/?currency=usd\/#website","url":"https:\/\/stellalotycz.com\/?currency=usd\/","name":"Stella Lotycz Fashion Designer","description":"Fashion Designer","publisher":{"@id":"https:\/\/stellalotycz.com\/?currency=usd\/#organization"},"potentialAction":[{"@type":"SearchAction","target":{"@type":"EntryPoint","urlTemplate":"https:\/\/stellalotycz.com\/?currency=usd\/?s={search_term_string}"},"query-input":{"@type":"PropertyValueSpecification","valueRequired":true,"valueName":"search_term_string"}}],"inLanguage":"pl-PL"},{"@type":"Organization","@id":"https:\/\/stellalotycz.com\/?currency=usd\/#organization","name":"Stella Lotycz Fashion Designer","url":"https:\/\/stellalotycz.com\/?currency=usd\/","logo":{"@type":"ImageObject","inLanguage":"pl-PL","@id":"https:\/\/stellalotycz.com\/?currency=usd\/#\/schema\/logo\/image\/","url":"https:\/\/stellalotycz.com\/wp-content\/uploads\/2025\/10\/Stella-Logo-Wektor.svg","contentUrl":"https:\/\/stellalotycz.com\/wp-content\/uploads\/2025\/10\/Stella-Logo-Wektor.svg","caption":"Stella Lotycz Fashion Designer"},"image":{"@id":"https:\/\/stellalotycz.com\/?currency=usd\/#\/schema\/logo\/image\/"}}]}},"_links":{"self":[{"href":"https:\/\/stellalotycz.com\/pl\/wp-json\/wp\/v2\/product\/1351","targetHints":{"allow":["GET"]}}],"collection":[{"href":"https:\/\/stellalotycz.com\/pl\/wp-json\/wp\/v2\/product"}],"about":[{"href":"https:\/\/stellalotycz.com\/pl\/wp-json\/wp\/v2\/types\/product"}],"replies":[{"embeddable":true,"href":"https:\/\/stellalotycz.com\/pl\/wp-json\/wp\/v2\/comments?post=1351"}],"wp:featuredmedia":[{"embeddable":true,"href":"https:\/\/stellalotycz.com\/pl\/wp-json\/wp\/v2\/media\/1352"}],"wp:attachment":[{"href":"https:\/\/stellalotycz.com\/pl\/wp-json\/wp\/v2\/media?parent=1351"}],"wp:term":[{"taxonomy":"product_brand","embeddable":true,"href":"https:\/\/stellalotycz.com\/pl\/wp-json\/wp\/v2\/product_brand?post=1351"},{"taxonomy":"product_cat","embeddable":true,"href":"https:\/\/stellalotycz.com\/pl\/wp-json\/wp\/v2\/product_cat?post=1351"},{"taxonomy":"product_tag","embeddable":true,"href":"https:\/\/stellalotycz.com\/pl\/wp-json\/wp\/v2\/product_tag?post=1351"}],"curies":[{"name":"wp","href":"https:\/\/api.w.org\/{rel}","templated":true}]}}