{"id":1363,"date":"2025-11-30T12:56:07","date_gmt":"2025-11-30T12:56:07","guid":{"rendered":"https:\/\/stella-lotycz-test.kingamiskiewicz.com\/product\/krotki-plaszczyk-wiazany-w-pasie-algi-i-natura\/"},"modified":"2025-12-05T09:22:54","modified_gmt":"2025-12-05T09:22:54","slug":"krotki-plaszczyk-wiazany-w-pasie-algi-i-natura","status":"publish","type":"product","link":"https:\/\/stellalotycz.com\/pl\/produkt\/krotki-plaszczyk-wiazany-w-pasie-algi-i-natura\/","title":{"rendered":"Kr\u00f3tki p\u0142aszczyk wi\u0105zany w pasie . Algi i Natura"},"content":{"rendered":"<table style=\"border-collapse: collapse; width: 433pt;\" width=\"577\">\n<tbody>\n<tr style=\"height: 162.75pt;\">\n<td class=\"xl51\" style=\"width: 433pt; height: 162.75pt;\" width=\"577\" height=\"217\">Odkryj elegancj\u0119 w harmonii z natur\u0105. Ta elegancka kurtka, wi\u0105zana w pasie, subtelnie podkre\u015bla sylwetk\u0119, \u0142\u0105cz\u0105c styl z komfortem noszenia. W kolorze alg na wodzie \u2013 pe\u0142nym g\u0142\u0119bi zieleni przeplataj\u0105cej si\u0119 z energetycznym \u017c\u00f3\u0142tym \u2013 przyci\u0105ga wzrok i dodaje \u015bwie\u017co\u015bci ka\u017cdej stylizacji. \u017bywe odcienie inspirowane ro\u015blinno\u015bci\u0105 wprowadzaj\u0105 do Twojej stylizacji \u015bwie\u017co\u015b\u0107, energi\u0119 i naturaln\u0105 r\u00f3wnowag\u0119.<\/p>\n<p>Wodoodporny materia\u0142 sprawia, \u017ce kurtka doskonale sprawdzi si\u0119 zar\u00f3wno w ch\u0142odniejsze dni, jak i podczas wiosennych porank\u00f3w, oferuj\u0105c komfort, ochron\u0119 i swobod\u0119 ruch\u00f3w. Subtelne detale, starannie dobrane guziki oraz elegancka w\u0142oska podszewka podkre\u015blaj\u0105 dba\u0142o\u015b\u0107 o ka\u017cdy element produktu, \u0142\u0105cz\u0105c luksusowe wyko\u0144czenie z funkcjonalno\u015bci\u0105.<\/td>\n<\/tr>\n<\/tbody>\n<\/table>\n","protected":false},"excerpt":{"rendered":"<p>Odkryj elegancj\u0119 w harmonii z natur\u0105. Ta elegancka kurtka, wi\u0105zana w pasie, subtelnie podkre\u015bla sylwetk\u0119, \u0142\u0105cz\u0105c styl z komfortem noszenia. W kolorze alg na wodzie \u2013 pe\u0142nym g\u0142\u0119bi zieleni przeplataj\u0105cej si\u0119 z energetycznym \u017c\u00f3\u0142tym \u2013 przyci\u0105ga wzrok i dodaje \u015bwie\u017co\u015bci ka\u017cdej stylizacji. \u017bywe odcienie inspirowane ro\u015blinno\u015bci\u0105 wprowadzaj\u0105 do Twojej stylizacji \u015bwie\u017co\u015b\u0107, energi\u0119 i naturaln\u0105 r\u00f3wnowag\u0119. [&hellip;]<\/p>\n","protected":false},"featured_media":1364,"comment_status":"open","ping_status":"closed","template":"","meta":{"_acf_changed":false},"product_brand":[],"product_cat":[62,65,61],"product_tag":[],"class_list":{"0":"post-1363","1":"product","2":"type-product","3":"status-publish","4":"has-post-thumbnail","6":"product_cat-kurtki","7":"product_cat-stella-lotycz-x-stephan-zirwes","8":"product_cat-ubrania","10":"first","11":"instock","12":"shipping-taxable","13":"purchasable","14":"product-type-variable"},"acf":[],"yoast_head":"<!-- This site is optimized with the Yoast SEO plugin v27.3 - https:\/\/yoast.com\/product\/yoast-seo-wordpress\/ -->\n<title>Kr\u00f3tki p\u0142aszczyk wi\u0105zany w pasie . Algi i Natura - Stella Lotycz<\/title>\n<meta name=\"robots\" content=\"index, follow, max-snippet:-1, max-image-preview:large, max-video-preview:-1\" \/>\n<link rel=\"canonical\" href=\"https:\/\/stellalotycz.com\/pl\/produkt\/krotki-plaszczyk-wiazany-w-pasie-algi-i-natura\/\" \/>\n<meta property=\"og:locale\" content=\"pl_PL\" \/>\n<meta property=\"og:type\" content=\"article\" \/>\n<meta property=\"og:title\" content=\"Kr\u00f3tki p\u0142aszczyk wi\u0105zany w pasie . Algi i Natura - Stella Lotycz\" \/>\n<meta property=\"og:description\" content=\"Odkryj elegancj\u0119 w harmonii z natur\u0105. Ta elegancka kurtka, wi\u0105zana w pasie, subtelnie podkre\u015bla sylwetk\u0119, \u0142\u0105cz\u0105c styl z komfortem noszenia. W kolorze alg na wodzie \u2013 pe\u0142nym g\u0142\u0119bi zieleni przeplataj\u0105cej si\u0119 z energetycznym \u017c\u00f3\u0142tym \u2013 przyci\u0105ga wzrok i dodaje \u015bwie\u017co\u015bci ka\u017cdej stylizacji. \u017bywe odcienie inspirowane ro\u015blinno\u015bci\u0105 wprowadzaj\u0105 do Twojej stylizacji \u015bwie\u017co\u015b\u0107, energi\u0119 i naturaln\u0105 r\u00f3wnowag\u0119. [&hellip;]\" \/>\n<meta property=\"og:url\" content=\"https:\/\/stellalotycz.com\/pl\/produkt\/krotki-plaszczyk-wiazany-w-pasie-algi-i-natura\/\" \/>\n<meta property=\"og:site_name\" content=\"Stella Lotycz\" \/>\n<meta property=\"article:modified_time\" content=\"2025-12-05T09:22:54+00:00\" \/>\n<meta property=\"og:image\" content=\"https:\/\/stellalotycz.com\/wp-content\/uploads\/2025\/10\/bright_front_long.png\" \/>\n\t<meta property=\"og:image:width\" content=\"1755\" \/>\n\t<meta property=\"og:image:height\" content=\"1755\" \/>\n\t<meta property=\"og:image:type\" content=\"image\/png\" \/>\n<meta name=\"twitter:card\" content=\"summary_large_image\" \/>\n<script type=\"application\/ld+json\" class=\"yoast-schema-graph\">{\"@context\":\"https:\\\/\\\/schema.org\",\"@graph\":[{\"@type\":\"WebPage\",\"@id\":\"https:\\\/\\\/stellalotycz.com\\\/pl\\\/produkt\\\/krotki-plaszczyk-wiazany-w-pasie-algi-i-natura\\\/\",\"url\":\"https:\\\/\\\/stellalotycz.com\\\/pl\\\/produkt\\\/krotki-plaszczyk-wiazany-w-pasie-algi-i-natura\\\/\",\"name\":\"Kr\u00f3tki p\u0142aszczyk wi\u0105zany w pasie . Algi i Natura - Stella Lotycz\",\"isPartOf\":{\"@id\":\"https:\\\/\\\/stellalotycz.com\\\/?currency=usd\\\/#website\"},\"primaryImageOfPage\":{\"@id\":\"https:\\\/\\\/stellalotycz.com\\\/pl\\\/produkt\\\/krotki-plaszczyk-wiazany-w-pasie-algi-i-natura\\\/#primaryimage\"},\"image\":{\"@id\":\"https:\\\/\\\/stellalotycz.com\\\/pl\\\/produkt\\\/krotki-plaszczyk-wiazany-w-pasie-algi-i-natura\\\/#primaryimage\"},\"thumbnailUrl\":\"https:\\\/\\\/stellalotycz.com\\\/wp-content\\\/uploads\\\/2025\\\/10\\\/bright_front_long.png\",\"datePublished\":\"2025-11-30T12:56:07+00:00\",\"dateModified\":\"2025-12-05T09:22:54+00:00\",\"breadcrumb\":{\"@id\":\"https:\\\/\\\/stellalotycz.com\\\/pl\\\/produkt\\\/krotki-plaszczyk-wiazany-w-pasie-algi-i-natura\\\/#breadcrumb\"},\"inLanguage\":\"pl-PL\",\"potentialAction\":[{\"@type\":\"ReadAction\",\"target\":[\"https:\\\/\\\/stellalotycz.com\\\/pl\\\/produkt\\\/krotki-plaszczyk-wiazany-w-pasie-algi-i-natura\\\/\"]}]},{\"@type\":\"ImageObject\",\"inLanguage\":\"pl-PL\",\"@id\":\"https:\\\/\\\/stellalotycz.com\\\/pl\\\/produkt\\\/krotki-plaszczyk-wiazany-w-pasie-algi-i-natura\\\/#primaryimage\",\"url\":\"https:\\\/\\\/stellalotycz.com\\\/wp-content\\\/uploads\\\/2025\\\/10\\\/bright_front_long.png\",\"contentUrl\":\"https:\\\/\\\/stellalotycz.com\\\/wp-content\\\/uploads\\\/2025\\\/10\\\/bright_front_long.png\",\"width\":1755,\"height\":1755},{\"@type\":\"BreadcrumbList\",\"@id\":\"https:\\\/\\\/stellalotycz.com\\\/pl\\\/produkt\\\/krotki-plaszczyk-wiazany-w-pasie-algi-i-natura\\\/#breadcrumb\",\"itemListElement\":[{\"@type\":\"ListItem\",\"position\":1,\"name\":\"Home\",\"item\":\"https:\\\/\\\/stellalotycz.com\\\/pl\\\/\"},{\"@type\":\"ListItem\",\"position\":2,\"name\":\"Sklep\",\"item\":\"https:\\\/\\\/stellalotycz.com\\\/pl\\\/sklep\\\/\"},{\"@type\":\"ListItem\",\"position\":3,\"name\":\"Kr\u00f3tki p\u0142aszczyk wi\u0105zany w pasie . Algi i Natura\"}]},{\"@type\":\"WebSite\",\"@id\":\"https:\\\/\\\/stellalotycz.com\\\/?currency=usd\\\/#website\",\"url\":\"https:\\\/\\\/stellalotycz.com\\\/?currency=usd\\\/\",\"name\":\"Stella Lotycz Fashion Designer\",\"description\":\"Fashion Designer\",\"publisher\":{\"@id\":\"https:\\\/\\\/stellalotycz.com\\\/?currency=usd\\\/#organization\"},\"potentialAction\":[{\"@type\":\"SearchAction\",\"target\":{\"@type\":\"EntryPoint\",\"urlTemplate\":\"https:\\\/\\\/stellalotycz.com\\\/?currency=usd\\\/?s={search_term_string}\"},\"query-input\":{\"@type\":\"PropertyValueSpecification\",\"valueRequired\":true,\"valueName\":\"search_term_string\"}}],\"inLanguage\":\"pl-PL\"},{\"@type\":\"Organization\",\"@id\":\"https:\\\/\\\/stellalotycz.com\\\/?currency=usd\\\/#organization\",\"name\":\"Stella Lotycz Fashion Designer\",\"url\":\"https:\\\/\\\/stellalotycz.com\\\/?currency=usd\\\/\",\"logo\":{\"@type\":\"ImageObject\",\"inLanguage\":\"pl-PL\",\"@id\":\"https:\\\/\\\/stellalotycz.com\\\/?currency=usd\\\/#\\\/schema\\\/logo\\\/image\\\/\",\"url\":\"https:\\\/\\\/stellalotycz.com\\\/wp-content\\\/uploads\\\/2025\\\/10\\\/Stella-Logo-Wektor.svg\",\"contentUrl\":\"https:\\\/\\\/stellalotycz.com\\\/wp-content\\\/uploads\\\/2025\\\/10\\\/Stella-Logo-Wektor.svg\",\"caption\":\"Stella Lotycz Fashion Designer\"},\"image\":{\"@id\":\"https:\\\/\\\/stellalotycz.com\\\/?currency=usd\\\/#\\\/schema\\\/logo\\\/image\\\/\"}}]}<\/script>\n<!-- \/ Yoast SEO plugin. -->","yoast_head_json":{"title":"Kr\u00f3tki p\u0142aszczyk wi\u0105zany w pasie . Algi i Natura - Stella Lotycz","robots":{"index":"index","follow":"follow","max-snippet":"max-snippet:-1","max-image-preview":"max-image-preview:large","max-video-preview":"max-video-preview:-1"},"canonical":"https:\/\/stellalotycz.com\/pl\/produkt\/krotki-plaszczyk-wiazany-w-pasie-algi-i-natura\/","og_locale":"pl_PL","og_type":"article","og_title":"Kr\u00f3tki p\u0142aszczyk wi\u0105zany w pasie . Algi i Natura - Stella Lotycz","og_description":"Odkryj elegancj\u0119 w harmonii z natur\u0105. Ta elegancka kurtka, wi\u0105zana w pasie, subtelnie podkre\u015bla sylwetk\u0119, \u0142\u0105cz\u0105c styl z komfortem noszenia. W kolorze alg na wodzie \u2013 pe\u0142nym g\u0142\u0119bi zieleni przeplataj\u0105cej si\u0119 z energetycznym \u017c\u00f3\u0142tym \u2013 przyci\u0105ga wzrok i dodaje \u015bwie\u017co\u015bci ka\u017cdej stylizacji. \u017bywe odcienie inspirowane ro\u015blinno\u015bci\u0105 wprowadzaj\u0105 do Twojej stylizacji \u015bwie\u017co\u015b\u0107, energi\u0119 i naturaln\u0105 r\u00f3wnowag\u0119. [&hellip;]","og_url":"https:\/\/stellalotycz.com\/pl\/produkt\/krotki-plaszczyk-wiazany-w-pasie-algi-i-natura\/","og_site_name":"Stella Lotycz","article_modified_time":"2025-12-05T09:22:54+00:00","og_image":[{"width":1755,"height":1755,"url":"https:\/\/stellalotycz.com\/wp-content\/uploads\/2025\/10\/bright_front_long.png","type":"image\/png"}],"twitter_card":"summary_large_image","schema":{"@context":"https:\/\/schema.org","@graph":[{"@type":"WebPage","@id":"https:\/\/stellalotycz.com\/pl\/produkt\/krotki-plaszczyk-wiazany-w-pasie-algi-i-natura\/","url":"https:\/\/stellalotycz.com\/pl\/produkt\/krotki-plaszczyk-wiazany-w-pasie-algi-i-natura\/","name":"Kr\u00f3tki p\u0142aszczyk wi\u0105zany w pasie . Algi i Natura - Stella Lotycz","isPartOf":{"@id":"https:\/\/stellalotycz.com\/?currency=usd\/#website"},"primaryImageOfPage":{"@id":"https:\/\/stellalotycz.com\/pl\/produkt\/krotki-plaszczyk-wiazany-w-pasie-algi-i-natura\/#primaryimage"},"image":{"@id":"https:\/\/stellalotycz.com\/pl\/produkt\/krotki-plaszczyk-wiazany-w-pasie-algi-i-natura\/#primaryimage"},"thumbnailUrl":"https:\/\/stellalotycz.com\/wp-content\/uploads\/2025\/10\/bright_front_long.png","datePublished":"2025-11-30T12:56:07+00:00","dateModified":"2025-12-05T09:22:54+00:00","breadcrumb":{"@id":"https:\/\/stellalotycz.com\/pl\/produkt\/krotki-plaszczyk-wiazany-w-pasie-algi-i-natura\/#breadcrumb"},"inLanguage":"pl-PL","potentialAction":[{"@type":"ReadAction","target":["https:\/\/stellalotycz.com\/pl\/produkt\/krotki-plaszczyk-wiazany-w-pasie-algi-i-natura\/"]}]},{"@type":"ImageObject","inLanguage":"pl-PL","@id":"https:\/\/stellalotycz.com\/pl\/produkt\/krotki-plaszczyk-wiazany-w-pasie-algi-i-natura\/#primaryimage","url":"https:\/\/stellalotycz.com\/wp-content\/uploads\/2025\/10\/bright_front_long.png","contentUrl":"https:\/\/stellalotycz.com\/wp-content\/uploads\/2025\/10\/bright_front_long.png","width":1755,"height":1755},{"@type":"BreadcrumbList","@id":"https:\/\/stellalotycz.com\/pl\/produkt\/krotki-plaszczyk-wiazany-w-pasie-algi-i-natura\/#breadcrumb","itemListElement":[{"@type":"ListItem","position":1,"name":"Home","item":"https:\/\/stellalotycz.com\/pl\/"},{"@type":"ListItem","position":2,"name":"Sklep","item":"https:\/\/stellalotycz.com\/pl\/sklep\/"},{"@type":"ListItem","position":3,"name":"Kr\u00f3tki p\u0142aszczyk wi\u0105zany w pasie . Algi i Natura"}]},{"@type":"WebSite","@id":"https:\/\/stellalotycz.com\/?currency=usd\/#website","url":"https:\/\/stellalotycz.com\/?currency=usd\/","name":"Stella Lotycz Fashion Designer","description":"Fashion Designer","publisher":{"@id":"https:\/\/stellalotycz.com\/?currency=usd\/#organization"},"potentialAction":[{"@type":"SearchAction","target":{"@type":"EntryPoint","urlTemplate":"https:\/\/stellalotycz.com\/?currency=usd\/?s={search_term_string}"},"query-input":{"@type":"PropertyValueSpecification","valueRequired":true,"valueName":"search_term_string"}}],"inLanguage":"pl-PL"},{"@type":"Organization","@id":"https:\/\/stellalotycz.com\/?currency=usd\/#organization","name":"Stella Lotycz Fashion Designer","url":"https:\/\/stellalotycz.com\/?currency=usd\/","logo":{"@type":"ImageObject","inLanguage":"pl-PL","@id":"https:\/\/stellalotycz.com\/?currency=usd\/#\/schema\/logo\/image\/","url":"https:\/\/stellalotycz.com\/wp-content\/uploads\/2025\/10\/Stella-Logo-Wektor.svg","contentUrl":"https:\/\/stellalotycz.com\/wp-content\/uploads\/2025\/10\/Stella-Logo-Wektor.svg","caption":"Stella Lotycz Fashion Designer"},"image":{"@id":"https:\/\/stellalotycz.com\/?currency=usd\/#\/schema\/logo\/image\/"}}]}},"_links":{"self":[{"href":"https:\/\/stellalotycz.com\/pl\/wp-json\/wp\/v2\/product\/1363","targetHints":{"allow":["GET"]}}],"collection":[{"href":"https:\/\/stellalotycz.com\/pl\/wp-json\/wp\/v2\/product"}],"about":[{"href":"https:\/\/stellalotycz.com\/pl\/wp-json\/wp\/v2\/types\/product"}],"replies":[{"embeddable":true,"href":"https:\/\/stellalotycz.com\/pl\/wp-json\/wp\/v2\/comments?post=1363"}],"wp:featuredmedia":[{"embeddable":true,"href":"https:\/\/stellalotycz.com\/pl\/wp-json\/wp\/v2\/media\/1364"}],"wp:attachment":[{"href":"https:\/\/stellalotycz.com\/pl\/wp-json\/wp\/v2\/media?parent=1363"}],"wp:term":[{"taxonomy":"product_brand","embeddable":true,"href":"https:\/\/stellalotycz.com\/pl\/wp-json\/wp\/v2\/product_brand?post=1363"},{"taxonomy":"product_cat","embeddable":true,"href":"https:\/\/stellalotycz.com\/pl\/wp-json\/wp\/v2\/product_cat?post=1363"},{"taxonomy":"product_tag","embeddable":true,"href":"https:\/\/stellalotycz.com\/pl\/wp-json\/wp\/v2\/product_tag?post=1363"}],"curies":[{"name":"wp","href":"https:\/\/api.w.org\/{rel}","templated":true}]}}