{"id":1380,"date":"2025-11-30T17:15:25","date_gmt":"2025-11-30T17:15:25","guid":{"rendered":"https:\/\/stella-lotycz-test.kingamiskiewicz.com\/product\/torba-na-joge-ekwadorskie-glebie\/"},"modified":"2026-01-04T12:40:16","modified_gmt":"2026-01-04T12:40:16","slug":"torba-na-joge-ekwadorskie-glebie","status":"publish","type":"product","link":"https:\/\/stellalotycz.com\/pl\/produkt\/torba-na-joge-ekwadorskie-glebie\/","title":{"rendered":"Torba do jogi Green Reef z zamkiem b\u0142yskawicznym. Kolekcja Ekwadorska"},"content":{"rendered":"<table style=\"border-collapse: collapse; width: 584px; height: 412px;\" width=\"577\">\n<tbody>\n<tr style=\"height: 166.5pt;\">\n<td class=\"xl121\" style=\"width: 433pt; height: 166.5pt;\" width=\"577\" height=\"222\"><span class=\"font11\">Odkryj nasz\u0105 nowoczesn\u0105 poziom\u0105 torb\u0119 do jogi &#8211; unikalny design, kt\u00f3ry \u0142\u0105czy praktyczn\u0105 funkcjonalno\u015b\u0107 z wyrafinowanym stylem. Przestronne wn\u0119trze zawiera bezpieczn\u0105 kiesze\u0144 na suwak, kt\u00f3ra zapewnia porz\u0105dek i \u0142atwy dost\u0119p do niezb\u0119dnych akcesori\u00f3w do jogi. Paski na rami\u0119 umieszczone w ka\u017cdym rogu tworz\u0105 idealny \u0142uk, zapewniaj\u0105c zr\u00f3wnowa\u017cone wsparcie dla maty do jogi i wygodne noszenie ka\u017cdego dnia. Wykonana z naszego charakterystycznego wodoodpornego materia\u0142u, ta elegancka i trwa\u0142a torba do jogi oferuje elegancki wygl\u0105d i d\u0142ugotrwa\u0142\u0105 jako\u015b\u0107. <\/span><\/p>\n<p><span class=\"font11\">Jest idealna nie tylko na zaj\u0119cia jogi, ale tak\u017ce na si\u0142owni\u0119, basen lub dowoln\u0105 aktywno\u015b\u0107 fitness, \u0142\u0105cz\u0105c ponadczasow\u0105 elegancj\u0119 z codzienn\u0105 praktyczno\u015bci\u0105. \u017cywa mieszanka odcieni zieleni, inspirowana podwodnym \u015bwiatem Ekwadoru, przyci\u0105ga wzrok i dodaje energii ka\u017cdemu strojowi. Ta torba do jogi \u0142\u0105czy funkcjonalno\u015b\u0107 z artystycznym designem &#8211; jest idealnym towarzyszem dla kobiet ceni\u0105cych styl, wygod\u0119 i \u015bwiadomy spos\u00f3b \u017cycia.<\/span><\/td>\n<\/tr>\n<\/tbody>\n<\/table>\n","protected":false},"excerpt":{"rendered":"<p>Odkryj nasz\u0105 nowoczesn\u0105 poziom\u0105 torb\u0119 do jogi &#8211; unikalny design, kt\u00f3ry \u0142\u0105czy praktyczn\u0105 funkcjonalno\u015b\u0107 z wyrafinowanym stylem. Przestronne wn\u0119trze zawiera bezpieczn\u0105 kiesze\u0144 na suwak, kt\u00f3ra zapewnia porz\u0105dek i \u0142atwy dost\u0119p do niezb\u0119dnych akcesori\u00f3w do jogi. Paski na rami\u0119 umieszczone w ka\u017cdym rogu tworz\u0105 idealny \u0142uk, zapewniaj\u0105c zr\u00f3wnowa\u017cone wsparcie dla maty do jogi i wygodne noszenie [&hellip;]<\/p>\n","protected":false},"featured_media":2971,"comment_status":"open","ping_status":"closed","template":"","meta":{"_acf_changed":false},"product_brand":[],"product_cat":[66,64,63,67],"product_tag":[],"class_list":{"0":"post-1380","1":"product","2":"type-product","3":"status-publish","4":"has-post-thumbnail","6":"product_cat-akcesoria","7":"product_cat-bestsellery","8":"product_cat-stella-lotycz-x-tomasz-baczkowski","9":"product_cat-torby-na-joge","11":"first","12":"instock","13":"shipping-taxable","14":"purchasable","15":"product-type-simple"},"acf":[],"yoast_head":"<!-- This site is optimized with the Yoast SEO plugin v27.3 - https:\/\/yoast.com\/product\/yoast-seo-wordpress\/ -->\n<title>Torba do jogi Green Reef z zamkiem b\u0142yskawicznym. Kolekcja Ekwadorska - Stella Lotycz<\/title>\n<meta name=\"robots\" content=\"index, follow, max-snippet:-1, max-image-preview:large, max-video-preview:-1\" \/>\n<link rel=\"canonical\" href=\"https:\/\/stellalotycz.com\/produkt\/emerald-green-reef-yoga-bag-with-zipper\/\" \/>\n<meta property=\"og:locale\" content=\"pl_PL\" \/>\n<meta property=\"og:type\" content=\"article\" \/>\n<meta property=\"og:title\" content=\"Torba do jogi Green Reef z zamkiem b\u0142yskawicznym. Kolekcja Ekwadorska - Stella Lotycz\" \/>\n<meta property=\"og:description\" content=\"Odkryj nasz\u0105 nowoczesn\u0105 poziom\u0105 torb\u0119 do jogi &#8211; unikalny design, kt\u00f3ry \u0142\u0105czy praktyczn\u0105 funkcjonalno\u015b\u0107 z wyrafinowanym stylem. Przestronne wn\u0119trze zawiera bezpieczn\u0105 kiesze\u0144 na suwak, kt\u00f3ra zapewnia porz\u0105dek i \u0142atwy dost\u0119p do niezb\u0119dnych akcesori\u00f3w do jogi. Paski na rami\u0119 umieszczone w ka\u017cdym rogu tworz\u0105 idealny \u0142uk, zapewniaj\u0105c zr\u00f3wnowa\u017cone wsparcie dla maty do jogi i wygodne noszenie [&hellip;]\" \/>\n<meta property=\"og:url\" content=\"https:\/\/stellalotycz.com\/produkt\/emerald-green-reef-yoga-bag-with-zipper\/\" \/>\n<meta property=\"og:site_name\" content=\"Stella Lotycz\" \/>\n<meta property=\"article:modified_time\" content=\"2026-01-04T12:40:16+00:00\" \/>\n<meta property=\"og:image\" content=\"https:\/\/stellalotycz.com\/wp-content\/uploads\/2025\/10\/emerald_bag.png\" \/>\n\t<meta property=\"og:image:width\" content=\"1755\" \/>\n\t<meta property=\"og:image:height\" content=\"1755\" \/>\n\t<meta property=\"og:image:type\" content=\"image\/png\" \/>\n<meta name=\"twitter:card\" content=\"summary_large_image\" \/>\n<script type=\"application\/ld+json\" class=\"yoast-schema-graph\">{\"@context\":\"https:\\\/\\\/schema.org\",\"@graph\":[{\"@type\":\"WebPage\",\"@id\":\"https:\\\/\\\/stellalotycz.com\\\/produkt\\\/emerald-green-reef-yoga-bag-with-zipper\\\/\",\"url\":\"https:\\\/\\\/stellalotycz.com\\\/produkt\\\/emerald-green-reef-yoga-bag-with-zipper\\\/\",\"name\":\"Torba do jogi Green Reef z zamkiem b\u0142yskawicznym. Kolekcja Ekwadorska - Stella Lotycz\",\"isPartOf\":{\"@id\":\"https:\\\/\\\/stellalotycz.com\\\/?currency=usd\\\/#website\"},\"primaryImageOfPage\":{\"@id\":\"https:\\\/\\\/stellalotycz.com\\\/produkt\\\/emerald-green-reef-yoga-bag-with-zipper\\\/#primaryimage\"},\"image\":{\"@id\":\"https:\\\/\\\/stellalotycz.com\\\/produkt\\\/emerald-green-reef-yoga-bag-with-zipper\\\/#primaryimage\"},\"thumbnailUrl\":\"https:\\\/\\\/stellalotycz.com\\\/wp-content\\\/uploads\\\/2025\\\/11\\\/aa92e8af-af5c-4636-951d-add3ee127734.png\",\"datePublished\":\"2025-11-30T17:15:25+00:00\",\"dateModified\":\"2026-01-04T12:40:16+00:00\",\"breadcrumb\":{\"@id\":\"https:\\\/\\\/stellalotycz.com\\\/produkt\\\/emerald-green-reef-yoga-bag-with-zipper\\\/#breadcrumb\"},\"inLanguage\":\"pl-PL\",\"potentialAction\":[{\"@type\":\"ReadAction\",\"target\":[\"https:\\\/\\\/stellalotycz.com\\\/produkt\\\/emerald-green-reef-yoga-bag-with-zipper\\\/\"]}]},{\"@type\":\"ImageObject\",\"inLanguage\":\"pl-PL\",\"@id\":\"https:\\\/\\\/stellalotycz.com\\\/produkt\\\/emerald-green-reef-yoga-bag-with-zipper\\\/#primaryimage\",\"url\":\"https:\\\/\\\/stellalotycz.com\\\/wp-content\\\/uploads\\\/2025\\\/11\\\/aa92e8af-af5c-4636-951d-add3ee127734.png\",\"contentUrl\":\"https:\\\/\\\/stellalotycz.com\\\/wp-content\\\/uploads\\\/2025\\\/11\\\/aa92e8af-af5c-4636-951d-add3ee127734.png\",\"width\":1600,\"height\":1600},{\"@type\":\"BreadcrumbList\",\"@id\":\"https:\\\/\\\/stellalotycz.com\\\/produkt\\\/emerald-green-reef-yoga-bag-with-zipper\\\/#breadcrumb\",\"itemListElement\":[{\"@type\":\"ListItem\",\"position\":1,\"name\":\"Home\",\"item\":\"https:\\\/\\\/stellalotycz.com\\\/pl\\\/\"},{\"@type\":\"ListItem\",\"position\":2,\"name\":\"Sklep\",\"item\":\"https:\\\/\\\/stellalotycz.com\\\/pl\\\/sklep\\\/\"},{\"@type\":\"ListItem\",\"position\":3,\"name\":\"Torba na jog\u0119 . Ekwadorskie G\u0142\u0119bie\"}]},{\"@type\":\"WebSite\",\"@id\":\"https:\\\/\\\/stellalotycz.com\\\/?currency=usd\\\/#website\",\"url\":\"https:\\\/\\\/stellalotycz.com\\\/?currency=usd\\\/\",\"name\":\"Stella Lotycz Fashion Designer\",\"description\":\"Fashion Designer\",\"publisher\":{\"@id\":\"https:\\\/\\\/stellalotycz.com\\\/?currency=usd\\\/#organization\"},\"potentialAction\":[{\"@type\":\"SearchAction\",\"target\":{\"@type\":\"EntryPoint\",\"urlTemplate\":\"https:\\\/\\\/stellalotycz.com\\\/?currency=usd\\\/?s={search_term_string}\"},\"query-input\":{\"@type\":\"PropertyValueSpecification\",\"valueRequired\":true,\"valueName\":\"search_term_string\"}}],\"inLanguage\":\"pl-PL\"},{\"@type\":\"Organization\",\"@id\":\"https:\\\/\\\/stellalotycz.com\\\/?currency=usd\\\/#organization\",\"name\":\"Stella Lotycz Fashion Designer\",\"url\":\"https:\\\/\\\/stellalotycz.com\\\/?currency=usd\\\/\",\"logo\":{\"@type\":\"ImageObject\",\"inLanguage\":\"pl-PL\",\"@id\":\"https:\\\/\\\/stellalotycz.com\\\/?currency=usd\\\/#\\\/schema\\\/logo\\\/image\\\/\",\"url\":\"https:\\\/\\\/stellalotycz.com\\\/wp-content\\\/uploads\\\/2025\\\/10\\\/Stella-Logo-Wektor.svg\",\"contentUrl\":\"https:\\\/\\\/stellalotycz.com\\\/wp-content\\\/uploads\\\/2025\\\/10\\\/Stella-Logo-Wektor.svg\",\"caption\":\"Stella Lotycz Fashion Designer\"},\"image\":{\"@id\":\"https:\\\/\\\/stellalotycz.com\\\/?currency=usd\\\/#\\\/schema\\\/logo\\\/image\\\/\"}}]}<\/script>\n<!-- \/ Yoast SEO plugin. -->","yoast_head_json":{"title":"Torba do jogi Green Reef z zamkiem b\u0142yskawicznym. Kolekcja Ekwadorska - Stella Lotycz","robots":{"index":"index","follow":"follow","max-snippet":"max-snippet:-1","max-image-preview":"max-image-preview:large","max-video-preview":"max-video-preview:-1"},"canonical":"https:\/\/stellalotycz.com\/produkt\/emerald-green-reef-yoga-bag-with-zipper\/","og_locale":"pl_PL","og_type":"article","og_title":"Torba do jogi Green Reef z zamkiem b\u0142yskawicznym. Kolekcja Ekwadorska - Stella Lotycz","og_description":"Odkryj nasz\u0105 nowoczesn\u0105 poziom\u0105 torb\u0119 do jogi &#8211; unikalny design, kt\u00f3ry \u0142\u0105czy praktyczn\u0105 funkcjonalno\u015b\u0107 z wyrafinowanym stylem. Przestronne wn\u0119trze zawiera bezpieczn\u0105 kiesze\u0144 na suwak, kt\u00f3ra zapewnia porz\u0105dek i \u0142atwy dost\u0119p do niezb\u0119dnych akcesori\u00f3w do jogi. Paski na rami\u0119 umieszczone w ka\u017cdym rogu tworz\u0105 idealny \u0142uk, zapewniaj\u0105c zr\u00f3wnowa\u017cone wsparcie dla maty do jogi i wygodne noszenie [&hellip;]","og_url":"https:\/\/stellalotycz.com\/produkt\/emerald-green-reef-yoga-bag-with-zipper\/","og_site_name":"Stella Lotycz","article_modified_time":"2026-01-04T12:40:16+00:00","og_image":[{"width":1755,"height":1755,"url":"https:\/\/stellalotycz.com\/wp-content\/uploads\/2025\/10\/emerald_bag.png","type":"image\/png"}],"twitter_card":"summary_large_image","schema":{"@context":"https:\/\/schema.org","@graph":[{"@type":"WebPage","@id":"https:\/\/stellalotycz.com\/produkt\/emerald-green-reef-yoga-bag-with-zipper\/","url":"https:\/\/stellalotycz.com\/produkt\/emerald-green-reef-yoga-bag-with-zipper\/","name":"Torba do jogi Green Reef z zamkiem b\u0142yskawicznym. Kolekcja Ekwadorska - Stella Lotycz","isPartOf":{"@id":"https:\/\/stellalotycz.com\/?currency=usd\/#website"},"primaryImageOfPage":{"@id":"https:\/\/stellalotycz.com\/produkt\/emerald-green-reef-yoga-bag-with-zipper\/#primaryimage"},"image":{"@id":"https:\/\/stellalotycz.com\/produkt\/emerald-green-reef-yoga-bag-with-zipper\/#primaryimage"},"thumbnailUrl":"https:\/\/stellalotycz.com\/wp-content\/uploads\/2025\/11\/aa92e8af-af5c-4636-951d-add3ee127734.png","datePublished":"2025-11-30T17:15:25+00:00","dateModified":"2026-01-04T12:40:16+00:00","breadcrumb":{"@id":"https:\/\/stellalotycz.com\/produkt\/emerald-green-reef-yoga-bag-with-zipper\/#breadcrumb"},"inLanguage":"pl-PL","potentialAction":[{"@type":"ReadAction","target":["https:\/\/stellalotycz.com\/produkt\/emerald-green-reef-yoga-bag-with-zipper\/"]}]},{"@type":"ImageObject","inLanguage":"pl-PL","@id":"https:\/\/stellalotycz.com\/produkt\/emerald-green-reef-yoga-bag-with-zipper\/#primaryimage","url":"https:\/\/stellalotycz.com\/wp-content\/uploads\/2025\/11\/aa92e8af-af5c-4636-951d-add3ee127734.png","contentUrl":"https:\/\/stellalotycz.com\/wp-content\/uploads\/2025\/11\/aa92e8af-af5c-4636-951d-add3ee127734.png","width":1600,"height":1600},{"@type":"BreadcrumbList","@id":"https:\/\/stellalotycz.com\/produkt\/emerald-green-reef-yoga-bag-with-zipper\/#breadcrumb","itemListElement":[{"@type":"ListItem","position":1,"name":"Home","item":"https:\/\/stellalotycz.com\/pl\/"},{"@type":"ListItem","position":2,"name":"Sklep","item":"https:\/\/stellalotycz.com\/pl\/sklep\/"},{"@type":"ListItem","position":3,"name":"Torba na jog\u0119 . Ekwadorskie G\u0142\u0119bie"}]},{"@type":"WebSite","@id":"https:\/\/stellalotycz.com\/?currency=usd\/#website","url":"https:\/\/stellalotycz.com\/?currency=usd\/","name":"Stella Lotycz Fashion Designer","description":"Fashion Designer","publisher":{"@id":"https:\/\/stellalotycz.com\/?currency=usd\/#organization"},"potentialAction":[{"@type":"SearchAction","target":{"@type":"EntryPoint","urlTemplate":"https:\/\/stellalotycz.com\/?currency=usd\/?s={search_term_string}"},"query-input":{"@type":"PropertyValueSpecification","valueRequired":true,"valueName":"search_term_string"}}],"inLanguage":"pl-PL"},{"@type":"Organization","@id":"https:\/\/stellalotycz.com\/?currency=usd\/#organization","name":"Stella Lotycz Fashion Designer","url":"https:\/\/stellalotycz.com\/?currency=usd\/","logo":{"@type":"ImageObject","inLanguage":"pl-PL","@id":"https:\/\/stellalotycz.com\/?currency=usd\/#\/schema\/logo\/image\/","url":"https:\/\/stellalotycz.com\/wp-content\/uploads\/2025\/10\/Stella-Logo-Wektor.svg","contentUrl":"https:\/\/stellalotycz.com\/wp-content\/uploads\/2025\/10\/Stella-Logo-Wektor.svg","caption":"Stella Lotycz Fashion Designer"},"image":{"@id":"https:\/\/stellalotycz.com\/?currency=usd\/#\/schema\/logo\/image\/"}}]}},"_links":{"self":[{"href":"https:\/\/stellalotycz.com\/pl\/wp-json\/wp\/v2\/product\/1380","targetHints":{"allow":["GET"]}}],"collection":[{"href":"https:\/\/stellalotycz.com\/pl\/wp-json\/wp\/v2\/product"}],"about":[{"href":"https:\/\/stellalotycz.com\/pl\/wp-json\/wp\/v2\/types\/product"}],"replies":[{"embeddable":true,"href":"https:\/\/stellalotycz.com\/pl\/wp-json\/wp\/v2\/comments?post=1380"}],"wp:featuredmedia":[{"embeddable":true,"href":"https:\/\/stellalotycz.com\/pl\/wp-json\/wp\/v2\/media\/2971"}],"wp:attachment":[{"href":"https:\/\/stellalotycz.com\/pl\/wp-json\/wp\/v2\/media?parent=1380"}],"wp:term":[{"taxonomy":"product_brand","embeddable":true,"href":"https:\/\/stellalotycz.com\/pl\/wp-json\/wp\/v2\/product_brand?post=1380"},{"taxonomy":"product_cat","embeddable":true,"href":"https:\/\/stellalotycz.com\/pl\/wp-json\/wp\/v2\/product_cat?post=1380"},{"taxonomy":"product_tag","embeddable":true,"href":"https:\/\/stellalotycz.com\/pl\/wp-json\/wp\/v2\/product_tag?post=1380"}],"curies":[{"name":"wp","href":"https:\/\/api.w.org\/{rel}","templated":true}]}}