{"id":1593,"date":"2025-11-30T16:15:22","date_gmt":"2025-11-30T16:15:22","guid":{"rendered":"https:\/\/stella-lotycz-test.kingamiskiewicz.com\/product\/elegancki-plaszcz-z-kapturem-podwodny-szmaragd\/"},"modified":"2026-01-04T12:36:10","modified_gmt":"2026-01-04T12:36:10","slug":"elegancki-plaszcz-z-kapturem-podwodny-szmaragd","status":"publish","type":"product","link":"https:\/\/stellalotycz.com\/pl\/produkt\/elegancki-plaszcz-z-kapturem-podwodny-szmaragd\/","title":{"rendered":"Elegancki wodoodporny przyl\u0105dek. Emerald Ocean"},"content":{"rendered":"<p>Odkryj idealn\u0105 harmoni\u0119 elegancji i funkcjonalno\u015bci w naszej wyj\u0105tkowej pelerynie, wykonanej z najwy\u017cszej jako\u015bci wodoodpornego materia\u0142u. W szmaragdowozielonych odcieniach inspirowanych podwodnym \u015bwiatem &#8211; pi\u0119kne po\u0142\u0105czenie zieleni i b\u0142\u0119kitu &#8211; natura stworzy\u0142a prawdziwe cuda. Ten jedyny w swoim rodzaju produkt \u0142\u0105czy minimalistyczny design z doskona\u0142\u0105 i skuteczn\u0105 ochron\u0105 przed deszczem. Idealny elegancki p\u0142aszcz przeciwdeszczowy na deszczowe dni &#8211; idealny do pracy, na spacery lub wieczory w mie\u015bcie.   <\/p>\n<p>Prosty, elegancki kr\u00f3j pi\u0119knie podkre\u015bla sylwetk\u0119 i pasuje zar\u00f3wno do codziennych, jak i bardziej eleganckich stylizacji \u2013 do pracy, na wieczorn\u0105 kolacj\u0119 czy spacer po mie\u015bcie.To p\u0142aszcz dla kobiet, kt\u00f3re lubi\u0105 czu\u0107 si\u0119 wyj\u0105tkowo w ka\u017cd\u0105 pogod\u0119.  Zam\u00f3w ju\u017c dzi\u015b i wyr\u00f3\u017cnij si\u0119 w deszczow\u0105 pogod\u0119!<\/p>\n<p>Kup teraz i dodaj swojej garderobie odrobin\u0119 szmaragdowej energii podwodnego \u015bwiata. <\/p>\n","protected":false},"excerpt":{"rendered":"<p>Odkryj idealn\u0105 harmoni\u0119 elegancji i funkcjonalno\u015bci w naszej wyj\u0105tkowej pelerynie, wykonanej z najwy\u017cszej jako\u015bci wodoodpornego materia\u0142u. W szmaragdowozielonych odcieniach inspirowanych podwodnym \u015bwiatem &#8211; pi\u0119kne po\u0142\u0105czenie zieleni i b\u0142\u0119kitu &#8211; natura stworzy\u0142a prawdziwe cuda. Ten jedyny w swoim rodzaju produkt \u0142\u0105czy minimalistyczny design z doskona\u0142\u0105 i skuteczn\u0105 ochron\u0105 przed deszczem. Idealny elegancki p\u0142aszcz przeciwdeszczowy na deszczowe [&hellip;]<\/p>\n","protected":false},"featured_media":1594,"comment_status":"open","ping_status":"closed","template":"","meta":{"_acf_changed":false},"product_brand":[],"product_cat":[69,63,61],"product_tag":[],"class_list":{"0":"post-1593","1":"product","2":"type-product","3":"status-publish","4":"has-post-thumbnail","6":"product_cat-plaszcze","7":"product_cat-stella-lotycz-x-tomasz-baczkowski","8":"product_cat-ubrania","10":"first","11":"instock","12":"shipping-taxable","13":"purchasable","14":"product-type-variable"},"acf":[],"yoast_head":"<!-- This site is optimized with the Yoast SEO plugin v27.3 - https:\/\/yoast.com\/product\/yoast-seo-wordpress\/ -->\n<title>Elegancki wodoodporny przyl\u0105dek. Emerald Ocean - Stella Lotycz<\/title>\n<meta name=\"robots\" content=\"index, follow, max-snippet:-1, max-image-preview:large, max-video-preview:-1\" \/>\n<link rel=\"canonical\" href=\"https:\/\/stellalotycz.com\/pl\/produkt\/elegancki-plaszcz-z-kapturem-podwodny-szmaragd\/\" \/>\n<meta property=\"og:locale\" content=\"pl_PL\" \/>\n<meta property=\"og:type\" content=\"article\" \/>\n<meta property=\"og:title\" content=\"Elegancki wodoodporny przyl\u0105dek. Emerald Ocean - Stella Lotycz\" \/>\n<meta property=\"og:description\" content=\"Odkryj idealn\u0105 harmoni\u0119 elegancji i funkcjonalno\u015bci w naszej wyj\u0105tkowej pelerynie, wykonanej z najwy\u017cszej jako\u015bci wodoodpornego materia\u0142u. W szmaragdowozielonych odcieniach inspirowanych podwodnym \u015bwiatem &#8211; pi\u0119kne po\u0142\u0105czenie zieleni i b\u0142\u0119kitu &#8211; natura stworzy\u0142a prawdziwe cuda. Ten jedyny w swoim rodzaju produkt \u0142\u0105czy minimalistyczny design z doskona\u0142\u0105 i skuteczn\u0105 ochron\u0105 przed deszczem. Idealny elegancki p\u0142aszcz przeciwdeszczowy na deszczowe [&hellip;]\" \/>\n<meta property=\"og:url\" content=\"https:\/\/stellalotycz.com\/pl\/produkt\/elegancki-plaszcz-z-kapturem-podwodny-szmaragd\/\" \/>\n<meta property=\"og:site_name\" content=\"Stella Lotycz\" \/>\n<meta property=\"article:modified_time\" content=\"2026-01-04T12:36:10+00:00\" \/>\n<meta property=\"og:image\" content=\"https:\/\/stellalotycz.com\/wp-content\/uploads\/2025\/10\/cape_pastel.png\" \/>\n\t<meta property=\"og:image:width\" content=\"1755\" \/>\n\t<meta property=\"og:image:height\" content=\"1755\" \/>\n\t<meta property=\"og:image:type\" content=\"image\/png\" \/>\n<meta name=\"twitter:card\" content=\"summary_large_image\" \/>\n<script type=\"application\/ld+json\" class=\"yoast-schema-graph\">{\"@context\":\"https:\\\/\\\/schema.org\",\"@graph\":[{\"@type\":\"WebPage\",\"@id\":\"https:\\\/\\\/stellalotycz.com\\\/pl\\\/produkt\\\/elegancki-plaszcz-z-kapturem-podwodny-szmaragd\\\/\",\"url\":\"https:\\\/\\\/stellalotycz.com\\\/pl\\\/produkt\\\/elegancki-plaszcz-z-kapturem-podwodny-szmaragd\\\/\",\"name\":\"Elegancki wodoodporny przyl\u0105dek. Emerald Ocean - Stella Lotycz\",\"isPartOf\":{\"@id\":\"https:\\\/\\\/stellalotycz.com\\\/?currency=usd\\\/#website\"},\"primaryImageOfPage\":{\"@id\":\"https:\\\/\\\/stellalotycz.com\\\/pl\\\/produkt\\\/elegancki-plaszcz-z-kapturem-podwodny-szmaragd\\\/#primaryimage\"},\"image\":{\"@id\":\"https:\\\/\\\/stellalotycz.com\\\/pl\\\/produkt\\\/elegancki-plaszcz-z-kapturem-podwodny-szmaragd\\\/#primaryimage\"},\"thumbnailUrl\":\"https:\\\/\\\/stellalotycz.com\\\/wp-content\\\/uploads\\\/2025\\\/10\\\/cape_pastel.png\",\"datePublished\":\"2025-11-30T16:15:22+00:00\",\"dateModified\":\"2026-01-04T12:36:10+00:00\",\"breadcrumb\":{\"@id\":\"https:\\\/\\\/stellalotycz.com\\\/pl\\\/produkt\\\/elegancki-plaszcz-z-kapturem-podwodny-szmaragd\\\/#breadcrumb\"},\"inLanguage\":\"pl-PL\",\"potentialAction\":[{\"@type\":\"ReadAction\",\"target\":[\"https:\\\/\\\/stellalotycz.com\\\/pl\\\/produkt\\\/elegancki-plaszcz-z-kapturem-podwodny-szmaragd\\\/\"]}]},{\"@type\":\"ImageObject\",\"inLanguage\":\"pl-PL\",\"@id\":\"https:\\\/\\\/stellalotycz.com\\\/pl\\\/produkt\\\/elegancki-plaszcz-z-kapturem-podwodny-szmaragd\\\/#primaryimage\",\"url\":\"https:\\\/\\\/stellalotycz.com\\\/wp-content\\\/uploads\\\/2025\\\/10\\\/cape_pastel.png\",\"contentUrl\":\"https:\\\/\\\/stellalotycz.com\\\/wp-content\\\/uploads\\\/2025\\\/10\\\/cape_pastel.png\",\"width\":1755,\"height\":1755},{\"@type\":\"BreadcrumbList\",\"@id\":\"https:\\\/\\\/stellalotycz.com\\\/pl\\\/produkt\\\/elegancki-plaszcz-z-kapturem-podwodny-szmaragd\\\/#breadcrumb\",\"itemListElement\":[{\"@type\":\"ListItem\",\"position\":1,\"name\":\"Home\",\"item\":\"https:\\\/\\\/stellalotycz.com\\\/pl\\\/\"},{\"@type\":\"ListItem\",\"position\":2,\"name\":\"Sklep\",\"item\":\"https:\\\/\\\/stellalotycz.com\\\/pl\\\/sklep\\\/\"},{\"@type\":\"ListItem\",\"position\":3,\"name\":\"Elegancki p\u0142aszcz z kapturem. Podwodny Szmaragd\"}]},{\"@type\":\"WebSite\",\"@id\":\"https:\\\/\\\/stellalotycz.com\\\/?currency=usd\\\/#website\",\"url\":\"https:\\\/\\\/stellalotycz.com\\\/?currency=usd\\\/\",\"name\":\"Stella Lotycz Fashion Designer\",\"description\":\"Fashion Designer\",\"publisher\":{\"@id\":\"https:\\\/\\\/stellalotycz.com\\\/?currency=usd\\\/#organization\"},\"potentialAction\":[{\"@type\":\"SearchAction\",\"target\":{\"@type\":\"EntryPoint\",\"urlTemplate\":\"https:\\\/\\\/stellalotycz.com\\\/?currency=usd\\\/?s={search_term_string}\"},\"query-input\":{\"@type\":\"PropertyValueSpecification\",\"valueRequired\":true,\"valueName\":\"search_term_string\"}}],\"inLanguage\":\"pl-PL\"},{\"@type\":\"Organization\",\"@id\":\"https:\\\/\\\/stellalotycz.com\\\/?currency=usd\\\/#organization\",\"name\":\"Stella Lotycz Fashion Designer\",\"url\":\"https:\\\/\\\/stellalotycz.com\\\/?currency=usd\\\/\",\"logo\":{\"@type\":\"ImageObject\",\"inLanguage\":\"pl-PL\",\"@id\":\"https:\\\/\\\/stellalotycz.com\\\/?currency=usd\\\/#\\\/schema\\\/logo\\\/image\\\/\",\"url\":\"https:\\\/\\\/stellalotycz.com\\\/wp-content\\\/uploads\\\/2025\\\/10\\\/Stella-Logo-Wektor.svg\",\"contentUrl\":\"https:\\\/\\\/stellalotycz.com\\\/wp-content\\\/uploads\\\/2025\\\/10\\\/Stella-Logo-Wektor.svg\",\"caption\":\"Stella Lotycz Fashion Designer\"},\"image\":{\"@id\":\"https:\\\/\\\/stellalotycz.com\\\/?currency=usd\\\/#\\\/schema\\\/logo\\\/image\\\/\"}}]}<\/script>\n<!-- \/ Yoast SEO plugin. -->","yoast_head_json":{"title":"Elegancki wodoodporny przyl\u0105dek. Emerald Ocean - Stella Lotycz","robots":{"index":"index","follow":"follow","max-snippet":"max-snippet:-1","max-image-preview":"max-image-preview:large","max-video-preview":"max-video-preview:-1"},"canonical":"https:\/\/stellalotycz.com\/pl\/produkt\/elegancki-plaszcz-z-kapturem-podwodny-szmaragd\/","og_locale":"pl_PL","og_type":"article","og_title":"Elegancki wodoodporny przyl\u0105dek. Emerald Ocean - Stella Lotycz","og_description":"Odkryj idealn\u0105 harmoni\u0119 elegancji i funkcjonalno\u015bci w naszej wyj\u0105tkowej pelerynie, wykonanej z najwy\u017cszej jako\u015bci wodoodpornego materia\u0142u. W szmaragdowozielonych odcieniach inspirowanych podwodnym \u015bwiatem &#8211; pi\u0119kne po\u0142\u0105czenie zieleni i b\u0142\u0119kitu &#8211; natura stworzy\u0142a prawdziwe cuda. Ten jedyny w swoim rodzaju produkt \u0142\u0105czy minimalistyczny design z doskona\u0142\u0105 i skuteczn\u0105 ochron\u0105 przed deszczem. Idealny elegancki p\u0142aszcz przeciwdeszczowy na deszczowe [&hellip;]","og_url":"https:\/\/stellalotycz.com\/pl\/produkt\/elegancki-plaszcz-z-kapturem-podwodny-szmaragd\/","og_site_name":"Stella Lotycz","article_modified_time":"2026-01-04T12:36:10+00:00","og_image":[{"width":1755,"height":1755,"url":"https:\/\/stellalotycz.com\/wp-content\/uploads\/2025\/10\/cape_pastel.png","type":"image\/png"}],"twitter_card":"summary_large_image","schema":{"@context":"https:\/\/schema.org","@graph":[{"@type":"WebPage","@id":"https:\/\/stellalotycz.com\/pl\/produkt\/elegancki-plaszcz-z-kapturem-podwodny-szmaragd\/","url":"https:\/\/stellalotycz.com\/pl\/produkt\/elegancki-plaszcz-z-kapturem-podwodny-szmaragd\/","name":"Elegancki wodoodporny przyl\u0105dek. Emerald Ocean - Stella Lotycz","isPartOf":{"@id":"https:\/\/stellalotycz.com\/?currency=usd\/#website"},"primaryImageOfPage":{"@id":"https:\/\/stellalotycz.com\/pl\/produkt\/elegancki-plaszcz-z-kapturem-podwodny-szmaragd\/#primaryimage"},"image":{"@id":"https:\/\/stellalotycz.com\/pl\/produkt\/elegancki-plaszcz-z-kapturem-podwodny-szmaragd\/#primaryimage"},"thumbnailUrl":"https:\/\/stellalotycz.com\/wp-content\/uploads\/2025\/10\/cape_pastel.png","datePublished":"2025-11-30T16:15:22+00:00","dateModified":"2026-01-04T12:36:10+00:00","breadcrumb":{"@id":"https:\/\/stellalotycz.com\/pl\/produkt\/elegancki-plaszcz-z-kapturem-podwodny-szmaragd\/#breadcrumb"},"inLanguage":"pl-PL","potentialAction":[{"@type":"ReadAction","target":["https:\/\/stellalotycz.com\/pl\/produkt\/elegancki-plaszcz-z-kapturem-podwodny-szmaragd\/"]}]},{"@type":"ImageObject","inLanguage":"pl-PL","@id":"https:\/\/stellalotycz.com\/pl\/produkt\/elegancki-plaszcz-z-kapturem-podwodny-szmaragd\/#primaryimage","url":"https:\/\/stellalotycz.com\/wp-content\/uploads\/2025\/10\/cape_pastel.png","contentUrl":"https:\/\/stellalotycz.com\/wp-content\/uploads\/2025\/10\/cape_pastel.png","width":1755,"height":1755},{"@type":"BreadcrumbList","@id":"https:\/\/stellalotycz.com\/pl\/produkt\/elegancki-plaszcz-z-kapturem-podwodny-szmaragd\/#breadcrumb","itemListElement":[{"@type":"ListItem","position":1,"name":"Home","item":"https:\/\/stellalotycz.com\/pl\/"},{"@type":"ListItem","position":2,"name":"Sklep","item":"https:\/\/stellalotycz.com\/pl\/sklep\/"},{"@type":"ListItem","position":3,"name":"Elegancki p\u0142aszcz z kapturem. Podwodny Szmaragd"}]},{"@type":"WebSite","@id":"https:\/\/stellalotycz.com\/?currency=usd\/#website","url":"https:\/\/stellalotycz.com\/?currency=usd\/","name":"Stella Lotycz Fashion Designer","description":"Fashion Designer","publisher":{"@id":"https:\/\/stellalotycz.com\/?currency=usd\/#organization"},"potentialAction":[{"@type":"SearchAction","target":{"@type":"EntryPoint","urlTemplate":"https:\/\/stellalotycz.com\/?currency=usd\/?s={search_term_string}"},"query-input":{"@type":"PropertyValueSpecification","valueRequired":true,"valueName":"search_term_string"}}],"inLanguage":"pl-PL"},{"@type":"Organization","@id":"https:\/\/stellalotycz.com\/?currency=usd\/#organization","name":"Stella Lotycz Fashion Designer","url":"https:\/\/stellalotycz.com\/?currency=usd\/","logo":{"@type":"ImageObject","inLanguage":"pl-PL","@id":"https:\/\/stellalotycz.com\/?currency=usd\/#\/schema\/logo\/image\/","url":"https:\/\/stellalotycz.com\/wp-content\/uploads\/2025\/10\/Stella-Logo-Wektor.svg","contentUrl":"https:\/\/stellalotycz.com\/wp-content\/uploads\/2025\/10\/Stella-Logo-Wektor.svg","caption":"Stella Lotycz Fashion Designer"},"image":{"@id":"https:\/\/stellalotycz.com\/?currency=usd\/#\/schema\/logo\/image\/"}}]}},"_links":{"self":[{"href":"https:\/\/stellalotycz.com\/pl\/wp-json\/wp\/v2\/product\/1593","targetHints":{"allow":["GET"]}}],"collection":[{"href":"https:\/\/stellalotycz.com\/pl\/wp-json\/wp\/v2\/product"}],"about":[{"href":"https:\/\/stellalotycz.com\/pl\/wp-json\/wp\/v2\/types\/product"}],"replies":[{"embeddable":true,"href":"https:\/\/stellalotycz.com\/pl\/wp-json\/wp\/v2\/comments?post=1593"}],"wp:featuredmedia":[{"embeddable":true,"href":"https:\/\/stellalotycz.com\/pl\/wp-json\/wp\/v2\/media\/1594"}],"wp:attachment":[{"href":"https:\/\/stellalotycz.com\/pl\/wp-json\/wp\/v2\/media?parent=1593"}],"wp:term":[{"taxonomy":"product_brand","embeddable":true,"href":"https:\/\/stellalotycz.com\/pl\/wp-json\/wp\/v2\/product_brand?post=1593"},{"taxonomy":"product_cat","embeddable":true,"href":"https:\/\/stellalotycz.com\/pl\/wp-json\/wp\/v2\/product_cat?post=1593"},{"taxonomy":"product_tag","embeddable":true,"href":"https:\/\/stellalotycz.com\/pl\/wp-json\/wp\/v2\/product_tag?post=1593"}],"curies":[{"name":"wp","href":"https:\/\/api.w.org\/{rel}","templated":true}]}}