{"id":1614,"date":"2025-11-30T16:19:31","date_gmt":"2025-11-30T16:19:31","guid":{"rendered":"https:\/\/stella-lotycz-test.kingamiskiewicz.com\/product\/uniwersalna-marynarka-slonce-poranka\/"},"modified":"2026-01-04T12:36:48","modified_gmt":"2026-01-04T12:36:48","slug":"uniwersalna-marynarka-slonce-poranka","status":"publish","type":"product","link":"https:\/\/stellalotycz.com\/pl\/produkt\/uniwersalna-marynarka-slonce-poranka\/","title":{"rendered":"Uniwersalna Marynarka .S\u0142o\u0144ce Poranka"},"content":{"rendered":"<p>Odkryj idealn\u0105 harmoni\u0119 elegancji i praktyczno\u015bci w naszym wyj\u0105tkowym blezerze, kt\u00f3ry doskonale sprawdza si\u0119 jako kurtka, dzi\u0119ki wysokiej jako\u015bci wodoodpornemu materia\u0142owi. W pi\u0119knych odcieniach wschodz\u0105cego s\u0142o\u0144ca, gdzie mo\u017cna zobaczy\u0107 krople rosy z bliska, natura ujawnia swoj\u0105 prawdziw\u0105 magiczn\u0105 stron\u0119. Lekka, wygodna i uniwersalna, idealna do pracy, na spacery, zakupy, wieczorne wyj\u015bcia czy relaks w parku &#8211; zawsze b\u0119dziesz wygl\u0105da\u0107 stylowo i \u015bwie\u017co.  <\/p>\n<p>To co\u015b wi\u0119cej ni\u017c tylko odzie\u017c &#8211; to emocje zaszyte w ka\u017cdym \u015bciegu, pewno\u015b\u0107 siebie w deszczowe dni i komplementy od wszystkich wok\u00f3\u0142. Wykonana z najwy\u017cszej jako\u015bci materia\u0142\u00f3w, gwarantuje sucho\u015b\u0107 i wygod\u0119 bez utraty elegancji. Kup teraz i poczuj magi\u0119 wyj\u0105tkowo\u015bci &#8211; Twoja garderoba zas\u0142uguje na taki skarb!   Zam\u00f3w ju\u017c dzi\u015b i wyr\u00f3\u017cnij si\u0119 w t\u0142umie!<\/p>\n","protected":false},"excerpt":{"rendered":"<p>Odkryj idealn\u0105 harmoni\u0119 elegancji i praktyczno\u015bci w naszym wyj\u0105tkowym blezerze, kt\u00f3ry doskonale sprawdza si\u0119 jako kurtka, dzi\u0119ki wysokiej jako\u015bci wodoodpornemu materia\u0142owi. W pi\u0119knych odcieniach wschodz\u0105cego s\u0142o\u0144ca, gdzie mo\u017cna zobaczy\u0107 krople rosy z bliska, natura ujawnia swoj\u0105 prawdziw\u0105 magiczn\u0105 stron\u0119. Lekka, wygodna i uniwersalna, idealna do pracy, na spacery, zakupy, wieczorne wyj\u015bcia czy relaks w parku [&hellip;]<\/p>\n","protected":false},"featured_media":1615,"comment_status":"open","ping_status":"closed","template":"","meta":{"_acf_changed":false},"product_brand":[],"product_cat":[68,70,61],"product_tag":[],"class_list":{"0":"post-1614","1":"product","2":"type-product","3":"status-publish","4":"has-post-thumbnail","6":"product_cat-marynarki","7":"product_cat-stella-lotycz-x-piotr-stochnij","8":"product_cat-ubrania","10":"first","11":"instock","12":"shipping-taxable","13":"purchasable","14":"product-type-variable"},"acf":[],"yoast_head":"<!-- This site is optimized with the Yoast SEO plugin v27.3 - https:\/\/yoast.com\/product\/yoast-seo-wordpress\/ -->\n<title>Uniwersalna Marynarka .S\u0142o\u0144ce Poranka - Stella Lotycz<\/title>\n<meta name=\"robots\" content=\"index, follow, max-snippet:-1, max-image-preview:large, max-video-preview:-1\" \/>\n<link rel=\"canonical\" href=\"https:\/\/stellalotycz.com\/pl\/produkt\/uniwersalna-marynarka-slonce-poranka\/\" \/>\n<meta property=\"og:locale\" content=\"pl_PL\" \/>\n<meta property=\"og:type\" content=\"article\" \/>\n<meta property=\"og:title\" content=\"Uniwersalna Marynarka .S\u0142o\u0144ce Poranka - Stella Lotycz\" \/>\n<meta property=\"og:description\" content=\"Odkryj idealn\u0105 harmoni\u0119 elegancji i praktyczno\u015bci w naszym wyj\u0105tkowym blezerze, kt\u00f3ry doskonale sprawdza si\u0119 jako kurtka, dzi\u0119ki wysokiej jako\u015bci wodoodpornemu materia\u0142owi. W pi\u0119knych odcieniach wschodz\u0105cego s\u0142o\u0144ca, gdzie mo\u017cna zobaczy\u0107 krople rosy z bliska, natura ujawnia swoj\u0105 prawdziw\u0105 magiczn\u0105 stron\u0119. Lekka, wygodna i uniwersalna, idealna do pracy, na spacery, zakupy, wieczorne wyj\u015bcia czy relaks w parku [&hellip;]\" \/>\n<meta property=\"og:url\" content=\"https:\/\/stellalotycz.com\/pl\/produkt\/uniwersalna-marynarka-slonce-poranka\/\" \/>\n<meta property=\"og:site_name\" content=\"Stella Lotycz\" \/>\n<meta property=\"article:modified_time\" content=\"2026-01-04T12:36:48+00:00\" \/>\n<meta property=\"og:image\" content=\"https:\/\/stellalotycz.com\/wp-content\/uploads\/2025\/10\/front_yellow_blazer.png\" \/>\n\t<meta property=\"og:image:width\" content=\"1755\" \/>\n\t<meta property=\"og:image:height\" content=\"1755\" \/>\n\t<meta property=\"og:image:type\" content=\"image\/png\" \/>\n<meta name=\"twitter:card\" content=\"summary_large_image\" \/>\n<script type=\"application\/ld+json\" class=\"yoast-schema-graph\">{\"@context\":\"https:\\\/\\\/schema.org\",\"@graph\":[{\"@type\":\"WebPage\",\"@id\":\"https:\\\/\\\/stellalotycz.com\\\/pl\\\/produkt\\\/uniwersalna-marynarka-slonce-poranka\\\/\",\"url\":\"https:\\\/\\\/stellalotycz.com\\\/pl\\\/produkt\\\/uniwersalna-marynarka-slonce-poranka\\\/\",\"name\":\"Uniwersalna Marynarka .S\u0142o\u0144ce Poranka - Stella Lotycz\",\"isPartOf\":{\"@id\":\"https:\\\/\\\/stellalotycz.com\\\/?currency=usd\\\/#website\"},\"primaryImageOfPage\":{\"@id\":\"https:\\\/\\\/stellalotycz.com\\\/pl\\\/produkt\\\/uniwersalna-marynarka-slonce-poranka\\\/#primaryimage\"},\"image\":{\"@id\":\"https:\\\/\\\/stellalotycz.com\\\/pl\\\/produkt\\\/uniwersalna-marynarka-slonce-poranka\\\/#primaryimage\"},\"thumbnailUrl\":\"https:\\\/\\\/stellalotycz.com\\\/wp-content\\\/uploads\\\/2025\\\/10\\\/front_yellow_blazer.png\",\"datePublished\":\"2025-11-30T16:19:31+00:00\",\"dateModified\":\"2026-01-04T12:36:48+00:00\",\"breadcrumb\":{\"@id\":\"https:\\\/\\\/stellalotycz.com\\\/pl\\\/produkt\\\/uniwersalna-marynarka-slonce-poranka\\\/#breadcrumb\"},\"inLanguage\":\"pl-PL\",\"potentialAction\":[{\"@type\":\"ReadAction\",\"target\":[\"https:\\\/\\\/stellalotycz.com\\\/pl\\\/produkt\\\/uniwersalna-marynarka-slonce-poranka\\\/\"]}]},{\"@type\":\"ImageObject\",\"inLanguage\":\"pl-PL\",\"@id\":\"https:\\\/\\\/stellalotycz.com\\\/pl\\\/produkt\\\/uniwersalna-marynarka-slonce-poranka\\\/#primaryimage\",\"url\":\"https:\\\/\\\/stellalotycz.com\\\/wp-content\\\/uploads\\\/2025\\\/10\\\/front_yellow_blazer.png\",\"contentUrl\":\"https:\\\/\\\/stellalotycz.com\\\/wp-content\\\/uploads\\\/2025\\\/10\\\/front_yellow_blazer.png\",\"width\":1755,\"height\":1755},{\"@type\":\"BreadcrumbList\",\"@id\":\"https:\\\/\\\/stellalotycz.com\\\/pl\\\/produkt\\\/uniwersalna-marynarka-slonce-poranka\\\/#breadcrumb\",\"itemListElement\":[{\"@type\":\"ListItem\",\"position\":1,\"name\":\"Home\",\"item\":\"https:\\\/\\\/stellalotycz.com\\\/pl\\\/\"},{\"@type\":\"ListItem\",\"position\":2,\"name\":\"Sklep\",\"item\":\"https:\\\/\\\/stellalotycz.com\\\/pl\\\/sklep\\\/\"},{\"@type\":\"ListItem\",\"position\":3,\"name\":\"Uniwersalna Marynarka .S\u0142o\u0144ce Poranka\"}]},{\"@type\":\"WebSite\",\"@id\":\"https:\\\/\\\/stellalotycz.com\\\/?currency=usd\\\/#website\",\"url\":\"https:\\\/\\\/stellalotycz.com\\\/?currency=usd\\\/\",\"name\":\"Stella Lotycz Fashion Designer\",\"description\":\"Fashion Designer\",\"publisher\":{\"@id\":\"https:\\\/\\\/stellalotycz.com\\\/?currency=usd\\\/#organization\"},\"potentialAction\":[{\"@type\":\"SearchAction\",\"target\":{\"@type\":\"EntryPoint\",\"urlTemplate\":\"https:\\\/\\\/stellalotycz.com\\\/?currency=usd\\\/?s={search_term_string}\"},\"query-input\":{\"@type\":\"PropertyValueSpecification\",\"valueRequired\":true,\"valueName\":\"search_term_string\"}}],\"inLanguage\":\"pl-PL\"},{\"@type\":\"Organization\",\"@id\":\"https:\\\/\\\/stellalotycz.com\\\/?currency=usd\\\/#organization\",\"name\":\"Stella Lotycz Fashion Designer\",\"url\":\"https:\\\/\\\/stellalotycz.com\\\/?currency=usd\\\/\",\"logo\":{\"@type\":\"ImageObject\",\"inLanguage\":\"pl-PL\",\"@id\":\"https:\\\/\\\/stellalotycz.com\\\/?currency=usd\\\/#\\\/schema\\\/logo\\\/image\\\/\",\"url\":\"https:\\\/\\\/stellalotycz.com\\\/wp-content\\\/uploads\\\/2025\\\/10\\\/Stella-Logo-Wektor.svg\",\"contentUrl\":\"https:\\\/\\\/stellalotycz.com\\\/wp-content\\\/uploads\\\/2025\\\/10\\\/Stella-Logo-Wektor.svg\",\"caption\":\"Stella Lotycz Fashion Designer\"},\"image\":{\"@id\":\"https:\\\/\\\/stellalotycz.com\\\/?currency=usd\\\/#\\\/schema\\\/logo\\\/image\\\/\"}}]}<\/script>\n<!-- \/ Yoast SEO plugin. -->","yoast_head_json":{"title":"Uniwersalna Marynarka .S\u0142o\u0144ce Poranka - Stella Lotycz","robots":{"index":"index","follow":"follow","max-snippet":"max-snippet:-1","max-image-preview":"max-image-preview:large","max-video-preview":"max-video-preview:-1"},"canonical":"https:\/\/stellalotycz.com\/pl\/produkt\/uniwersalna-marynarka-slonce-poranka\/","og_locale":"pl_PL","og_type":"article","og_title":"Uniwersalna Marynarka .S\u0142o\u0144ce Poranka - Stella Lotycz","og_description":"Odkryj idealn\u0105 harmoni\u0119 elegancji i praktyczno\u015bci w naszym wyj\u0105tkowym blezerze, kt\u00f3ry doskonale sprawdza si\u0119 jako kurtka, dzi\u0119ki wysokiej jako\u015bci wodoodpornemu materia\u0142owi. W pi\u0119knych odcieniach wschodz\u0105cego s\u0142o\u0144ca, gdzie mo\u017cna zobaczy\u0107 krople rosy z bliska, natura ujawnia swoj\u0105 prawdziw\u0105 magiczn\u0105 stron\u0119. Lekka, wygodna i uniwersalna, idealna do pracy, na spacery, zakupy, wieczorne wyj\u015bcia czy relaks w parku [&hellip;]","og_url":"https:\/\/stellalotycz.com\/pl\/produkt\/uniwersalna-marynarka-slonce-poranka\/","og_site_name":"Stella Lotycz","article_modified_time":"2026-01-04T12:36:48+00:00","og_image":[{"width":1755,"height":1755,"url":"https:\/\/stellalotycz.com\/wp-content\/uploads\/2025\/10\/front_yellow_blazer.png","type":"image\/png"}],"twitter_card":"summary_large_image","schema":{"@context":"https:\/\/schema.org","@graph":[{"@type":"WebPage","@id":"https:\/\/stellalotycz.com\/pl\/produkt\/uniwersalna-marynarka-slonce-poranka\/","url":"https:\/\/stellalotycz.com\/pl\/produkt\/uniwersalna-marynarka-slonce-poranka\/","name":"Uniwersalna Marynarka .S\u0142o\u0144ce Poranka - Stella Lotycz","isPartOf":{"@id":"https:\/\/stellalotycz.com\/?currency=usd\/#website"},"primaryImageOfPage":{"@id":"https:\/\/stellalotycz.com\/pl\/produkt\/uniwersalna-marynarka-slonce-poranka\/#primaryimage"},"image":{"@id":"https:\/\/stellalotycz.com\/pl\/produkt\/uniwersalna-marynarka-slonce-poranka\/#primaryimage"},"thumbnailUrl":"https:\/\/stellalotycz.com\/wp-content\/uploads\/2025\/10\/front_yellow_blazer.png","datePublished":"2025-11-30T16:19:31+00:00","dateModified":"2026-01-04T12:36:48+00:00","breadcrumb":{"@id":"https:\/\/stellalotycz.com\/pl\/produkt\/uniwersalna-marynarka-slonce-poranka\/#breadcrumb"},"inLanguage":"pl-PL","potentialAction":[{"@type":"ReadAction","target":["https:\/\/stellalotycz.com\/pl\/produkt\/uniwersalna-marynarka-slonce-poranka\/"]}]},{"@type":"ImageObject","inLanguage":"pl-PL","@id":"https:\/\/stellalotycz.com\/pl\/produkt\/uniwersalna-marynarka-slonce-poranka\/#primaryimage","url":"https:\/\/stellalotycz.com\/wp-content\/uploads\/2025\/10\/front_yellow_blazer.png","contentUrl":"https:\/\/stellalotycz.com\/wp-content\/uploads\/2025\/10\/front_yellow_blazer.png","width":1755,"height":1755},{"@type":"BreadcrumbList","@id":"https:\/\/stellalotycz.com\/pl\/produkt\/uniwersalna-marynarka-slonce-poranka\/#breadcrumb","itemListElement":[{"@type":"ListItem","position":1,"name":"Home","item":"https:\/\/stellalotycz.com\/pl\/"},{"@type":"ListItem","position":2,"name":"Sklep","item":"https:\/\/stellalotycz.com\/pl\/sklep\/"},{"@type":"ListItem","position":3,"name":"Uniwersalna Marynarka .S\u0142o\u0144ce Poranka"}]},{"@type":"WebSite","@id":"https:\/\/stellalotycz.com\/?currency=usd\/#website","url":"https:\/\/stellalotycz.com\/?currency=usd\/","name":"Stella Lotycz Fashion Designer","description":"Fashion Designer","publisher":{"@id":"https:\/\/stellalotycz.com\/?currency=usd\/#organization"},"potentialAction":[{"@type":"SearchAction","target":{"@type":"EntryPoint","urlTemplate":"https:\/\/stellalotycz.com\/?currency=usd\/?s={search_term_string}"},"query-input":{"@type":"PropertyValueSpecification","valueRequired":true,"valueName":"search_term_string"}}],"inLanguage":"pl-PL"},{"@type":"Organization","@id":"https:\/\/stellalotycz.com\/?currency=usd\/#organization","name":"Stella Lotycz Fashion Designer","url":"https:\/\/stellalotycz.com\/?currency=usd\/","logo":{"@type":"ImageObject","inLanguage":"pl-PL","@id":"https:\/\/stellalotycz.com\/?currency=usd\/#\/schema\/logo\/image\/","url":"https:\/\/stellalotycz.com\/wp-content\/uploads\/2025\/10\/Stella-Logo-Wektor.svg","contentUrl":"https:\/\/stellalotycz.com\/wp-content\/uploads\/2025\/10\/Stella-Logo-Wektor.svg","caption":"Stella Lotycz Fashion Designer"},"image":{"@id":"https:\/\/stellalotycz.com\/?currency=usd\/#\/schema\/logo\/image\/"}}]}},"_links":{"self":[{"href":"https:\/\/stellalotycz.com\/pl\/wp-json\/wp\/v2\/product\/1614","targetHints":{"allow":["GET"]}}],"collection":[{"href":"https:\/\/stellalotycz.com\/pl\/wp-json\/wp\/v2\/product"}],"about":[{"href":"https:\/\/stellalotycz.com\/pl\/wp-json\/wp\/v2\/types\/product"}],"replies":[{"embeddable":true,"href":"https:\/\/stellalotycz.com\/pl\/wp-json\/wp\/v2\/comments?post=1614"}],"wp:featuredmedia":[{"embeddable":true,"href":"https:\/\/stellalotycz.com\/pl\/wp-json\/wp\/v2\/media\/1615"}],"wp:attachment":[{"href":"https:\/\/stellalotycz.com\/pl\/wp-json\/wp\/v2\/media?parent=1614"}],"wp:term":[{"taxonomy":"product_brand","embeddable":true,"href":"https:\/\/stellalotycz.com\/pl\/wp-json\/wp\/v2\/product_brand?post=1614"},{"taxonomy":"product_cat","embeddable":true,"href":"https:\/\/stellalotycz.com\/pl\/wp-json\/wp\/v2\/product_cat?post=1614"},{"taxonomy":"product_tag","embeddable":true,"href":"https:\/\/stellalotycz.com\/pl\/wp-json\/wp\/v2\/product_tag?post=1614"}],"curies":[{"name":"wp","href":"https:\/\/api.w.org\/{rel}","templated":true}]}}