{"id":1648,"date":"2025-11-30T16:57:09","date_gmt":"2025-11-30T16:57:09","guid":{"rendered":"https:\/\/stella-lotycz-test.kingamiskiewicz.com\/product\/torba-na-co-dzien-z-artystycznym-nadrukiem-strumien-natury\/"},"modified":"2025-12-15T14:15:28","modified_gmt":"2025-12-15T14:15:28","slug":"torba-na-co-dzien-z-artystycznym-nadrukiem-strumien-natury","status":"publish","type":"product","link":"https:\/\/stellalotycz.com\/pl\/produkt\/torba-na-co-dzien-z-artystycznym-nadrukiem-strumien-natury\/","title":{"rendered":"Torba na co dzie\u0144 z artystycznym nadrukiem. Strumie\u0144 Natury"},"content":{"rendered":"<p>Wygodna torba na co dzie\u0144, kt\u00f3ra sprawdzi si\u0119 w ka\u017cdej sytuacji &#8211; do pracy, na zakupy, spacer po mie\u015bcie czy spontaniczny wypad za miasto. Zosta\u0142a wykonana z najwy\u017cszej jako\u015bci materia\u0142\u00f3w, dzi\u0119ki czemu jest nie tylko trwa\u0142a i praktyczna, ale tak\u017ce przyjemna w dotyku i elegancka w formie. <\/p>\n<p>To, co naprawd\u0119 j\u0105 wyr\u00f3\u017cnia, to nasze autorskie nadruki inspirowane natur\u0105 &#8211; delikatne motywy ro\u015blin, fal, blasku s\u0142o\u0144ca i struktury kamieni. Ka\u017cdy wz\u00f3r zosta\u0142 zaprojektowany z dba\u0142o\u015bci\u0105 o najmniejszy szczeg\u00f3\u0142, by odda\u0107 harmoni\u0119 i pi\u0119kno naturalnych barw. Dzi\u0119ki nim torba zyskuje wyj\u0105tkowy charakter i staje si\u0119 niepowtarzalnym dodatkiem, kt\u00f3ry podkre\u015bli Tw\u00f3j indywidualny styl.  <\/p>\n","protected":false},"excerpt":{"rendered":"<p>&nbsp;<\/p>\n<p>&nbsp;<\/p>\n","protected":false},"featured_media":1649,"comment_status":"open","ping_status":"closed","template":"","meta":{"_acf_changed":false},"product_brand":[],"product_cat":[66,65,71],"product_tag":[],"class_list":{"0":"post-1648","1":"product","2":"type-product","3":"status-publish","4":"has-post-thumbnail","6":"product_cat-akcesoria","7":"product_cat-stella-lotycz-x-stephan-zirwes","8":"product_cat-torby-tote","10":"first","11":"instock","12":"shipping-taxable","13":"purchasable","14":"product-type-simple"},"acf":[],"yoast_head":"<!-- This site is optimized with the Yoast SEO plugin v27.3 - https:\/\/yoast.com\/product\/yoast-seo-wordpress\/ -->\n<title>Torba na co dzie\u0144 z artystycznym nadrukiem. Strumie\u0144 Natury - Stella Lotycz<\/title>\n<meta name=\"robots\" content=\"index, follow, max-snippet:-1, max-image-preview:large, max-video-preview:-1\" \/>\n<link rel=\"canonical\" href=\"https:\/\/stellalotycz.com\/pl\/produkt\/torba-na-co-dzien-z-artystycznym-nadrukiem-strumien-natury\/\" \/>\n<meta property=\"og:locale\" content=\"pl_PL\" \/>\n<meta property=\"og:type\" content=\"article\" \/>\n<meta property=\"og:title\" content=\"Torba na co dzie\u0144 z artystycznym nadrukiem. Strumie\u0144 Natury - Stella Lotycz\" \/>\n<meta property=\"og:description\" content=\"&nbsp; &nbsp;\" \/>\n<meta property=\"og:url\" content=\"https:\/\/stellalotycz.com\/pl\/produkt\/torba-na-co-dzien-z-artystycznym-nadrukiem-strumien-natury\/\" \/>\n<meta property=\"og:site_name\" content=\"Stella Lotycz\" \/>\n<meta property=\"article:modified_time\" content=\"2025-12-15T14:15:28+00:00\" \/>\n<meta property=\"og:image\" content=\"https:\/\/stellalotycz.com\/wp-content\/uploads\/2025\/10\/tote_bag.png\" \/>\n\t<meta property=\"og:image:width\" content=\"1755\" \/>\n\t<meta property=\"og:image:height\" content=\"1755\" \/>\n\t<meta property=\"og:image:type\" content=\"image\/png\" \/>\n<meta name=\"twitter:card\" content=\"summary_large_image\" \/>\n<script type=\"application\/ld+json\" class=\"yoast-schema-graph\">{\"@context\":\"https:\\\/\\\/schema.org\",\"@graph\":[{\"@type\":\"WebPage\",\"@id\":\"https:\\\/\\\/stellalotycz.com\\\/pl\\\/produkt\\\/torba-na-co-dzien-z-artystycznym-nadrukiem-strumien-natury\\\/\",\"url\":\"https:\\\/\\\/stellalotycz.com\\\/pl\\\/produkt\\\/torba-na-co-dzien-z-artystycznym-nadrukiem-strumien-natury\\\/\",\"name\":\"Torba na co dzie\u0144 z artystycznym nadrukiem. Strumie\u0144 Natury - Stella Lotycz\",\"isPartOf\":{\"@id\":\"https:\\\/\\\/stellalotycz.com\\\/?currency=usd\\\/#website\"},\"primaryImageOfPage\":{\"@id\":\"https:\\\/\\\/stellalotycz.com\\\/pl\\\/produkt\\\/torba-na-co-dzien-z-artystycznym-nadrukiem-strumien-natury\\\/#primaryimage\"},\"image\":{\"@id\":\"https:\\\/\\\/stellalotycz.com\\\/pl\\\/produkt\\\/torba-na-co-dzien-z-artystycznym-nadrukiem-strumien-natury\\\/#primaryimage\"},\"thumbnailUrl\":\"https:\\\/\\\/stellalotycz.com\\\/wp-content\\\/uploads\\\/2025\\\/10\\\/tote_bag.png\",\"datePublished\":\"2025-11-30T16:57:09+00:00\",\"dateModified\":\"2025-12-15T14:15:28+00:00\",\"breadcrumb\":{\"@id\":\"https:\\\/\\\/stellalotycz.com\\\/pl\\\/produkt\\\/torba-na-co-dzien-z-artystycznym-nadrukiem-strumien-natury\\\/#breadcrumb\"},\"inLanguage\":\"pl-PL\",\"potentialAction\":[{\"@type\":\"ReadAction\",\"target\":[\"https:\\\/\\\/stellalotycz.com\\\/pl\\\/produkt\\\/torba-na-co-dzien-z-artystycznym-nadrukiem-strumien-natury\\\/\"]}]},{\"@type\":\"ImageObject\",\"inLanguage\":\"pl-PL\",\"@id\":\"https:\\\/\\\/stellalotycz.com\\\/pl\\\/produkt\\\/torba-na-co-dzien-z-artystycznym-nadrukiem-strumien-natury\\\/#primaryimage\",\"url\":\"https:\\\/\\\/stellalotycz.com\\\/wp-content\\\/uploads\\\/2025\\\/10\\\/tote_bag.png\",\"contentUrl\":\"https:\\\/\\\/stellalotycz.com\\\/wp-content\\\/uploads\\\/2025\\\/10\\\/tote_bag.png\",\"width\":1755,\"height\":1755},{\"@type\":\"BreadcrumbList\",\"@id\":\"https:\\\/\\\/stellalotycz.com\\\/pl\\\/produkt\\\/torba-na-co-dzien-z-artystycznym-nadrukiem-strumien-natury\\\/#breadcrumb\",\"itemListElement\":[{\"@type\":\"ListItem\",\"position\":1,\"name\":\"Home\",\"item\":\"https:\\\/\\\/stellalotycz.com\\\/pl\\\/\"},{\"@type\":\"ListItem\",\"position\":2,\"name\":\"Sklep\",\"item\":\"https:\\\/\\\/stellalotycz.com\\\/pl\\\/sklep\\\/\"},{\"@type\":\"ListItem\",\"position\":3,\"name\":\"Torba na co dzie\u0144 z artystycznym nadrukiem. Strumie\u0144 Natury\"}]},{\"@type\":\"WebSite\",\"@id\":\"https:\\\/\\\/stellalotycz.com\\\/?currency=usd\\\/#website\",\"url\":\"https:\\\/\\\/stellalotycz.com\\\/?currency=usd\\\/\",\"name\":\"Stella Lotycz Fashion Designer\",\"description\":\"Fashion Designer\",\"publisher\":{\"@id\":\"https:\\\/\\\/stellalotycz.com\\\/?currency=usd\\\/#organization\"},\"potentialAction\":[{\"@type\":\"SearchAction\",\"target\":{\"@type\":\"EntryPoint\",\"urlTemplate\":\"https:\\\/\\\/stellalotycz.com\\\/?currency=usd\\\/?s={search_term_string}\"},\"query-input\":{\"@type\":\"PropertyValueSpecification\",\"valueRequired\":true,\"valueName\":\"search_term_string\"}}],\"inLanguage\":\"pl-PL\"},{\"@type\":\"Organization\",\"@id\":\"https:\\\/\\\/stellalotycz.com\\\/?currency=usd\\\/#organization\",\"name\":\"Stella Lotycz Fashion Designer\",\"url\":\"https:\\\/\\\/stellalotycz.com\\\/?currency=usd\\\/\",\"logo\":{\"@type\":\"ImageObject\",\"inLanguage\":\"pl-PL\",\"@id\":\"https:\\\/\\\/stellalotycz.com\\\/?currency=usd\\\/#\\\/schema\\\/logo\\\/image\\\/\",\"url\":\"https:\\\/\\\/stellalotycz.com\\\/wp-content\\\/uploads\\\/2025\\\/10\\\/Stella-Logo-Wektor.svg\",\"contentUrl\":\"https:\\\/\\\/stellalotycz.com\\\/wp-content\\\/uploads\\\/2025\\\/10\\\/Stella-Logo-Wektor.svg\",\"caption\":\"Stella Lotycz Fashion Designer\"},\"image\":{\"@id\":\"https:\\\/\\\/stellalotycz.com\\\/?currency=usd\\\/#\\\/schema\\\/logo\\\/image\\\/\"}}]}<\/script>\n<!-- \/ Yoast SEO plugin. -->","yoast_head_json":{"title":"Torba na co dzie\u0144 z artystycznym nadrukiem. Strumie\u0144 Natury - Stella Lotycz","robots":{"index":"index","follow":"follow","max-snippet":"max-snippet:-1","max-image-preview":"max-image-preview:large","max-video-preview":"max-video-preview:-1"},"canonical":"https:\/\/stellalotycz.com\/pl\/produkt\/torba-na-co-dzien-z-artystycznym-nadrukiem-strumien-natury\/","og_locale":"pl_PL","og_type":"article","og_title":"Torba na co dzie\u0144 z artystycznym nadrukiem. Strumie\u0144 Natury - Stella Lotycz","og_description":"&nbsp; &nbsp;","og_url":"https:\/\/stellalotycz.com\/pl\/produkt\/torba-na-co-dzien-z-artystycznym-nadrukiem-strumien-natury\/","og_site_name":"Stella Lotycz","article_modified_time":"2025-12-15T14:15:28+00:00","og_image":[{"width":1755,"height":1755,"url":"https:\/\/stellalotycz.com\/wp-content\/uploads\/2025\/10\/tote_bag.png","type":"image\/png"}],"twitter_card":"summary_large_image","schema":{"@context":"https:\/\/schema.org","@graph":[{"@type":"WebPage","@id":"https:\/\/stellalotycz.com\/pl\/produkt\/torba-na-co-dzien-z-artystycznym-nadrukiem-strumien-natury\/","url":"https:\/\/stellalotycz.com\/pl\/produkt\/torba-na-co-dzien-z-artystycznym-nadrukiem-strumien-natury\/","name":"Torba na co dzie\u0144 z artystycznym nadrukiem. Strumie\u0144 Natury - Stella Lotycz","isPartOf":{"@id":"https:\/\/stellalotycz.com\/?currency=usd\/#website"},"primaryImageOfPage":{"@id":"https:\/\/stellalotycz.com\/pl\/produkt\/torba-na-co-dzien-z-artystycznym-nadrukiem-strumien-natury\/#primaryimage"},"image":{"@id":"https:\/\/stellalotycz.com\/pl\/produkt\/torba-na-co-dzien-z-artystycznym-nadrukiem-strumien-natury\/#primaryimage"},"thumbnailUrl":"https:\/\/stellalotycz.com\/wp-content\/uploads\/2025\/10\/tote_bag.png","datePublished":"2025-11-30T16:57:09+00:00","dateModified":"2025-12-15T14:15:28+00:00","breadcrumb":{"@id":"https:\/\/stellalotycz.com\/pl\/produkt\/torba-na-co-dzien-z-artystycznym-nadrukiem-strumien-natury\/#breadcrumb"},"inLanguage":"pl-PL","potentialAction":[{"@type":"ReadAction","target":["https:\/\/stellalotycz.com\/pl\/produkt\/torba-na-co-dzien-z-artystycznym-nadrukiem-strumien-natury\/"]}]},{"@type":"ImageObject","inLanguage":"pl-PL","@id":"https:\/\/stellalotycz.com\/pl\/produkt\/torba-na-co-dzien-z-artystycznym-nadrukiem-strumien-natury\/#primaryimage","url":"https:\/\/stellalotycz.com\/wp-content\/uploads\/2025\/10\/tote_bag.png","contentUrl":"https:\/\/stellalotycz.com\/wp-content\/uploads\/2025\/10\/tote_bag.png","width":1755,"height":1755},{"@type":"BreadcrumbList","@id":"https:\/\/stellalotycz.com\/pl\/produkt\/torba-na-co-dzien-z-artystycznym-nadrukiem-strumien-natury\/#breadcrumb","itemListElement":[{"@type":"ListItem","position":1,"name":"Home","item":"https:\/\/stellalotycz.com\/pl\/"},{"@type":"ListItem","position":2,"name":"Sklep","item":"https:\/\/stellalotycz.com\/pl\/sklep\/"},{"@type":"ListItem","position":3,"name":"Torba na co dzie\u0144 z artystycznym nadrukiem. Strumie\u0144 Natury"}]},{"@type":"WebSite","@id":"https:\/\/stellalotycz.com\/?currency=usd\/#website","url":"https:\/\/stellalotycz.com\/?currency=usd\/","name":"Stella Lotycz Fashion Designer","description":"Fashion Designer","publisher":{"@id":"https:\/\/stellalotycz.com\/?currency=usd\/#organization"},"potentialAction":[{"@type":"SearchAction","target":{"@type":"EntryPoint","urlTemplate":"https:\/\/stellalotycz.com\/?currency=usd\/?s={search_term_string}"},"query-input":{"@type":"PropertyValueSpecification","valueRequired":true,"valueName":"search_term_string"}}],"inLanguage":"pl-PL"},{"@type":"Organization","@id":"https:\/\/stellalotycz.com\/?currency=usd\/#organization","name":"Stella Lotycz Fashion Designer","url":"https:\/\/stellalotycz.com\/?currency=usd\/","logo":{"@type":"ImageObject","inLanguage":"pl-PL","@id":"https:\/\/stellalotycz.com\/?currency=usd\/#\/schema\/logo\/image\/","url":"https:\/\/stellalotycz.com\/wp-content\/uploads\/2025\/10\/Stella-Logo-Wektor.svg","contentUrl":"https:\/\/stellalotycz.com\/wp-content\/uploads\/2025\/10\/Stella-Logo-Wektor.svg","caption":"Stella Lotycz Fashion Designer"},"image":{"@id":"https:\/\/stellalotycz.com\/?currency=usd\/#\/schema\/logo\/image\/"}}]}},"_links":{"self":[{"href":"https:\/\/stellalotycz.com\/pl\/wp-json\/wp\/v2\/product\/1648","targetHints":{"allow":["GET"]}}],"collection":[{"href":"https:\/\/stellalotycz.com\/pl\/wp-json\/wp\/v2\/product"}],"about":[{"href":"https:\/\/stellalotycz.com\/pl\/wp-json\/wp\/v2\/types\/product"}],"replies":[{"embeddable":true,"href":"https:\/\/stellalotycz.com\/pl\/wp-json\/wp\/v2\/comments?post=1648"}],"wp:featuredmedia":[{"embeddable":true,"href":"https:\/\/stellalotycz.com\/pl\/wp-json\/wp\/v2\/media\/1649"}],"wp:attachment":[{"href":"https:\/\/stellalotycz.com\/pl\/wp-json\/wp\/v2\/media?parent=1648"}],"wp:term":[{"taxonomy":"product_brand","embeddable":true,"href":"https:\/\/stellalotycz.com\/pl\/wp-json\/wp\/v2\/product_brand?post=1648"},{"taxonomy":"product_cat","embeddable":true,"href":"https:\/\/stellalotycz.com\/pl\/wp-json\/wp\/v2\/product_cat?post=1648"},{"taxonomy":"product_tag","embeddable":true,"href":"https:\/\/stellalotycz.com\/pl\/wp-json\/wp\/v2\/product_tag?post=1648"}],"curies":[{"name":"wp","href":"https:\/\/api.w.org\/{rel}","templated":true}]}}