{"id":1968,"date":"2025-12-11T19:14:48","date_gmt":"2025-12-11T19:14:48","guid":{"rendered":"https:\/\/stella-lotycz-test.kingamiskiewicz.com\/product\/torba-na-joge-czerwien-podwodnego-swiata-ekwadoru\/"},"modified":"2026-02-21T21:46:55","modified_gmt":"2026-02-21T21:46:55","slug":"torba-na-joge-czerwien-podwodnego-swiata-ekwadoru","status":"publish","type":"product","link":"https:\/\/stellalotycz.com\/pl\/produkt\/torba-na-joge-czerwien-podwodnego-swiata-ekwadoru\/","title":{"rendered":"Torba na joge . Czerwie\u0144 Podwodnego \u015awiata Ekwadoru"},"content":{"rendered":"<p class=\"p1\">Poznaj nasz\u0105 nowoczesn\u0105, poziom\u0105 torb\u0119 do jogi &#8211; wyj\u0105tkowy projekt \u0142\u0105cz\u0105cy funkcjonalno\u015b\u0107 z wyrafinowanym stylem. Wn\u0119trze torby wyposa\u017cone jest w praktyczn\u0105 kiesze\u0144 na zamek, dzi\u0119ki kt\u00f3rej wszystkie akcesoria do treningu pozostaj\u0105 uporz\u0105dkowane i \u0142atwo dost\u0119pne.<br \/>Paski na ramiona rozmieszczone w ka\u017cdym rogu torby tworz\u0105 idealny \u0142uk, stabilnie podtrzymuj\u0105c mat\u0119 do jogi i zapewniaj\u0105c komfort przenoszenia. Torba wykonana jest z naszego charakterystycznego, wodoodpornego materia\u0142u, kt\u00f3ry nadaje jej elegancki, solidny wygl\u0105d i trwa\u0142o\u015b\u0107 na lata.  <\/p>\n<p class=\"p1\">To prawdziwie wyj\u0105tkowy projekt &#8211; torba elegancka, a jednocze\u015bnie praktyczna, idealna nie tylko na zaj\u0119cia jogi, ale tak\u017ce na si\u0142owni\u0119, basen czy ka\u017cd\u0105 inn\u0105 aktywno\u015b\u0107 fizyczn\u0105. Jej intensywna mieszanka kolor\u00f3w , inspirowana podwodnym swiatem przyci\u0105ga wzrok i dodaje energii ka\u017cdej stylizacji, \u0142\u0105cz\u0105c styl z funkcjonalno\u015bci\u0105. <\/p>\n","protected":false},"excerpt":{"rendered":"<p>Poznaj nasz\u0105 nowoczesn\u0105, poziom\u0105 torb\u0119 do jogi &#8211; wyj\u0105tkowy projekt \u0142\u0105cz\u0105cy funkcjonalno\u015b\u0107 z wyrafinowanym stylem. Wn\u0119trze torby wyposa\u017cone jest w praktyczn\u0105 kiesze\u0144 na zamek, dzi\u0119ki kt\u00f3rej wszystkie akcesoria do treningu pozostaj\u0105 uporz\u0105dkowane i \u0142atwo dost\u0119pne.Paski na ramiona rozmieszczone w ka\u017cdym rogu torby tworz\u0105 idealny \u0142uk, stabilnie podtrzymuj\u0105c mat\u0119 do jogi i zapewniaj\u0105c komfort przenoszenia. Torba [&hellip;]<\/p>\n","protected":false},"featured_media":1969,"comment_status":"open","ping_status":"closed","template":"","meta":{"_acf_changed":false},"product_brand":[],"product_cat":[66,64,63,67],"product_tag":[],"class_list":{"0":"post-1968","1":"product","2":"type-product","3":"status-publish","4":"has-post-thumbnail","6":"product_cat-akcesoria","7":"product_cat-bestsellery","8":"product_cat-stella-lotycz-x-tomasz-baczkowski","9":"product_cat-torby-na-joge","11":"first","12":"instock","13":"shipping-taxable","14":"purchasable","15":"product-type-simple"},"acf":[],"yoast_head":"<!-- This site is optimized with the Yoast SEO plugin v27.3 - https:\/\/yoast.com\/product\/yoast-seo-wordpress\/ -->\n<title>Torba na joge . Czerwie\u0144 Podwodnego \u015awiata Ekwadoru - Stella Lotycz<\/title>\n<meta name=\"robots\" content=\"index, follow, max-snippet:-1, max-image-preview:large, max-video-preview:-1\" \/>\n<link rel=\"canonical\" href=\"https:\/\/stellalotycz.com\/pl\/produkt\/torba-na-joge-czerwien-podwodnego-swiata-ekwadoru\/\" \/>\n<meta property=\"og:locale\" content=\"pl_PL\" \/>\n<meta property=\"og:type\" content=\"article\" \/>\n<meta property=\"og:title\" content=\"Torba na joge . Czerwie\u0144 Podwodnego \u015awiata Ekwadoru - Stella Lotycz\" \/>\n<meta property=\"og:description\" content=\"Poznaj nasz\u0105 nowoczesn\u0105, poziom\u0105 torb\u0119 do jogi &#8211; wyj\u0105tkowy projekt \u0142\u0105cz\u0105cy funkcjonalno\u015b\u0107 z wyrafinowanym stylem. Wn\u0119trze torby wyposa\u017cone jest w praktyczn\u0105 kiesze\u0144 na zamek, dzi\u0119ki kt\u00f3rej wszystkie akcesoria do treningu pozostaj\u0105 uporz\u0105dkowane i \u0142atwo dost\u0119pne.Paski na ramiona rozmieszczone w ka\u017cdym rogu torby tworz\u0105 idealny \u0142uk, stabilnie podtrzymuj\u0105c mat\u0119 do jogi i zapewniaj\u0105c komfort przenoszenia. Torba [&hellip;]\" \/>\n<meta property=\"og:url\" content=\"https:\/\/stellalotycz.com\/pl\/produkt\/torba-na-joge-czerwien-podwodnego-swiata-ekwadoru\/\" \/>\n<meta property=\"og:site_name\" content=\"Stella Lotycz\" \/>\n<meta property=\"article:modified_time\" content=\"2026-02-21T21:46:55+00:00\" \/>\n<meta property=\"og:image\" content=\"https:\/\/stellalotycz.com\/wp-content\/uploads\/2025\/12\/Yoga_Bag_05_Web.png\" \/>\n\t<meta property=\"og:image:width\" content=\"713\" \/>\n\t<meta property=\"og:image:height\" content=\"1070\" \/>\n\t<meta property=\"og:image:type\" content=\"image\/png\" \/>\n<meta name=\"twitter:card\" content=\"summary_large_image\" \/>\n<script type=\"application\/ld+json\" class=\"yoast-schema-graph\">{\"@context\":\"https:\\\/\\\/schema.org\",\"@graph\":[{\"@type\":\"WebPage\",\"@id\":\"https:\\\/\\\/stellalotycz.com\\\/pl\\\/produkt\\\/torba-na-joge-czerwien-podwodnego-swiata-ekwadoru\\\/\",\"url\":\"https:\\\/\\\/stellalotycz.com\\\/pl\\\/produkt\\\/torba-na-joge-czerwien-podwodnego-swiata-ekwadoru\\\/\",\"name\":\"Torba na joge . Czerwie\u0144 Podwodnego \u015awiata Ekwadoru - Stella Lotycz\",\"isPartOf\":{\"@id\":\"https:\\\/\\\/stellalotycz.com\\\/?currency=usd\\\/#website\"},\"primaryImageOfPage\":{\"@id\":\"https:\\\/\\\/stellalotycz.com\\\/pl\\\/produkt\\\/torba-na-joge-czerwien-podwodnego-swiata-ekwadoru\\\/#primaryimage\"},\"image\":{\"@id\":\"https:\\\/\\\/stellalotycz.com\\\/pl\\\/produkt\\\/torba-na-joge-czerwien-podwodnego-swiata-ekwadoru\\\/#primaryimage\"},\"thumbnailUrl\":\"https:\\\/\\\/stellalotycz.com\\\/wp-content\\\/uploads\\\/2025\\\/12\\\/Yoga_Bag_05_Web.png\",\"datePublished\":\"2025-12-11T19:14:48+00:00\",\"dateModified\":\"2026-02-21T21:46:55+00:00\",\"breadcrumb\":{\"@id\":\"https:\\\/\\\/stellalotycz.com\\\/pl\\\/produkt\\\/torba-na-joge-czerwien-podwodnego-swiata-ekwadoru\\\/#breadcrumb\"},\"inLanguage\":\"pl-PL\",\"potentialAction\":[{\"@type\":\"ReadAction\",\"target\":[\"https:\\\/\\\/stellalotycz.com\\\/pl\\\/produkt\\\/torba-na-joge-czerwien-podwodnego-swiata-ekwadoru\\\/\"]}]},{\"@type\":\"ImageObject\",\"inLanguage\":\"pl-PL\",\"@id\":\"https:\\\/\\\/stellalotycz.com\\\/pl\\\/produkt\\\/torba-na-joge-czerwien-podwodnego-swiata-ekwadoru\\\/#primaryimage\",\"url\":\"https:\\\/\\\/stellalotycz.com\\\/wp-content\\\/uploads\\\/2025\\\/12\\\/Yoga_Bag_05_Web.png\",\"contentUrl\":\"https:\\\/\\\/stellalotycz.com\\\/wp-content\\\/uploads\\\/2025\\\/12\\\/Yoga_Bag_05_Web.png\",\"width\":713,\"height\":1070},{\"@type\":\"BreadcrumbList\",\"@id\":\"https:\\\/\\\/stellalotycz.com\\\/pl\\\/produkt\\\/torba-na-joge-czerwien-podwodnego-swiata-ekwadoru\\\/#breadcrumb\",\"itemListElement\":[{\"@type\":\"ListItem\",\"position\":1,\"name\":\"Home\",\"item\":\"https:\\\/\\\/stellalotycz.com\\\/pl\\\/\"},{\"@type\":\"ListItem\",\"position\":2,\"name\":\"Sklep\",\"item\":\"https:\\\/\\\/stellalotycz.com\\\/pl\\\/sklep\\\/\"},{\"@type\":\"ListItem\",\"position\":3,\"name\":\"Torba na joge . Czerwie\u0144 Podwodnego \u015awiata Ekwadoru\"}]},{\"@type\":\"WebSite\",\"@id\":\"https:\\\/\\\/stellalotycz.com\\\/?currency=usd\\\/#website\",\"url\":\"https:\\\/\\\/stellalotycz.com\\\/?currency=usd\\\/\",\"name\":\"Stella Lotycz Fashion Designer\",\"description\":\"Fashion Designer\",\"publisher\":{\"@id\":\"https:\\\/\\\/stellalotycz.com\\\/?currency=usd\\\/#organization\"},\"potentialAction\":[{\"@type\":\"SearchAction\",\"target\":{\"@type\":\"EntryPoint\",\"urlTemplate\":\"https:\\\/\\\/stellalotycz.com\\\/?currency=usd\\\/?s={search_term_string}\"},\"query-input\":{\"@type\":\"PropertyValueSpecification\",\"valueRequired\":true,\"valueName\":\"search_term_string\"}}],\"inLanguage\":\"pl-PL\"},{\"@type\":\"Organization\",\"@id\":\"https:\\\/\\\/stellalotycz.com\\\/?currency=usd\\\/#organization\",\"name\":\"Stella Lotycz Fashion Designer\",\"url\":\"https:\\\/\\\/stellalotycz.com\\\/?currency=usd\\\/\",\"logo\":{\"@type\":\"ImageObject\",\"inLanguage\":\"pl-PL\",\"@id\":\"https:\\\/\\\/stellalotycz.com\\\/?currency=usd\\\/#\\\/schema\\\/logo\\\/image\\\/\",\"url\":\"https:\\\/\\\/stellalotycz.com\\\/wp-content\\\/uploads\\\/2025\\\/10\\\/Stella-Logo-Wektor.svg\",\"contentUrl\":\"https:\\\/\\\/stellalotycz.com\\\/wp-content\\\/uploads\\\/2025\\\/10\\\/Stella-Logo-Wektor.svg\",\"caption\":\"Stella Lotycz Fashion Designer\"},\"image\":{\"@id\":\"https:\\\/\\\/stellalotycz.com\\\/?currency=usd\\\/#\\\/schema\\\/logo\\\/image\\\/\"}}]}<\/script>\n<!-- \/ Yoast SEO plugin. -->","yoast_head_json":{"title":"Torba na joge . Czerwie\u0144 Podwodnego \u015awiata Ekwadoru - Stella Lotycz","robots":{"index":"index","follow":"follow","max-snippet":"max-snippet:-1","max-image-preview":"max-image-preview:large","max-video-preview":"max-video-preview:-1"},"canonical":"https:\/\/stellalotycz.com\/pl\/produkt\/torba-na-joge-czerwien-podwodnego-swiata-ekwadoru\/","og_locale":"pl_PL","og_type":"article","og_title":"Torba na joge . Czerwie\u0144 Podwodnego \u015awiata Ekwadoru - Stella Lotycz","og_description":"Poznaj nasz\u0105 nowoczesn\u0105, poziom\u0105 torb\u0119 do jogi &#8211; wyj\u0105tkowy projekt \u0142\u0105cz\u0105cy funkcjonalno\u015b\u0107 z wyrafinowanym stylem. Wn\u0119trze torby wyposa\u017cone jest w praktyczn\u0105 kiesze\u0144 na zamek, dzi\u0119ki kt\u00f3rej wszystkie akcesoria do treningu pozostaj\u0105 uporz\u0105dkowane i \u0142atwo dost\u0119pne.Paski na ramiona rozmieszczone w ka\u017cdym rogu torby tworz\u0105 idealny \u0142uk, stabilnie podtrzymuj\u0105c mat\u0119 do jogi i zapewniaj\u0105c komfort przenoszenia. Torba [&hellip;]","og_url":"https:\/\/stellalotycz.com\/pl\/produkt\/torba-na-joge-czerwien-podwodnego-swiata-ekwadoru\/","og_site_name":"Stella Lotycz","article_modified_time":"2026-02-21T21:46:55+00:00","og_image":[{"width":713,"height":1070,"url":"https:\/\/stellalotycz.com\/wp-content\/uploads\/2025\/12\/Yoga_Bag_05_Web.png","type":"image\/png"}],"twitter_card":"summary_large_image","schema":{"@context":"https:\/\/schema.org","@graph":[{"@type":"WebPage","@id":"https:\/\/stellalotycz.com\/pl\/produkt\/torba-na-joge-czerwien-podwodnego-swiata-ekwadoru\/","url":"https:\/\/stellalotycz.com\/pl\/produkt\/torba-na-joge-czerwien-podwodnego-swiata-ekwadoru\/","name":"Torba na joge . Czerwie\u0144 Podwodnego \u015awiata Ekwadoru - Stella Lotycz","isPartOf":{"@id":"https:\/\/stellalotycz.com\/?currency=usd\/#website"},"primaryImageOfPage":{"@id":"https:\/\/stellalotycz.com\/pl\/produkt\/torba-na-joge-czerwien-podwodnego-swiata-ekwadoru\/#primaryimage"},"image":{"@id":"https:\/\/stellalotycz.com\/pl\/produkt\/torba-na-joge-czerwien-podwodnego-swiata-ekwadoru\/#primaryimage"},"thumbnailUrl":"https:\/\/stellalotycz.com\/wp-content\/uploads\/2025\/12\/Yoga_Bag_05_Web.png","datePublished":"2025-12-11T19:14:48+00:00","dateModified":"2026-02-21T21:46:55+00:00","breadcrumb":{"@id":"https:\/\/stellalotycz.com\/pl\/produkt\/torba-na-joge-czerwien-podwodnego-swiata-ekwadoru\/#breadcrumb"},"inLanguage":"pl-PL","potentialAction":[{"@type":"ReadAction","target":["https:\/\/stellalotycz.com\/pl\/produkt\/torba-na-joge-czerwien-podwodnego-swiata-ekwadoru\/"]}]},{"@type":"ImageObject","inLanguage":"pl-PL","@id":"https:\/\/stellalotycz.com\/pl\/produkt\/torba-na-joge-czerwien-podwodnego-swiata-ekwadoru\/#primaryimage","url":"https:\/\/stellalotycz.com\/wp-content\/uploads\/2025\/12\/Yoga_Bag_05_Web.png","contentUrl":"https:\/\/stellalotycz.com\/wp-content\/uploads\/2025\/12\/Yoga_Bag_05_Web.png","width":713,"height":1070},{"@type":"BreadcrumbList","@id":"https:\/\/stellalotycz.com\/pl\/produkt\/torba-na-joge-czerwien-podwodnego-swiata-ekwadoru\/#breadcrumb","itemListElement":[{"@type":"ListItem","position":1,"name":"Home","item":"https:\/\/stellalotycz.com\/pl\/"},{"@type":"ListItem","position":2,"name":"Sklep","item":"https:\/\/stellalotycz.com\/pl\/sklep\/"},{"@type":"ListItem","position":3,"name":"Torba na joge . Czerwie\u0144 Podwodnego \u015awiata Ekwadoru"}]},{"@type":"WebSite","@id":"https:\/\/stellalotycz.com\/?currency=usd\/#website","url":"https:\/\/stellalotycz.com\/?currency=usd\/","name":"Stella Lotycz Fashion Designer","description":"Fashion Designer","publisher":{"@id":"https:\/\/stellalotycz.com\/?currency=usd\/#organization"},"potentialAction":[{"@type":"SearchAction","target":{"@type":"EntryPoint","urlTemplate":"https:\/\/stellalotycz.com\/?currency=usd\/?s={search_term_string}"},"query-input":{"@type":"PropertyValueSpecification","valueRequired":true,"valueName":"search_term_string"}}],"inLanguage":"pl-PL"},{"@type":"Organization","@id":"https:\/\/stellalotycz.com\/?currency=usd\/#organization","name":"Stella Lotycz Fashion Designer","url":"https:\/\/stellalotycz.com\/?currency=usd\/","logo":{"@type":"ImageObject","inLanguage":"pl-PL","@id":"https:\/\/stellalotycz.com\/?currency=usd\/#\/schema\/logo\/image\/","url":"https:\/\/stellalotycz.com\/wp-content\/uploads\/2025\/10\/Stella-Logo-Wektor.svg","contentUrl":"https:\/\/stellalotycz.com\/wp-content\/uploads\/2025\/10\/Stella-Logo-Wektor.svg","caption":"Stella Lotycz Fashion Designer"},"image":{"@id":"https:\/\/stellalotycz.com\/?currency=usd\/#\/schema\/logo\/image\/"}}]}},"_links":{"self":[{"href":"https:\/\/stellalotycz.com\/pl\/wp-json\/wp\/v2\/product\/1968","targetHints":{"allow":["GET"]}}],"collection":[{"href":"https:\/\/stellalotycz.com\/pl\/wp-json\/wp\/v2\/product"}],"about":[{"href":"https:\/\/stellalotycz.com\/pl\/wp-json\/wp\/v2\/types\/product"}],"replies":[{"embeddable":true,"href":"https:\/\/stellalotycz.com\/pl\/wp-json\/wp\/v2\/comments?post=1968"}],"wp:featuredmedia":[{"embeddable":true,"href":"https:\/\/stellalotycz.com\/pl\/wp-json\/wp\/v2\/media\/1969"}],"wp:attachment":[{"href":"https:\/\/stellalotycz.com\/pl\/wp-json\/wp\/v2\/media?parent=1968"}],"wp:term":[{"taxonomy":"product_brand","embeddable":true,"href":"https:\/\/stellalotycz.com\/pl\/wp-json\/wp\/v2\/product_brand?post=1968"},{"taxonomy":"product_cat","embeddable":true,"href":"https:\/\/stellalotycz.com\/pl\/wp-json\/wp\/v2\/product_cat?post=1968"},{"taxonomy":"product_tag","embeddable":true,"href":"https:\/\/stellalotycz.com\/pl\/wp-json\/wp\/v2\/product_tag?post=1968"}],"curies":[{"name":"wp","href":"https:\/\/api.w.org\/{rel}","templated":true}]}}