{"id":2314,"date":"2025-12-11T17:38:47","date_gmt":"2025-12-11T17:38:47","guid":{"rendered":"https:\/\/stellalotycz.com\/product\/przyciety-blezer-damski-czerwony-podwodny-swiat-ekwadoru\/"},"modified":"2025-12-11T17:38:47","modified_gmt":"2025-12-11T17:38:47","slug":"przyciety-blezer-damski-czerwony-podwodny-swiat-ekwadoru","status":"publish","type":"product","link":"https:\/\/stellalotycz.com\/pl\/produkt\/przyciety-blezer-damski-czerwony-podwodny-swiat-ekwadoru\/","title":{"rendered":"Przyci\u0119ty blezer damski . Czerwony podwodny \u015bwiat Ekwadoru"},"content":{"rendered":"<p class=\"p1\">Czerwona marynarka damska Underwater World of Ecuador \u0142\u0105czy w sobie pasj\u0119, natur\u0119 i nowoczesne wyrafinowanie. Jego g\u0142\u0119boki czerwony odcie\u0144, inspirowany podwodnymi krajobrazami Ekwadoru, emanuje pewno\u015bci\u0105 siebie i wyrafinowanym urokiem, dodaj\u0105c luksusowy akcent do ka\u017cdego stroju. <\/p>\n<p class=\"p1\">Pi\u0119knie skrojona, podkre\u015blaj\u0105ca kobiec\u0105 sylwetk\u0119 marynarka zapewnia zar\u00f3wno elegancj\u0119, jak i wygod\u0119. Mi\u0119kka, wysokiej jako\u015bci tkanina sprawia, \u017ce jest idealny na spotkania biznesowe, wieczorne wyj\u015bcia lub stylowe spacery po mie\u015bcie. <\/p>\n<p class=\"p1\">Jego przyci\u0119ty kr\u00f3j dodaje lekko\u015bci i elastyczno\u015bci, dzi\u0119ki czemu mo\u017cna go bez wysi\u0142ku \u0142\u0105czy\u0107 ze sp\u00f3dnicami, spodniami lub d\u017cinsami.<\/p>\n<p class=\"p1\">Ponadczasowy model dla kobiet ceni\u0105cych elegancj\u0119, jako\u015b\u0107 i mod\u0119 inspirowan\u0105 natur\u0105. Wykorzystaj energi\u0119 czerwieni i spok\u00f3j g\u0142\u0119bin oceanu, aby uzyska\u0107 wygl\u0105d, kt\u00f3ry emanuje pewno\u015bci\u0105 siebie i wyrafinowaniem. <\/p>\n","protected":false},"excerpt":{"rendered":"<p>Czerwona marynarka damska Underwater World of Ecuador \u0142\u0105czy w sobie pasj\u0119, natur\u0119 i nowoczesne wyrafinowanie. Jego g\u0142\u0119boki czerwony odcie\u0144, inspirowany podwodnymi krajobrazami Ekwadoru, emanuje pewno\u015bci\u0105 siebie i wyrafinowanym urokiem, dodaj\u0105c luksusowy akcent do ka\u017cdego stroju. Pi\u0119knie skrojona, podkre\u015blaj\u0105ca kobiec\u0105 sylwetk\u0119 marynarka zapewnia zar\u00f3wno elegancj\u0119, jak i wygod\u0119. Mi\u0119kka, wysokiej jako\u015bci tkanina sprawia, \u017ce jest idealny [&hellip;]<\/p>\n","protected":false},"featured_media":2315,"comment_status":"open","ping_status":"closed","template":"","meta":{"_acf_changed":false},"product_brand":[],"product_cat":[68,63,61],"product_tag":[],"class_list":{"0":"post-2314","1":"product","2":"type-product","3":"status-publish","4":"has-post-thumbnail","6":"product_cat-marynarki","7":"product_cat-stella-lotycz-x-tomasz-baczkowski","8":"product_cat-ubrania","10":"first","11":"instock","12":"shipping-taxable","13":"purchasable","14":"product-type-variable"},"acf":[],"yoast_head":"<!-- This site is optimized with the Yoast SEO plugin v27.3 - https:\/\/yoast.com\/product\/yoast-seo-wordpress\/ -->\n<title>Przyci\u0119ty blezer damski . Czerwony podwodny \u015bwiat Ekwadoru - Stella Lotycz<\/title>\n<meta name=\"robots\" content=\"index, follow, max-snippet:-1, max-image-preview:large, max-video-preview:-1\" \/>\n<link rel=\"canonical\" href=\"https:\/\/stellalotycz.com\/pl\/produkt\/przyciety-blezer-damski-czerwony-podwodny-swiat-ekwadoru\/\" \/>\n<meta property=\"og:locale\" content=\"pl_PL\" \/>\n<meta property=\"og:type\" content=\"article\" \/>\n<meta property=\"og:title\" content=\"Przyci\u0119ty blezer damski . Czerwony podwodny \u015bwiat Ekwadoru - Stella Lotycz\" \/>\n<meta property=\"og:description\" content=\"Czerwona marynarka damska Underwater World of Ecuador \u0142\u0105czy w sobie pasj\u0119, natur\u0119 i nowoczesne wyrafinowanie. Jego g\u0142\u0119boki czerwony odcie\u0144, inspirowany podwodnymi krajobrazami Ekwadoru, emanuje pewno\u015bci\u0105 siebie i wyrafinowanym urokiem, dodaj\u0105c luksusowy akcent do ka\u017cdego stroju. Pi\u0119knie skrojona, podkre\u015blaj\u0105ca kobiec\u0105 sylwetk\u0119 marynarka zapewnia zar\u00f3wno elegancj\u0119, jak i wygod\u0119. Mi\u0119kka, wysokiej jako\u015bci tkanina sprawia, \u017ce jest idealny [&hellip;]\" \/>\n<meta property=\"og:url\" content=\"https:\/\/stellalotycz.com\/pl\/produkt\/przyciety-blezer-damski-czerwony-podwodny-swiat-ekwadoru\/\" \/>\n<meta property=\"og:site_name\" content=\"Stella Lotycz\" \/>\n<meta property=\"og:image\" content=\"https:\/\/stellalotycz.com\/wp-content\/uploads\/2025\/12\/Stella_18th_02_front.50.png\" \/>\n\t<meta property=\"og:image:width\" content=\"713\" \/>\n\t<meta property=\"og:image:height\" content=\"1068\" \/>\n\t<meta property=\"og:image:type\" content=\"image\/png\" \/>\n<meta name=\"twitter:card\" content=\"summary_large_image\" \/>\n<script type=\"application\/ld+json\" class=\"yoast-schema-graph\">{\"@context\":\"https:\\\/\\\/schema.org\",\"@graph\":[{\"@type\":\"WebPage\",\"@id\":\"https:\\\/\\\/stellalotycz.com\\\/pl\\\/produkt\\\/przyciety-blezer-damski-czerwony-podwodny-swiat-ekwadoru\\\/\",\"url\":\"https:\\\/\\\/stellalotycz.com\\\/pl\\\/produkt\\\/przyciety-blezer-damski-czerwony-podwodny-swiat-ekwadoru\\\/\",\"name\":\"Przyci\u0119ty blezer damski . Czerwony podwodny \u015bwiat Ekwadoru - Stella Lotycz\",\"isPartOf\":{\"@id\":\"https:\\\/\\\/stellalotycz.com\\\/?currency=usd\\\/#website\"},\"primaryImageOfPage\":{\"@id\":\"https:\\\/\\\/stellalotycz.com\\\/pl\\\/produkt\\\/przyciety-blezer-damski-czerwony-podwodny-swiat-ekwadoru\\\/#primaryimage\"},\"image\":{\"@id\":\"https:\\\/\\\/stellalotycz.com\\\/pl\\\/produkt\\\/przyciety-blezer-damski-czerwony-podwodny-swiat-ekwadoru\\\/#primaryimage\"},\"thumbnailUrl\":\"https:\\\/\\\/stellalotycz.com\\\/wp-content\\\/uploads\\\/2025\\\/12\\\/Stella_18th_02_front.50.png\",\"datePublished\":\"2025-12-11T17:38:47+00:00\",\"breadcrumb\":{\"@id\":\"https:\\\/\\\/stellalotycz.com\\\/pl\\\/produkt\\\/przyciety-blezer-damski-czerwony-podwodny-swiat-ekwadoru\\\/#breadcrumb\"},\"inLanguage\":\"pl-PL\",\"potentialAction\":[{\"@type\":\"ReadAction\",\"target\":[\"https:\\\/\\\/stellalotycz.com\\\/pl\\\/produkt\\\/przyciety-blezer-damski-czerwony-podwodny-swiat-ekwadoru\\\/\"]}]},{\"@type\":\"ImageObject\",\"inLanguage\":\"pl-PL\",\"@id\":\"https:\\\/\\\/stellalotycz.com\\\/pl\\\/produkt\\\/przyciety-blezer-damski-czerwony-podwodny-swiat-ekwadoru\\\/#primaryimage\",\"url\":\"https:\\\/\\\/stellalotycz.com\\\/wp-content\\\/uploads\\\/2025\\\/12\\\/Stella_18th_02_front.50.png\",\"contentUrl\":\"https:\\\/\\\/stellalotycz.com\\\/wp-content\\\/uploads\\\/2025\\\/12\\\/Stella_18th_02_front.50.png\",\"width\":713,\"height\":1068},{\"@type\":\"BreadcrumbList\",\"@id\":\"https:\\\/\\\/stellalotycz.com\\\/pl\\\/produkt\\\/przyciety-blezer-damski-czerwony-podwodny-swiat-ekwadoru\\\/#breadcrumb\",\"itemListElement\":[{\"@type\":\"ListItem\",\"position\":1,\"name\":\"Home\",\"item\":\"https:\\\/\\\/stellalotycz.com\\\/pl\\\/\"},{\"@type\":\"ListItem\",\"position\":2,\"name\":\"Sklep\",\"item\":\"https:\\\/\\\/stellalotycz.com\\\/pl\\\/sklep\\\/\"},{\"@type\":\"ListItem\",\"position\":3,\"name\":\"Przyci\u0119ty blezer damski . Czerwony podwodny \u015bwiat Ekwadoru\"}]},{\"@type\":\"WebSite\",\"@id\":\"https:\\\/\\\/stellalotycz.com\\\/?currency=usd\\\/#website\",\"url\":\"https:\\\/\\\/stellalotycz.com\\\/?currency=usd\\\/\",\"name\":\"Stella Lotycz Fashion Designer\",\"description\":\"Fashion Designer\",\"publisher\":{\"@id\":\"https:\\\/\\\/stellalotycz.com\\\/?currency=usd\\\/#organization\"},\"potentialAction\":[{\"@type\":\"SearchAction\",\"target\":{\"@type\":\"EntryPoint\",\"urlTemplate\":\"https:\\\/\\\/stellalotycz.com\\\/?currency=usd\\\/?s={search_term_string}\"},\"query-input\":{\"@type\":\"PropertyValueSpecification\",\"valueRequired\":true,\"valueName\":\"search_term_string\"}}],\"inLanguage\":\"pl-PL\"},{\"@type\":\"Organization\",\"@id\":\"https:\\\/\\\/stellalotycz.com\\\/?currency=usd\\\/#organization\",\"name\":\"Stella Lotycz Fashion Designer\",\"url\":\"https:\\\/\\\/stellalotycz.com\\\/?currency=usd\\\/\",\"logo\":{\"@type\":\"ImageObject\",\"inLanguage\":\"pl-PL\",\"@id\":\"https:\\\/\\\/stellalotycz.com\\\/?currency=usd\\\/#\\\/schema\\\/logo\\\/image\\\/\",\"url\":\"https:\\\/\\\/stellalotycz.com\\\/wp-content\\\/uploads\\\/2025\\\/10\\\/Stella-Logo-Wektor.svg\",\"contentUrl\":\"https:\\\/\\\/stellalotycz.com\\\/wp-content\\\/uploads\\\/2025\\\/10\\\/Stella-Logo-Wektor.svg\",\"caption\":\"Stella Lotycz Fashion Designer\"},\"image\":{\"@id\":\"https:\\\/\\\/stellalotycz.com\\\/?currency=usd\\\/#\\\/schema\\\/logo\\\/image\\\/\"}}]}<\/script>\n<!-- \/ Yoast SEO plugin. -->","yoast_head_json":{"title":"Przyci\u0119ty blezer damski . Czerwony podwodny \u015bwiat Ekwadoru - Stella Lotycz","robots":{"index":"index","follow":"follow","max-snippet":"max-snippet:-1","max-image-preview":"max-image-preview:large","max-video-preview":"max-video-preview:-1"},"canonical":"https:\/\/stellalotycz.com\/pl\/produkt\/przyciety-blezer-damski-czerwony-podwodny-swiat-ekwadoru\/","og_locale":"pl_PL","og_type":"article","og_title":"Przyci\u0119ty blezer damski . Czerwony podwodny \u015bwiat Ekwadoru - Stella Lotycz","og_description":"Czerwona marynarka damska Underwater World of Ecuador \u0142\u0105czy w sobie pasj\u0119, natur\u0119 i nowoczesne wyrafinowanie. Jego g\u0142\u0119boki czerwony odcie\u0144, inspirowany podwodnymi krajobrazami Ekwadoru, emanuje pewno\u015bci\u0105 siebie i wyrafinowanym urokiem, dodaj\u0105c luksusowy akcent do ka\u017cdego stroju. Pi\u0119knie skrojona, podkre\u015blaj\u0105ca kobiec\u0105 sylwetk\u0119 marynarka zapewnia zar\u00f3wno elegancj\u0119, jak i wygod\u0119. Mi\u0119kka, wysokiej jako\u015bci tkanina sprawia, \u017ce jest idealny [&hellip;]","og_url":"https:\/\/stellalotycz.com\/pl\/produkt\/przyciety-blezer-damski-czerwony-podwodny-swiat-ekwadoru\/","og_site_name":"Stella Lotycz","og_image":[{"width":713,"height":1068,"url":"https:\/\/stellalotycz.com\/wp-content\/uploads\/2025\/12\/Stella_18th_02_front.50.png","type":"image\/png"}],"twitter_card":"summary_large_image","schema":{"@context":"https:\/\/schema.org","@graph":[{"@type":"WebPage","@id":"https:\/\/stellalotycz.com\/pl\/produkt\/przyciety-blezer-damski-czerwony-podwodny-swiat-ekwadoru\/","url":"https:\/\/stellalotycz.com\/pl\/produkt\/przyciety-blezer-damski-czerwony-podwodny-swiat-ekwadoru\/","name":"Przyci\u0119ty blezer damski . Czerwony podwodny \u015bwiat Ekwadoru - Stella Lotycz","isPartOf":{"@id":"https:\/\/stellalotycz.com\/?currency=usd\/#website"},"primaryImageOfPage":{"@id":"https:\/\/stellalotycz.com\/pl\/produkt\/przyciety-blezer-damski-czerwony-podwodny-swiat-ekwadoru\/#primaryimage"},"image":{"@id":"https:\/\/stellalotycz.com\/pl\/produkt\/przyciety-blezer-damski-czerwony-podwodny-swiat-ekwadoru\/#primaryimage"},"thumbnailUrl":"https:\/\/stellalotycz.com\/wp-content\/uploads\/2025\/12\/Stella_18th_02_front.50.png","datePublished":"2025-12-11T17:38:47+00:00","breadcrumb":{"@id":"https:\/\/stellalotycz.com\/pl\/produkt\/przyciety-blezer-damski-czerwony-podwodny-swiat-ekwadoru\/#breadcrumb"},"inLanguage":"pl-PL","potentialAction":[{"@type":"ReadAction","target":["https:\/\/stellalotycz.com\/pl\/produkt\/przyciety-blezer-damski-czerwony-podwodny-swiat-ekwadoru\/"]}]},{"@type":"ImageObject","inLanguage":"pl-PL","@id":"https:\/\/stellalotycz.com\/pl\/produkt\/przyciety-blezer-damski-czerwony-podwodny-swiat-ekwadoru\/#primaryimage","url":"https:\/\/stellalotycz.com\/wp-content\/uploads\/2025\/12\/Stella_18th_02_front.50.png","contentUrl":"https:\/\/stellalotycz.com\/wp-content\/uploads\/2025\/12\/Stella_18th_02_front.50.png","width":713,"height":1068},{"@type":"BreadcrumbList","@id":"https:\/\/stellalotycz.com\/pl\/produkt\/przyciety-blezer-damski-czerwony-podwodny-swiat-ekwadoru\/#breadcrumb","itemListElement":[{"@type":"ListItem","position":1,"name":"Home","item":"https:\/\/stellalotycz.com\/pl\/"},{"@type":"ListItem","position":2,"name":"Sklep","item":"https:\/\/stellalotycz.com\/pl\/sklep\/"},{"@type":"ListItem","position":3,"name":"Przyci\u0119ty blezer damski . Czerwony podwodny \u015bwiat Ekwadoru"}]},{"@type":"WebSite","@id":"https:\/\/stellalotycz.com\/?currency=usd\/#website","url":"https:\/\/stellalotycz.com\/?currency=usd\/","name":"Stella Lotycz Fashion Designer","description":"Fashion Designer","publisher":{"@id":"https:\/\/stellalotycz.com\/?currency=usd\/#organization"},"potentialAction":[{"@type":"SearchAction","target":{"@type":"EntryPoint","urlTemplate":"https:\/\/stellalotycz.com\/?currency=usd\/?s={search_term_string}"},"query-input":{"@type":"PropertyValueSpecification","valueRequired":true,"valueName":"search_term_string"}}],"inLanguage":"pl-PL"},{"@type":"Organization","@id":"https:\/\/stellalotycz.com\/?currency=usd\/#organization","name":"Stella Lotycz Fashion Designer","url":"https:\/\/stellalotycz.com\/?currency=usd\/","logo":{"@type":"ImageObject","inLanguage":"pl-PL","@id":"https:\/\/stellalotycz.com\/?currency=usd\/#\/schema\/logo\/image\/","url":"https:\/\/stellalotycz.com\/wp-content\/uploads\/2025\/10\/Stella-Logo-Wektor.svg","contentUrl":"https:\/\/stellalotycz.com\/wp-content\/uploads\/2025\/10\/Stella-Logo-Wektor.svg","caption":"Stella Lotycz Fashion Designer"},"image":{"@id":"https:\/\/stellalotycz.com\/?currency=usd\/#\/schema\/logo\/image\/"}}]}},"_links":{"self":[{"href":"https:\/\/stellalotycz.com\/pl\/wp-json\/wp\/v2\/product\/2314","targetHints":{"allow":["GET"]}}],"collection":[{"href":"https:\/\/stellalotycz.com\/pl\/wp-json\/wp\/v2\/product"}],"about":[{"href":"https:\/\/stellalotycz.com\/pl\/wp-json\/wp\/v2\/types\/product"}],"replies":[{"embeddable":true,"href":"https:\/\/stellalotycz.com\/pl\/wp-json\/wp\/v2\/comments?post=2314"}],"wp:featuredmedia":[{"embeddable":true,"href":"https:\/\/stellalotycz.com\/pl\/wp-json\/wp\/v2\/media\/2315"}],"wp:attachment":[{"href":"https:\/\/stellalotycz.com\/pl\/wp-json\/wp\/v2\/media?parent=2314"}],"wp:term":[{"taxonomy":"product_brand","embeddable":true,"href":"https:\/\/stellalotycz.com\/pl\/wp-json\/wp\/v2\/product_brand?post=2314"},{"taxonomy":"product_cat","embeddable":true,"href":"https:\/\/stellalotycz.com\/pl\/wp-json\/wp\/v2\/product_cat?post=2314"},{"taxonomy":"product_tag","embeddable":true,"href":"https:\/\/stellalotycz.com\/pl\/wp-json\/wp\/v2\/product_tag?post=2314"}],"curies":[{"name":"wp","href":"https:\/\/api.w.org\/{rel}","templated":true}]}}