{"id":2330,"date":"2025-12-11T17:58:06","date_gmt":"2025-12-11T17:58:06","guid":{"rendered":"https:\/\/stellalotycz.com\/product\/krotka-marynarka-damska-stream-of-nature\/"},"modified":"2025-12-11T17:58:06","modified_gmt":"2025-12-11T17:58:06","slug":"krotka-marynarka-damska-stream-of-nature","status":"publish","type":"product","link":"https:\/\/stellalotycz.com\/pl\/produkt\/krotka-marynarka-damska-stream-of-nature\/","title":{"rendered":"Kr\u00f3tka marynarka damska &#8211; Stream of Nature."},"content":{"rendered":"<p class=\"p1\">Odkryj wyj\u0105tkow\u0105 harmoni\u0119 stylu i wygody. Elegancka marynarka damska w odcieniu inspirowanym wod\u0105 p\u0142yn\u0105c\u0105 po ska\u0142ach &#8211; z pi\u0119knymi, ciep\u0142ymi odcieniami br\u0105zu zaczerpni\u0119tymi z natury &#8211; urzeka wyrafinowanym, kobiecym krojem. Kr\u00f3tka marynarka to doskona\u0142y wyb\u00f3r na spotkanie biznesowe, kolacj\u0119 czy spacer po mie\u015bcie. Wykonana z mi\u0119kkiej, przyjemnej w dotyku tkaniny zapewnia komfort noszenia przez ca\u0142y dzie\u0144. Elegancki kr\u00f3j pi\u0119knie podkre\u015bla sylwetk\u0119, a uniwersalny design sprawia, \u017ce sprawdzi si\u0119 w wielu stylizacjach &#8211; od klasycznych po nowoczesne. Mo\u017cna go nosi\u0107 w wersji idealnie dopasowanej lub nieco bardziej lu\u017anej, w zale\u017cno\u015bci od okazji i indywidualnego stylu. Ten ponadczasowy model \u0142\u0105czy w sobie klas\u0119, lekko\u015b\u0107 i nowoczesn\u0105 prostot\u0119. Stylowa marynarka na co dzie\u0144 i na specjalne okazje &#8211; dla kobiet ceni\u0105cych elegancj\u0119, jako\u015b\u0107 i niepowtarzalny, inspirowany natur\u0105 design.     <\/p>\n","protected":false},"excerpt":{"rendered":"<p>Odkryj wyj\u0105tkow\u0105 harmoni\u0119 stylu i wygody. Elegancka marynarka damska w odcieniu inspirowanym wod\u0105 p\u0142yn\u0105c\u0105 po ska\u0142ach &#8211; z pi\u0119knymi, ciep\u0142ymi odcieniami br\u0105zu zaczerpni\u0119tymi z natury &#8211; urzeka wyrafinowanym, kobiecym krojem. Kr\u00f3tka marynarka to doskona\u0142y wyb\u00f3r na spotkanie biznesowe, kolacj\u0119 czy spacer po mie\u015bcie. Wykonana z mi\u0119kkiej, przyjemnej w dotyku tkaniny zapewnia komfort noszenia przez ca\u0142y [&hellip;]<\/p>\n","protected":false},"featured_media":2331,"comment_status":"open","ping_status":"closed","template":"","meta":{"_acf_changed":false},"product_brand":[],"product_cat":[68,65,61],"product_tag":[],"class_list":{"0":"post-2330","1":"product","2":"type-product","3":"status-publish","4":"has-post-thumbnail","6":"product_cat-marynarki","7":"product_cat-stella-lotycz-x-stephan-zirwes","8":"product_cat-ubrania","10":"first","11":"instock","12":"shipping-taxable","13":"purchasable","14":"product-type-variable"},"acf":[],"yoast_head":"<!-- This site is optimized with the Yoast SEO plugin v27.3 - https:\/\/yoast.com\/product\/yoast-seo-wordpress\/ -->\n<title>Kr\u00f3tka marynarka damska - Stream of Nature. - Stella Lotycz<\/title>\n<meta name=\"robots\" content=\"index, follow, max-snippet:-1, max-image-preview:large, max-video-preview:-1\" \/>\n<link rel=\"canonical\" href=\"https:\/\/stellalotycz.com\/pl\/produkt\/krotka-marynarka-damska-stream-of-nature\/\" \/>\n<meta property=\"og:locale\" content=\"pl_PL\" \/>\n<meta property=\"og:type\" content=\"article\" \/>\n<meta property=\"og:title\" content=\"Kr\u00f3tka marynarka damska - Stream of Nature. - Stella Lotycz\" \/>\n<meta property=\"og:description\" content=\"Odkryj wyj\u0105tkow\u0105 harmoni\u0119 stylu i wygody. Elegancka marynarka damska w odcieniu inspirowanym wod\u0105 p\u0142yn\u0105c\u0105 po ska\u0142ach &#8211; z pi\u0119knymi, ciep\u0142ymi odcieniami br\u0105zu zaczerpni\u0119tymi z natury &#8211; urzeka wyrafinowanym, kobiecym krojem. Kr\u00f3tka marynarka to doskona\u0142y wyb\u00f3r na spotkanie biznesowe, kolacj\u0119 czy spacer po mie\u015bcie. Wykonana z mi\u0119kkiej, przyjemnej w dotyku tkaniny zapewnia komfort noszenia przez ca\u0142y [&hellip;]\" \/>\n<meta property=\"og:url\" content=\"https:\/\/stellalotycz.com\/pl\/produkt\/krotka-marynarka-damska-stream-of-nature\/\" \/>\n<meta property=\"og:site_name\" content=\"Stella Lotycz\" \/>\n<meta property=\"og:image\" content=\"https:\/\/stellalotycz.com\/wp-content\/uploads\/2025\/12\/Stella_Update_01.50.png\" \/>\n\t<meta property=\"og:image:width\" content=\"713\" \/>\n\t<meta property=\"og:image:height\" content=\"1068\" \/>\n\t<meta property=\"og:image:type\" content=\"image\/png\" \/>\n<meta name=\"twitter:card\" content=\"summary_large_image\" \/>\n<script type=\"application\/ld+json\" class=\"yoast-schema-graph\">{\"@context\":\"https:\\\/\\\/schema.org\",\"@graph\":[{\"@type\":\"WebPage\",\"@id\":\"https:\\\/\\\/stellalotycz.com\\\/pl\\\/produkt\\\/krotka-marynarka-damska-stream-of-nature\\\/\",\"url\":\"https:\\\/\\\/stellalotycz.com\\\/pl\\\/produkt\\\/krotka-marynarka-damska-stream-of-nature\\\/\",\"name\":\"Kr\u00f3tka marynarka damska - Stream of Nature. - Stella Lotycz\",\"isPartOf\":{\"@id\":\"https:\\\/\\\/stellalotycz.com\\\/?currency=usd\\\/#website\"},\"primaryImageOfPage\":{\"@id\":\"https:\\\/\\\/stellalotycz.com\\\/pl\\\/produkt\\\/krotka-marynarka-damska-stream-of-nature\\\/#primaryimage\"},\"image\":{\"@id\":\"https:\\\/\\\/stellalotycz.com\\\/pl\\\/produkt\\\/krotka-marynarka-damska-stream-of-nature\\\/#primaryimage\"},\"thumbnailUrl\":\"https:\\\/\\\/stellalotycz.com\\\/wp-content\\\/uploads\\\/2025\\\/12\\\/Stella_Update_01.50.png\",\"datePublished\":\"2025-12-11T17:58:06+00:00\",\"breadcrumb\":{\"@id\":\"https:\\\/\\\/stellalotycz.com\\\/pl\\\/produkt\\\/krotka-marynarka-damska-stream-of-nature\\\/#breadcrumb\"},\"inLanguage\":\"pl-PL\",\"potentialAction\":[{\"@type\":\"ReadAction\",\"target\":[\"https:\\\/\\\/stellalotycz.com\\\/pl\\\/produkt\\\/krotka-marynarka-damska-stream-of-nature\\\/\"]}]},{\"@type\":\"ImageObject\",\"inLanguage\":\"pl-PL\",\"@id\":\"https:\\\/\\\/stellalotycz.com\\\/pl\\\/produkt\\\/krotka-marynarka-damska-stream-of-nature\\\/#primaryimage\",\"url\":\"https:\\\/\\\/stellalotycz.com\\\/wp-content\\\/uploads\\\/2025\\\/12\\\/Stella_Update_01.50.png\",\"contentUrl\":\"https:\\\/\\\/stellalotycz.com\\\/wp-content\\\/uploads\\\/2025\\\/12\\\/Stella_Update_01.50.png\",\"width\":713,\"height\":1068},{\"@type\":\"BreadcrumbList\",\"@id\":\"https:\\\/\\\/stellalotycz.com\\\/pl\\\/produkt\\\/krotka-marynarka-damska-stream-of-nature\\\/#breadcrumb\",\"itemListElement\":[{\"@type\":\"ListItem\",\"position\":1,\"name\":\"Home\",\"item\":\"https:\\\/\\\/stellalotycz.com\\\/pl\\\/\"},{\"@type\":\"ListItem\",\"position\":2,\"name\":\"Sklep\",\"item\":\"https:\\\/\\\/stellalotycz.com\\\/pl\\\/sklep\\\/\"},{\"@type\":\"ListItem\",\"position\":3,\"name\":\"Kr\u00f3tka marynarka damska &#8211; Stream of Nature.\"}]},{\"@type\":\"WebSite\",\"@id\":\"https:\\\/\\\/stellalotycz.com\\\/?currency=usd\\\/#website\",\"url\":\"https:\\\/\\\/stellalotycz.com\\\/?currency=usd\\\/\",\"name\":\"Stella Lotycz Fashion Designer\",\"description\":\"Fashion Designer\",\"publisher\":{\"@id\":\"https:\\\/\\\/stellalotycz.com\\\/?currency=usd\\\/#organization\"},\"potentialAction\":[{\"@type\":\"SearchAction\",\"target\":{\"@type\":\"EntryPoint\",\"urlTemplate\":\"https:\\\/\\\/stellalotycz.com\\\/?currency=usd\\\/?s={search_term_string}\"},\"query-input\":{\"@type\":\"PropertyValueSpecification\",\"valueRequired\":true,\"valueName\":\"search_term_string\"}}],\"inLanguage\":\"pl-PL\"},{\"@type\":\"Organization\",\"@id\":\"https:\\\/\\\/stellalotycz.com\\\/?currency=usd\\\/#organization\",\"name\":\"Stella Lotycz Fashion Designer\",\"url\":\"https:\\\/\\\/stellalotycz.com\\\/?currency=usd\\\/\",\"logo\":{\"@type\":\"ImageObject\",\"inLanguage\":\"pl-PL\",\"@id\":\"https:\\\/\\\/stellalotycz.com\\\/?currency=usd\\\/#\\\/schema\\\/logo\\\/image\\\/\",\"url\":\"https:\\\/\\\/stellalotycz.com\\\/wp-content\\\/uploads\\\/2025\\\/10\\\/Stella-Logo-Wektor.svg\",\"contentUrl\":\"https:\\\/\\\/stellalotycz.com\\\/wp-content\\\/uploads\\\/2025\\\/10\\\/Stella-Logo-Wektor.svg\",\"caption\":\"Stella Lotycz Fashion Designer\"},\"image\":{\"@id\":\"https:\\\/\\\/stellalotycz.com\\\/?currency=usd\\\/#\\\/schema\\\/logo\\\/image\\\/\"}}]}<\/script>\n<!-- \/ Yoast SEO plugin. -->","yoast_head_json":{"title":"Kr\u00f3tka marynarka damska - Stream of Nature. - Stella Lotycz","robots":{"index":"index","follow":"follow","max-snippet":"max-snippet:-1","max-image-preview":"max-image-preview:large","max-video-preview":"max-video-preview:-1"},"canonical":"https:\/\/stellalotycz.com\/pl\/produkt\/krotka-marynarka-damska-stream-of-nature\/","og_locale":"pl_PL","og_type":"article","og_title":"Kr\u00f3tka marynarka damska - Stream of Nature. - Stella Lotycz","og_description":"Odkryj wyj\u0105tkow\u0105 harmoni\u0119 stylu i wygody. Elegancka marynarka damska w odcieniu inspirowanym wod\u0105 p\u0142yn\u0105c\u0105 po ska\u0142ach &#8211; z pi\u0119knymi, ciep\u0142ymi odcieniami br\u0105zu zaczerpni\u0119tymi z natury &#8211; urzeka wyrafinowanym, kobiecym krojem. Kr\u00f3tka marynarka to doskona\u0142y wyb\u00f3r na spotkanie biznesowe, kolacj\u0119 czy spacer po mie\u015bcie. Wykonana z mi\u0119kkiej, przyjemnej w dotyku tkaniny zapewnia komfort noszenia przez ca\u0142y [&hellip;]","og_url":"https:\/\/stellalotycz.com\/pl\/produkt\/krotka-marynarka-damska-stream-of-nature\/","og_site_name":"Stella Lotycz","og_image":[{"width":713,"height":1068,"url":"https:\/\/stellalotycz.com\/wp-content\/uploads\/2025\/12\/Stella_Update_01.50.png","type":"image\/png"}],"twitter_card":"summary_large_image","schema":{"@context":"https:\/\/schema.org","@graph":[{"@type":"WebPage","@id":"https:\/\/stellalotycz.com\/pl\/produkt\/krotka-marynarka-damska-stream-of-nature\/","url":"https:\/\/stellalotycz.com\/pl\/produkt\/krotka-marynarka-damska-stream-of-nature\/","name":"Kr\u00f3tka marynarka damska - Stream of Nature. - Stella Lotycz","isPartOf":{"@id":"https:\/\/stellalotycz.com\/?currency=usd\/#website"},"primaryImageOfPage":{"@id":"https:\/\/stellalotycz.com\/pl\/produkt\/krotka-marynarka-damska-stream-of-nature\/#primaryimage"},"image":{"@id":"https:\/\/stellalotycz.com\/pl\/produkt\/krotka-marynarka-damska-stream-of-nature\/#primaryimage"},"thumbnailUrl":"https:\/\/stellalotycz.com\/wp-content\/uploads\/2025\/12\/Stella_Update_01.50.png","datePublished":"2025-12-11T17:58:06+00:00","breadcrumb":{"@id":"https:\/\/stellalotycz.com\/pl\/produkt\/krotka-marynarka-damska-stream-of-nature\/#breadcrumb"},"inLanguage":"pl-PL","potentialAction":[{"@type":"ReadAction","target":["https:\/\/stellalotycz.com\/pl\/produkt\/krotka-marynarka-damska-stream-of-nature\/"]}]},{"@type":"ImageObject","inLanguage":"pl-PL","@id":"https:\/\/stellalotycz.com\/pl\/produkt\/krotka-marynarka-damska-stream-of-nature\/#primaryimage","url":"https:\/\/stellalotycz.com\/wp-content\/uploads\/2025\/12\/Stella_Update_01.50.png","contentUrl":"https:\/\/stellalotycz.com\/wp-content\/uploads\/2025\/12\/Stella_Update_01.50.png","width":713,"height":1068},{"@type":"BreadcrumbList","@id":"https:\/\/stellalotycz.com\/pl\/produkt\/krotka-marynarka-damska-stream-of-nature\/#breadcrumb","itemListElement":[{"@type":"ListItem","position":1,"name":"Home","item":"https:\/\/stellalotycz.com\/pl\/"},{"@type":"ListItem","position":2,"name":"Sklep","item":"https:\/\/stellalotycz.com\/pl\/sklep\/"},{"@type":"ListItem","position":3,"name":"Kr\u00f3tka marynarka damska &#8211; Stream of Nature."}]},{"@type":"WebSite","@id":"https:\/\/stellalotycz.com\/?currency=usd\/#website","url":"https:\/\/stellalotycz.com\/?currency=usd\/","name":"Stella Lotycz Fashion Designer","description":"Fashion Designer","publisher":{"@id":"https:\/\/stellalotycz.com\/?currency=usd\/#organization"},"potentialAction":[{"@type":"SearchAction","target":{"@type":"EntryPoint","urlTemplate":"https:\/\/stellalotycz.com\/?currency=usd\/?s={search_term_string}"},"query-input":{"@type":"PropertyValueSpecification","valueRequired":true,"valueName":"search_term_string"}}],"inLanguage":"pl-PL"},{"@type":"Organization","@id":"https:\/\/stellalotycz.com\/?currency=usd\/#organization","name":"Stella Lotycz Fashion Designer","url":"https:\/\/stellalotycz.com\/?currency=usd\/","logo":{"@type":"ImageObject","inLanguage":"pl-PL","@id":"https:\/\/stellalotycz.com\/?currency=usd\/#\/schema\/logo\/image\/","url":"https:\/\/stellalotycz.com\/wp-content\/uploads\/2025\/10\/Stella-Logo-Wektor.svg","contentUrl":"https:\/\/stellalotycz.com\/wp-content\/uploads\/2025\/10\/Stella-Logo-Wektor.svg","caption":"Stella Lotycz Fashion Designer"},"image":{"@id":"https:\/\/stellalotycz.com\/?currency=usd\/#\/schema\/logo\/image\/"}}]}},"_links":{"self":[{"href":"https:\/\/stellalotycz.com\/pl\/wp-json\/wp\/v2\/product\/2330","targetHints":{"allow":["GET"]}}],"collection":[{"href":"https:\/\/stellalotycz.com\/pl\/wp-json\/wp\/v2\/product"}],"about":[{"href":"https:\/\/stellalotycz.com\/pl\/wp-json\/wp\/v2\/types\/product"}],"replies":[{"embeddable":true,"href":"https:\/\/stellalotycz.com\/pl\/wp-json\/wp\/v2\/comments?post=2330"}],"wp:featuredmedia":[{"embeddable":true,"href":"https:\/\/stellalotycz.com\/pl\/wp-json\/wp\/v2\/media\/2331"}],"wp:attachment":[{"href":"https:\/\/stellalotycz.com\/pl\/wp-json\/wp\/v2\/media?parent=2330"}],"wp:term":[{"taxonomy":"product_brand","embeddable":true,"href":"https:\/\/stellalotycz.com\/pl\/wp-json\/wp\/v2\/product_brand?post=2330"},{"taxonomy":"product_cat","embeddable":true,"href":"https:\/\/stellalotycz.com\/pl\/wp-json\/wp\/v2\/product_cat?post=2330"},{"taxonomy":"product_tag","embeddable":true,"href":"https:\/\/stellalotycz.com\/pl\/wp-json\/wp\/v2\/product_tag?post=2330"}],"curies":[{"name":"wp","href":"https:\/\/api.w.org\/{rel}","templated":true}]}}