{"id":2338,"date":"2025-12-11T18:05:26","date_gmt":"2025-12-11T18:05:26","guid":{"rendered":"https:\/\/stellalotycz.com\/product\/kamizelka-damska-sunrise-glow-of-nature\/"},"modified":"2025-12-11T18:05:26","modified_gmt":"2025-12-11T18:05:26","slug":"kamizelka-damska-sunrise-glow-of-nature","status":"publish","type":"product","link":"https:\/\/stellalotycz.com\/pl\/produkt\/kamizelka-damska-sunrise-glow-of-nature\/","title":{"rendered":"Kamizelka damska &#8211; Sunrise Glow of Nature"},"content":{"rendered":"<p class=\"p1\">Odkryj Sunrise Glow of Nature &#8211; szykown\u0105 kamizelk\u0119 damsk\u0105, kt\u00f3ra emanuje elegancj\u0105 i naturalnym urokiem. Jej ciep\u0142y, z\u0142ocisty odcie\u0144 inspirowany wschodz\u0105cym s\u0142o\u0144cem rozja\u015bni ka\u017cdy str\u00f3j, dodaj\u0105c mu energii i ponadczasowego wyrafinowania. <\/p>\n<p class=\"p1\">Dopasowana do kobiecej sylwetki kamizelka \u0142\u0105czy wygod\u0119 ze stylem. Mi\u0119kki, g\u0142adki materia\u0142 pi\u0119knie \u0142apie \u015bwiat\u0142o, przypominaj\u0105c krople rosy mieni\u0105ce si\u0119 w porannym s\u0142o\u0144cu. <\/p>\n<p class=\"p1\">Idealna na ka\u017cd\u0105 okazj\u0119 &#8211; czy to do pracy, na kolacj\u0119, spacer po mie\u015bcie czy dzie\u0144 zakup\u00f3w &#8211; \u0142\u0105czy nowoczesn\u0105 prostot\u0119 z wyrafinowanym wdzi\u0119kiem.<\/p>\n<p class=\"p1\">Zaprojektowany dla kobiet, kt\u00f3re ceni\u0105 jako\u015b\u0107, elegancj\u0119 i kunszt natury. Niech Tw\u00f3j wygl\u0105d l\u015bni spokojnym blaskiem \u015bwitu. <\/p>\n","protected":false},"excerpt":{"rendered":"<p>Odkryj Sunrise Glow of Nature &#8211; szykown\u0105 kamizelk\u0119 damsk\u0105, kt\u00f3ra emanuje elegancj\u0105 i naturalnym urokiem. Jej ciep\u0142y, z\u0142ocisty odcie\u0144 inspirowany wschodz\u0105cym s\u0142o\u0144cem rozja\u015bni ka\u017cdy str\u00f3j, dodaj\u0105c mu energii i ponadczasowego wyrafinowania. Dopasowana do kobiecej sylwetki kamizelka \u0142\u0105czy wygod\u0119 ze stylem. Mi\u0119kki, g\u0142adki materia\u0142 pi\u0119knie \u0142apie \u015bwiat\u0142o, przypominaj\u0105c krople rosy mieni\u0105ce si\u0119 w porannym s\u0142o\u0144cu. Idealna [&hellip;]<\/p>\n","protected":false},"featured_media":2339,"comment_status":"open","ping_status":"closed","template":"","meta":{"_acf_changed":false},"product_brand":[],"product_cat":[73,70,61],"product_tag":[],"class_list":{"0":"post-2338","1":"product","2":"type-product","3":"status-publish","4":"has-post-thumbnail","6":"product_cat-kamizelki","7":"product_cat-stella-lotycz-x-piotr-stochnij","8":"product_cat-ubrania","10":"first","11":"instock","12":"shipping-taxable","13":"purchasable","14":"product-type-variable"},"acf":[],"yoast_head":"<!-- This site is optimized with the Yoast SEO plugin v27.3 - https:\/\/yoast.com\/product\/yoast-seo-wordpress\/ -->\n<title>Kamizelka damska - Sunrise Glow of Nature - Stella Lotycz<\/title>\n<meta name=\"robots\" content=\"index, follow, max-snippet:-1, max-image-preview:large, max-video-preview:-1\" \/>\n<link rel=\"canonical\" href=\"https:\/\/stellalotycz.com\/pl\/produkt\/kamizelka-damska-sunrise-glow-of-nature\/\" \/>\n<meta property=\"og:locale\" content=\"pl_PL\" \/>\n<meta property=\"og:type\" content=\"article\" \/>\n<meta property=\"og:title\" content=\"Kamizelka damska - Sunrise Glow of Nature - Stella Lotycz\" \/>\n<meta property=\"og:description\" content=\"Odkryj Sunrise Glow of Nature &#8211; szykown\u0105 kamizelk\u0119 damsk\u0105, kt\u00f3ra emanuje elegancj\u0105 i naturalnym urokiem. Jej ciep\u0142y, z\u0142ocisty odcie\u0144 inspirowany wschodz\u0105cym s\u0142o\u0144cem rozja\u015bni ka\u017cdy str\u00f3j, dodaj\u0105c mu energii i ponadczasowego wyrafinowania. Dopasowana do kobiecej sylwetki kamizelka \u0142\u0105czy wygod\u0119 ze stylem. Mi\u0119kki, g\u0142adki materia\u0142 pi\u0119knie \u0142apie \u015bwiat\u0142o, przypominaj\u0105c krople rosy mieni\u0105ce si\u0119 w porannym s\u0142o\u0144cu. Idealna [&hellip;]\" \/>\n<meta property=\"og:url\" content=\"https:\/\/stellalotycz.com\/pl\/produkt\/kamizelka-damska-sunrise-glow-of-nature\/\" \/>\n<meta property=\"og:site_name\" content=\"Stella Lotycz\" \/>\n<meta property=\"og:image\" content=\"https:\/\/stellalotycz.com\/wp-content\/uploads\/2025\/12\/Stella_18th_05_front.png\" \/>\n\t<meta property=\"og:image:width\" content=\"713\" \/>\n\t<meta property=\"og:image:height\" content=\"1068\" \/>\n\t<meta property=\"og:image:type\" content=\"image\/png\" \/>\n<meta name=\"twitter:card\" content=\"summary_large_image\" \/>\n<script type=\"application\/ld+json\" class=\"yoast-schema-graph\">{\"@context\":\"https:\\\/\\\/schema.org\",\"@graph\":[{\"@type\":\"WebPage\",\"@id\":\"https:\\\/\\\/stellalotycz.com\\\/pl\\\/produkt\\\/kamizelka-damska-sunrise-glow-of-nature\\\/\",\"url\":\"https:\\\/\\\/stellalotycz.com\\\/pl\\\/produkt\\\/kamizelka-damska-sunrise-glow-of-nature\\\/\",\"name\":\"Kamizelka damska - Sunrise Glow of Nature - Stella Lotycz\",\"isPartOf\":{\"@id\":\"https:\\\/\\\/stellalotycz.com\\\/?currency=usd\\\/#website\"},\"primaryImageOfPage\":{\"@id\":\"https:\\\/\\\/stellalotycz.com\\\/pl\\\/produkt\\\/kamizelka-damska-sunrise-glow-of-nature\\\/#primaryimage\"},\"image\":{\"@id\":\"https:\\\/\\\/stellalotycz.com\\\/pl\\\/produkt\\\/kamizelka-damska-sunrise-glow-of-nature\\\/#primaryimage\"},\"thumbnailUrl\":\"https:\\\/\\\/stellalotycz.com\\\/wp-content\\\/uploads\\\/2025\\\/12\\\/Stella_18th_05_front.png\",\"datePublished\":\"2025-12-11T18:05:26+00:00\",\"breadcrumb\":{\"@id\":\"https:\\\/\\\/stellalotycz.com\\\/pl\\\/produkt\\\/kamizelka-damska-sunrise-glow-of-nature\\\/#breadcrumb\"},\"inLanguage\":\"pl-PL\",\"potentialAction\":[{\"@type\":\"ReadAction\",\"target\":[\"https:\\\/\\\/stellalotycz.com\\\/pl\\\/produkt\\\/kamizelka-damska-sunrise-glow-of-nature\\\/\"]}]},{\"@type\":\"ImageObject\",\"inLanguage\":\"pl-PL\",\"@id\":\"https:\\\/\\\/stellalotycz.com\\\/pl\\\/produkt\\\/kamizelka-damska-sunrise-glow-of-nature\\\/#primaryimage\",\"url\":\"https:\\\/\\\/stellalotycz.com\\\/wp-content\\\/uploads\\\/2025\\\/12\\\/Stella_18th_05_front.png\",\"contentUrl\":\"https:\\\/\\\/stellalotycz.com\\\/wp-content\\\/uploads\\\/2025\\\/12\\\/Stella_18th_05_front.png\",\"width\":713,\"height\":1068},{\"@type\":\"BreadcrumbList\",\"@id\":\"https:\\\/\\\/stellalotycz.com\\\/pl\\\/produkt\\\/kamizelka-damska-sunrise-glow-of-nature\\\/#breadcrumb\",\"itemListElement\":[{\"@type\":\"ListItem\",\"position\":1,\"name\":\"Home\",\"item\":\"https:\\\/\\\/stellalotycz.com\\\/pl\\\/\"},{\"@type\":\"ListItem\",\"position\":2,\"name\":\"Sklep\",\"item\":\"https:\\\/\\\/stellalotycz.com\\\/pl\\\/sklep\\\/\"},{\"@type\":\"ListItem\",\"position\":3,\"name\":\"Kamizelka damska &#8211; Sunrise Glow of Nature\"}]},{\"@type\":\"WebSite\",\"@id\":\"https:\\\/\\\/stellalotycz.com\\\/?currency=usd\\\/#website\",\"url\":\"https:\\\/\\\/stellalotycz.com\\\/?currency=usd\\\/\",\"name\":\"Stella Lotycz Fashion Designer\",\"description\":\"Fashion Designer\",\"publisher\":{\"@id\":\"https:\\\/\\\/stellalotycz.com\\\/?currency=usd\\\/#organization\"},\"potentialAction\":[{\"@type\":\"SearchAction\",\"target\":{\"@type\":\"EntryPoint\",\"urlTemplate\":\"https:\\\/\\\/stellalotycz.com\\\/?currency=usd\\\/?s={search_term_string}\"},\"query-input\":{\"@type\":\"PropertyValueSpecification\",\"valueRequired\":true,\"valueName\":\"search_term_string\"}}],\"inLanguage\":\"pl-PL\"},{\"@type\":\"Organization\",\"@id\":\"https:\\\/\\\/stellalotycz.com\\\/?currency=usd\\\/#organization\",\"name\":\"Stella Lotycz Fashion Designer\",\"url\":\"https:\\\/\\\/stellalotycz.com\\\/?currency=usd\\\/\",\"logo\":{\"@type\":\"ImageObject\",\"inLanguage\":\"pl-PL\",\"@id\":\"https:\\\/\\\/stellalotycz.com\\\/?currency=usd\\\/#\\\/schema\\\/logo\\\/image\\\/\",\"url\":\"https:\\\/\\\/stellalotycz.com\\\/wp-content\\\/uploads\\\/2025\\\/10\\\/Stella-Logo-Wektor.svg\",\"contentUrl\":\"https:\\\/\\\/stellalotycz.com\\\/wp-content\\\/uploads\\\/2025\\\/10\\\/Stella-Logo-Wektor.svg\",\"caption\":\"Stella Lotycz Fashion Designer\"},\"image\":{\"@id\":\"https:\\\/\\\/stellalotycz.com\\\/?currency=usd\\\/#\\\/schema\\\/logo\\\/image\\\/\"}}]}<\/script>\n<!-- \/ Yoast SEO plugin. -->","yoast_head_json":{"title":"Kamizelka damska - Sunrise Glow of Nature - Stella Lotycz","robots":{"index":"index","follow":"follow","max-snippet":"max-snippet:-1","max-image-preview":"max-image-preview:large","max-video-preview":"max-video-preview:-1"},"canonical":"https:\/\/stellalotycz.com\/pl\/produkt\/kamizelka-damska-sunrise-glow-of-nature\/","og_locale":"pl_PL","og_type":"article","og_title":"Kamizelka damska - Sunrise Glow of Nature - Stella Lotycz","og_description":"Odkryj Sunrise Glow of Nature &#8211; szykown\u0105 kamizelk\u0119 damsk\u0105, kt\u00f3ra emanuje elegancj\u0105 i naturalnym urokiem. Jej ciep\u0142y, z\u0142ocisty odcie\u0144 inspirowany wschodz\u0105cym s\u0142o\u0144cem rozja\u015bni ka\u017cdy str\u00f3j, dodaj\u0105c mu energii i ponadczasowego wyrafinowania. Dopasowana do kobiecej sylwetki kamizelka \u0142\u0105czy wygod\u0119 ze stylem. Mi\u0119kki, g\u0142adki materia\u0142 pi\u0119knie \u0142apie \u015bwiat\u0142o, przypominaj\u0105c krople rosy mieni\u0105ce si\u0119 w porannym s\u0142o\u0144cu. Idealna [&hellip;]","og_url":"https:\/\/stellalotycz.com\/pl\/produkt\/kamizelka-damska-sunrise-glow-of-nature\/","og_site_name":"Stella Lotycz","og_image":[{"width":713,"height":1068,"url":"https:\/\/stellalotycz.com\/wp-content\/uploads\/2025\/12\/Stella_18th_05_front.png","type":"image\/png"}],"twitter_card":"summary_large_image","schema":{"@context":"https:\/\/schema.org","@graph":[{"@type":"WebPage","@id":"https:\/\/stellalotycz.com\/pl\/produkt\/kamizelka-damska-sunrise-glow-of-nature\/","url":"https:\/\/stellalotycz.com\/pl\/produkt\/kamizelka-damska-sunrise-glow-of-nature\/","name":"Kamizelka damska - Sunrise Glow of Nature - Stella Lotycz","isPartOf":{"@id":"https:\/\/stellalotycz.com\/?currency=usd\/#website"},"primaryImageOfPage":{"@id":"https:\/\/stellalotycz.com\/pl\/produkt\/kamizelka-damska-sunrise-glow-of-nature\/#primaryimage"},"image":{"@id":"https:\/\/stellalotycz.com\/pl\/produkt\/kamizelka-damska-sunrise-glow-of-nature\/#primaryimage"},"thumbnailUrl":"https:\/\/stellalotycz.com\/wp-content\/uploads\/2025\/12\/Stella_18th_05_front.png","datePublished":"2025-12-11T18:05:26+00:00","breadcrumb":{"@id":"https:\/\/stellalotycz.com\/pl\/produkt\/kamizelka-damska-sunrise-glow-of-nature\/#breadcrumb"},"inLanguage":"pl-PL","potentialAction":[{"@type":"ReadAction","target":["https:\/\/stellalotycz.com\/pl\/produkt\/kamizelka-damska-sunrise-glow-of-nature\/"]}]},{"@type":"ImageObject","inLanguage":"pl-PL","@id":"https:\/\/stellalotycz.com\/pl\/produkt\/kamizelka-damska-sunrise-glow-of-nature\/#primaryimage","url":"https:\/\/stellalotycz.com\/wp-content\/uploads\/2025\/12\/Stella_18th_05_front.png","contentUrl":"https:\/\/stellalotycz.com\/wp-content\/uploads\/2025\/12\/Stella_18th_05_front.png","width":713,"height":1068},{"@type":"BreadcrumbList","@id":"https:\/\/stellalotycz.com\/pl\/produkt\/kamizelka-damska-sunrise-glow-of-nature\/#breadcrumb","itemListElement":[{"@type":"ListItem","position":1,"name":"Home","item":"https:\/\/stellalotycz.com\/pl\/"},{"@type":"ListItem","position":2,"name":"Sklep","item":"https:\/\/stellalotycz.com\/pl\/sklep\/"},{"@type":"ListItem","position":3,"name":"Kamizelka damska &#8211; Sunrise Glow of Nature"}]},{"@type":"WebSite","@id":"https:\/\/stellalotycz.com\/?currency=usd\/#website","url":"https:\/\/stellalotycz.com\/?currency=usd\/","name":"Stella Lotycz Fashion Designer","description":"Fashion Designer","publisher":{"@id":"https:\/\/stellalotycz.com\/?currency=usd\/#organization"},"potentialAction":[{"@type":"SearchAction","target":{"@type":"EntryPoint","urlTemplate":"https:\/\/stellalotycz.com\/?currency=usd\/?s={search_term_string}"},"query-input":{"@type":"PropertyValueSpecification","valueRequired":true,"valueName":"search_term_string"}}],"inLanguage":"pl-PL"},{"@type":"Organization","@id":"https:\/\/stellalotycz.com\/?currency=usd\/#organization","name":"Stella Lotycz Fashion Designer","url":"https:\/\/stellalotycz.com\/?currency=usd\/","logo":{"@type":"ImageObject","inLanguage":"pl-PL","@id":"https:\/\/stellalotycz.com\/?currency=usd\/#\/schema\/logo\/image\/","url":"https:\/\/stellalotycz.com\/wp-content\/uploads\/2025\/10\/Stella-Logo-Wektor.svg","contentUrl":"https:\/\/stellalotycz.com\/wp-content\/uploads\/2025\/10\/Stella-Logo-Wektor.svg","caption":"Stella Lotycz Fashion Designer"},"image":{"@id":"https:\/\/stellalotycz.com\/?currency=usd\/#\/schema\/logo\/image\/"}}]}},"_links":{"self":[{"href":"https:\/\/stellalotycz.com\/pl\/wp-json\/wp\/v2\/product\/2338","targetHints":{"allow":["GET"]}}],"collection":[{"href":"https:\/\/stellalotycz.com\/pl\/wp-json\/wp\/v2\/product"}],"about":[{"href":"https:\/\/stellalotycz.com\/pl\/wp-json\/wp\/v2\/types\/product"}],"replies":[{"embeddable":true,"href":"https:\/\/stellalotycz.com\/pl\/wp-json\/wp\/v2\/comments?post=2338"}],"wp:featuredmedia":[{"embeddable":true,"href":"https:\/\/stellalotycz.com\/pl\/wp-json\/wp\/v2\/media\/2339"}],"wp:attachment":[{"href":"https:\/\/stellalotycz.com\/pl\/wp-json\/wp\/v2\/media?parent=2338"}],"wp:term":[{"taxonomy":"product_brand","embeddable":true,"href":"https:\/\/stellalotycz.com\/pl\/wp-json\/wp\/v2\/product_brand?post=2338"},{"taxonomy":"product_cat","embeddable":true,"href":"https:\/\/stellalotycz.com\/pl\/wp-json\/wp\/v2\/product_cat?post=2338"},{"taxonomy":"product_tag","embeddable":true,"href":"https:\/\/stellalotycz.com\/pl\/wp-json\/wp\/v2\/product_tag?post=2338"}],"curies":[{"name":"wp","href":"https:\/\/api.w.org\/{rel}","templated":true}]}}