{"id":2346,"date":"2025-12-11T18:15:03","date_gmt":"2025-12-11T18:15:03","guid":{"rendered":"https:\/\/stellalotycz.com\/product\/kamizelka-damska-szmaragdowy-poranek-natury\/"},"modified":"2025-12-11T18:15:03","modified_gmt":"2025-12-11T18:15:03","slug":"kamizelka-damska-szmaragdowy-poranek-natury","status":"publish","type":"product","link":"https:\/\/stellalotycz.com\/pl\/produkt\/kamizelka-damska-szmaragdowy-poranek-natury\/","title":{"rendered":"Kamizelka damska . Szmaragdowy Poranek Natury"},"content":{"rendered":"<p class=\"p1\">Odkryj Emerald Morning of Nature &#8211; stylow\u0105 kamizelk\u0119 damsk\u0105, kt\u00f3ra urzeka elegancj\u0105, lekko\u015bci\u0105 i spokojnym wdzi\u0119kiem natury. Unikalna paleta kolor\u00f3w inspirowana jest pi\u0119knem podwodnego \u015bwiata, \u0142\u0105cz\u0105c odcienie szmaragdu, z\u0142ota i delikatnej \u017c\u00f3\u0142ci &#8211; niczym \u015bwiat\u0142o s\u0142oneczne ta\u0144cz\u0105ce w czystej wodzie oceanu. <\/p>\n<p class=\"p1\">Zainspirowane artyzmem natury, odcienie te s\u0105 pi\u0119knie przeniesione na g\u0142adk\u0105, delikatn\u0105 tkanin\u0119, kt\u00f3ra mieni si\u0119 delikatnie, jakby poca\u0142owana porann\u0105 ros\u0105.<\/p>\n<p class=\"p1\">Fachowo dopasowana do kobiecej sylwetki kamizelka zapewnia wygod\u0119 i swobod\u0119 ruch\u00f3w. Idealna do pracy, na kolacj\u0119, spacer po mie\u015bcie lub dzie\u0144 zakup\u00f3w, dodaje odwa\u017cnej \u015bwie\u017co\u015bci i ponadczasowej elegancji ka\u017cdej stylizacji. <\/p>\n<p class=\"p1\">Dla kobiet ceni\u0105cych wyrafinowanie, jako\u015b\u0107 i harmoni\u0119 wzornictwa inspirowanego natur\u0105. Niech Tw\u00f3j styl zal\u015bni kolorami naturalnego \u015bwiata. <\/p>\n","protected":false},"excerpt":{"rendered":"<p>Odkryj Emerald Morning of Nature &#8211; stylow\u0105 kamizelk\u0119 damsk\u0105, kt\u00f3ra urzeka elegancj\u0105, lekko\u015bci\u0105 i spokojnym wdzi\u0119kiem natury. Unikalna paleta kolor\u00f3w inspirowana jest pi\u0119knem podwodnego \u015bwiata, \u0142\u0105cz\u0105c odcienie szmaragdu, z\u0142ota i delikatnej \u017c\u00f3\u0142ci &#8211; niczym \u015bwiat\u0142o s\u0142oneczne ta\u0144cz\u0105ce w czystej wodzie oceanu. Zainspirowane artyzmem natury, odcienie te s\u0105 pi\u0119knie przeniesione na g\u0142adk\u0105, delikatn\u0105 tkanin\u0119, kt\u00f3ra mieni [&hellip;]<\/p>\n","protected":false},"featured_media":2347,"comment_status":"open","ping_status":"closed","template":"","meta":{"_acf_changed":false},"product_brand":[],"product_cat":[73,63,61],"product_tag":[],"class_list":{"0":"post-2346","1":"product","2":"type-product","3":"status-publish","4":"has-post-thumbnail","6":"product_cat-kamizelki","7":"product_cat-stella-lotycz-x-tomasz-baczkowski","8":"product_cat-ubrania","10":"first","11":"instock","12":"shipping-taxable","13":"purchasable","14":"product-type-variable"},"acf":[],"yoast_head":"<!-- This site is optimized with the Yoast SEO plugin v27.3 - https:\/\/yoast.com\/product\/yoast-seo-wordpress\/ -->\n<title>Kamizelka damska . Szmaragdowy Poranek Natury - Stella Lotycz<\/title>\n<meta name=\"robots\" content=\"index, follow, max-snippet:-1, max-image-preview:large, max-video-preview:-1\" \/>\n<link rel=\"canonical\" href=\"https:\/\/stellalotycz.com\/pl\/produkt\/kamizelka-damska-szmaragdowy-poranek-natury\/\" \/>\n<meta property=\"og:locale\" content=\"pl_PL\" \/>\n<meta property=\"og:type\" content=\"article\" \/>\n<meta property=\"og:title\" content=\"Kamizelka damska . Szmaragdowy Poranek Natury - Stella Lotycz\" \/>\n<meta property=\"og:description\" content=\"Odkryj Emerald Morning of Nature &#8211; stylow\u0105 kamizelk\u0119 damsk\u0105, kt\u00f3ra urzeka elegancj\u0105, lekko\u015bci\u0105 i spokojnym wdzi\u0119kiem natury. Unikalna paleta kolor\u00f3w inspirowana jest pi\u0119knem podwodnego \u015bwiata, \u0142\u0105cz\u0105c odcienie szmaragdu, z\u0142ota i delikatnej \u017c\u00f3\u0142ci &#8211; niczym \u015bwiat\u0142o s\u0142oneczne ta\u0144cz\u0105ce w czystej wodzie oceanu. Zainspirowane artyzmem natury, odcienie te s\u0105 pi\u0119knie przeniesione na g\u0142adk\u0105, delikatn\u0105 tkanin\u0119, kt\u00f3ra mieni [&hellip;]\" \/>\n<meta property=\"og:url\" content=\"https:\/\/stellalotycz.com\/pl\/produkt\/kamizelka-damska-szmaragdowy-poranek-natury\/\" \/>\n<meta property=\"og:site_name\" content=\"Stella Lotycz\" \/>\n<meta property=\"og:image\" content=\"https:\/\/stellalotycz.com\/wp-content\/uploads\/2025\/12\/Stella_18th_07_Front.png\" \/>\n\t<meta property=\"og:image:width\" content=\"713\" \/>\n\t<meta property=\"og:image:height\" content=\"1068\" \/>\n\t<meta property=\"og:image:type\" content=\"image\/png\" \/>\n<meta name=\"twitter:card\" content=\"summary_large_image\" \/>\n<script type=\"application\/ld+json\" class=\"yoast-schema-graph\">{\"@context\":\"https:\\\/\\\/schema.org\",\"@graph\":[{\"@type\":\"WebPage\",\"@id\":\"https:\\\/\\\/stellalotycz.com\\\/pl\\\/produkt\\\/kamizelka-damska-szmaragdowy-poranek-natury\\\/\",\"url\":\"https:\\\/\\\/stellalotycz.com\\\/pl\\\/produkt\\\/kamizelka-damska-szmaragdowy-poranek-natury\\\/\",\"name\":\"Kamizelka damska . Szmaragdowy Poranek Natury - Stella Lotycz\",\"isPartOf\":{\"@id\":\"https:\\\/\\\/stellalotycz.com\\\/?currency=usd\\\/#website\"},\"primaryImageOfPage\":{\"@id\":\"https:\\\/\\\/stellalotycz.com\\\/pl\\\/produkt\\\/kamizelka-damska-szmaragdowy-poranek-natury\\\/#primaryimage\"},\"image\":{\"@id\":\"https:\\\/\\\/stellalotycz.com\\\/pl\\\/produkt\\\/kamizelka-damska-szmaragdowy-poranek-natury\\\/#primaryimage\"},\"thumbnailUrl\":\"https:\\\/\\\/stellalotycz.com\\\/wp-content\\\/uploads\\\/2025\\\/12\\\/Stella_18th_07_Front.png\",\"datePublished\":\"2025-12-11T18:15:03+00:00\",\"breadcrumb\":{\"@id\":\"https:\\\/\\\/stellalotycz.com\\\/pl\\\/produkt\\\/kamizelka-damska-szmaragdowy-poranek-natury\\\/#breadcrumb\"},\"inLanguage\":\"pl-PL\",\"potentialAction\":[{\"@type\":\"ReadAction\",\"target\":[\"https:\\\/\\\/stellalotycz.com\\\/pl\\\/produkt\\\/kamizelka-damska-szmaragdowy-poranek-natury\\\/\"]}]},{\"@type\":\"ImageObject\",\"inLanguage\":\"pl-PL\",\"@id\":\"https:\\\/\\\/stellalotycz.com\\\/pl\\\/produkt\\\/kamizelka-damska-szmaragdowy-poranek-natury\\\/#primaryimage\",\"url\":\"https:\\\/\\\/stellalotycz.com\\\/wp-content\\\/uploads\\\/2025\\\/12\\\/Stella_18th_07_Front.png\",\"contentUrl\":\"https:\\\/\\\/stellalotycz.com\\\/wp-content\\\/uploads\\\/2025\\\/12\\\/Stella_18th_07_Front.png\",\"width\":713,\"height\":1068},{\"@type\":\"BreadcrumbList\",\"@id\":\"https:\\\/\\\/stellalotycz.com\\\/pl\\\/produkt\\\/kamizelka-damska-szmaragdowy-poranek-natury\\\/#breadcrumb\",\"itemListElement\":[{\"@type\":\"ListItem\",\"position\":1,\"name\":\"Home\",\"item\":\"https:\\\/\\\/stellalotycz.com\\\/pl\\\/\"},{\"@type\":\"ListItem\",\"position\":2,\"name\":\"Sklep\",\"item\":\"https:\\\/\\\/stellalotycz.com\\\/pl\\\/sklep\\\/\"},{\"@type\":\"ListItem\",\"position\":3,\"name\":\"Kamizelka damska . Szmaragdowy Poranek Natury\"}]},{\"@type\":\"WebSite\",\"@id\":\"https:\\\/\\\/stellalotycz.com\\\/?currency=usd\\\/#website\",\"url\":\"https:\\\/\\\/stellalotycz.com\\\/?currency=usd\\\/\",\"name\":\"Stella Lotycz Fashion Designer\",\"description\":\"Fashion Designer\",\"publisher\":{\"@id\":\"https:\\\/\\\/stellalotycz.com\\\/?currency=usd\\\/#organization\"},\"potentialAction\":[{\"@type\":\"SearchAction\",\"target\":{\"@type\":\"EntryPoint\",\"urlTemplate\":\"https:\\\/\\\/stellalotycz.com\\\/?currency=usd\\\/?s={search_term_string}\"},\"query-input\":{\"@type\":\"PropertyValueSpecification\",\"valueRequired\":true,\"valueName\":\"search_term_string\"}}],\"inLanguage\":\"pl-PL\"},{\"@type\":\"Organization\",\"@id\":\"https:\\\/\\\/stellalotycz.com\\\/?currency=usd\\\/#organization\",\"name\":\"Stella Lotycz Fashion Designer\",\"url\":\"https:\\\/\\\/stellalotycz.com\\\/?currency=usd\\\/\",\"logo\":{\"@type\":\"ImageObject\",\"inLanguage\":\"pl-PL\",\"@id\":\"https:\\\/\\\/stellalotycz.com\\\/?currency=usd\\\/#\\\/schema\\\/logo\\\/image\\\/\",\"url\":\"https:\\\/\\\/stellalotycz.com\\\/wp-content\\\/uploads\\\/2025\\\/10\\\/Stella-Logo-Wektor.svg\",\"contentUrl\":\"https:\\\/\\\/stellalotycz.com\\\/wp-content\\\/uploads\\\/2025\\\/10\\\/Stella-Logo-Wektor.svg\",\"caption\":\"Stella Lotycz Fashion Designer\"},\"image\":{\"@id\":\"https:\\\/\\\/stellalotycz.com\\\/?currency=usd\\\/#\\\/schema\\\/logo\\\/image\\\/\"}}]}<\/script>\n<!-- \/ Yoast SEO plugin. -->","yoast_head_json":{"title":"Kamizelka damska . Szmaragdowy Poranek Natury - Stella Lotycz","robots":{"index":"index","follow":"follow","max-snippet":"max-snippet:-1","max-image-preview":"max-image-preview:large","max-video-preview":"max-video-preview:-1"},"canonical":"https:\/\/stellalotycz.com\/pl\/produkt\/kamizelka-damska-szmaragdowy-poranek-natury\/","og_locale":"pl_PL","og_type":"article","og_title":"Kamizelka damska . Szmaragdowy Poranek Natury - Stella Lotycz","og_description":"Odkryj Emerald Morning of Nature &#8211; stylow\u0105 kamizelk\u0119 damsk\u0105, kt\u00f3ra urzeka elegancj\u0105, lekko\u015bci\u0105 i spokojnym wdzi\u0119kiem natury. Unikalna paleta kolor\u00f3w inspirowana jest pi\u0119knem podwodnego \u015bwiata, \u0142\u0105cz\u0105c odcienie szmaragdu, z\u0142ota i delikatnej \u017c\u00f3\u0142ci &#8211; niczym \u015bwiat\u0142o s\u0142oneczne ta\u0144cz\u0105ce w czystej wodzie oceanu. Zainspirowane artyzmem natury, odcienie te s\u0105 pi\u0119knie przeniesione na g\u0142adk\u0105, delikatn\u0105 tkanin\u0119, kt\u00f3ra mieni [&hellip;]","og_url":"https:\/\/stellalotycz.com\/pl\/produkt\/kamizelka-damska-szmaragdowy-poranek-natury\/","og_site_name":"Stella Lotycz","og_image":[{"width":713,"height":1068,"url":"https:\/\/stellalotycz.com\/wp-content\/uploads\/2025\/12\/Stella_18th_07_Front.png","type":"image\/png"}],"twitter_card":"summary_large_image","schema":{"@context":"https:\/\/schema.org","@graph":[{"@type":"WebPage","@id":"https:\/\/stellalotycz.com\/pl\/produkt\/kamizelka-damska-szmaragdowy-poranek-natury\/","url":"https:\/\/stellalotycz.com\/pl\/produkt\/kamizelka-damska-szmaragdowy-poranek-natury\/","name":"Kamizelka damska . Szmaragdowy Poranek Natury - Stella Lotycz","isPartOf":{"@id":"https:\/\/stellalotycz.com\/?currency=usd\/#website"},"primaryImageOfPage":{"@id":"https:\/\/stellalotycz.com\/pl\/produkt\/kamizelka-damska-szmaragdowy-poranek-natury\/#primaryimage"},"image":{"@id":"https:\/\/stellalotycz.com\/pl\/produkt\/kamizelka-damska-szmaragdowy-poranek-natury\/#primaryimage"},"thumbnailUrl":"https:\/\/stellalotycz.com\/wp-content\/uploads\/2025\/12\/Stella_18th_07_Front.png","datePublished":"2025-12-11T18:15:03+00:00","breadcrumb":{"@id":"https:\/\/stellalotycz.com\/pl\/produkt\/kamizelka-damska-szmaragdowy-poranek-natury\/#breadcrumb"},"inLanguage":"pl-PL","potentialAction":[{"@type":"ReadAction","target":["https:\/\/stellalotycz.com\/pl\/produkt\/kamizelka-damska-szmaragdowy-poranek-natury\/"]}]},{"@type":"ImageObject","inLanguage":"pl-PL","@id":"https:\/\/stellalotycz.com\/pl\/produkt\/kamizelka-damska-szmaragdowy-poranek-natury\/#primaryimage","url":"https:\/\/stellalotycz.com\/wp-content\/uploads\/2025\/12\/Stella_18th_07_Front.png","contentUrl":"https:\/\/stellalotycz.com\/wp-content\/uploads\/2025\/12\/Stella_18th_07_Front.png","width":713,"height":1068},{"@type":"BreadcrumbList","@id":"https:\/\/stellalotycz.com\/pl\/produkt\/kamizelka-damska-szmaragdowy-poranek-natury\/#breadcrumb","itemListElement":[{"@type":"ListItem","position":1,"name":"Home","item":"https:\/\/stellalotycz.com\/pl\/"},{"@type":"ListItem","position":2,"name":"Sklep","item":"https:\/\/stellalotycz.com\/pl\/sklep\/"},{"@type":"ListItem","position":3,"name":"Kamizelka damska . Szmaragdowy Poranek Natury"}]},{"@type":"WebSite","@id":"https:\/\/stellalotycz.com\/?currency=usd\/#website","url":"https:\/\/stellalotycz.com\/?currency=usd\/","name":"Stella Lotycz Fashion Designer","description":"Fashion Designer","publisher":{"@id":"https:\/\/stellalotycz.com\/?currency=usd\/#organization"},"potentialAction":[{"@type":"SearchAction","target":{"@type":"EntryPoint","urlTemplate":"https:\/\/stellalotycz.com\/?currency=usd\/?s={search_term_string}"},"query-input":{"@type":"PropertyValueSpecification","valueRequired":true,"valueName":"search_term_string"}}],"inLanguage":"pl-PL"},{"@type":"Organization","@id":"https:\/\/stellalotycz.com\/?currency=usd\/#organization","name":"Stella Lotycz Fashion Designer","url":"https:\/\/stellalotycz.com\/?currency=usd\/","logo":{"@type":"ImageObject","inLanguage":"pl-PL","@id":"https:\/\/stellalotycz.com\/?currency=usd\/#\/schema\/logo\/image\/","url":"https:\/\/stellalotycz.com\/wp-content\/uploads\/2025\/10\/Stella-Logo-Wektor.svg","contentUrl":"https:\/\/stellalotycz.com\/wp-content\/uploads\/2025\/10\/Stella-Logo-Wektor.svg","caption":"Stella Lotycz Fashion Designer"},"image":{"@id":"https:\/\/stellalotycz.com\/?currency=usd\/#\/schema\/logo\/image\/"}}]}},"_links":{"self":[{"href":"https:\/\/stellalotycz.com\/pl\/wp-json\/wp\/v2\/product\/2346","targetHints":{"allow":["GET"]}}],"collection":[{"href":"https:\/\/stellalotycz.com\/pl\/wp-json\/wp\/v2\/product"}],"about":[{"href":"https:\/\/stellalotycz.com\/pl\/wp-json\/wp\/v2\/types\/product"}],"replies":[{"embeddable":true,"href":"https:\/\/stellalotycz.com\/pl\/wp-json\/wp\/v2\/comments?post=2346"}],"wp:featuredmedia":[{"embeddable":true,"href":"https:\/\/stellalotycz.com\/pl\/wp-json\/wp\/v2\/media\/2347"}],"wp:attachment":[{"href":"https:\/\/stellalotycz.com\/pl\/wp-json\/wp\/v2\/media?parent=2346"}],"wp:term":[{"taxonomy":"product_brand","embeddable":true,"href":"https:\/\/stellalotycz.com\/pl\/wp-json\/wp\/v2\/product_brand?post=2346"},{"taxonomy":"product_cat","embeddable":true,"href":"https:\/\/stellalotycz.com\/pl\/wp-json\/wp\/v2\/product_cat?post=2346"},{"taxonomy":"product_tag","embeddable":true,"href":"https:\/\/stellalotycz.com\/pl\/wp-json\/wp\/v2\/product_tag?post=2346"}],"curies":[{"name":"wp","href":"https:\/\/api.w.org\/{rel}","templated":true}]}}