{"id":2354,"date":"2025-12-11T18:25:25","date_gmt":"2025-12-11T18:25:25","guid":{"rendered":"https:\/\/stellalotycz.com\/product\/kamizelka-damska-brazowy-dance-of-nature\/"},"modified":"2025-12-11T18:25:25","modified_gmt":"2025-12-11T18:25:25","slug":"kamizelka-damska-brazowy-dance-of-nature","status":"publish","type":"product","link":"https:\/\/stellalotycz.com\/pl\/produkt\/kamizelka-damska-brazowy-dance-of-nature\/","title":{"rendered":"Kamizelka damska &#8211; br\u0105zowy Dance of Nature"},"content":{"rendered":"<p class=\"p1\">Odkryj Brown Dance of Nature &#8211; stylow\u0105 damsk\u0105 kamizelk\u0119, kt\u00f3ra \u0142\u0105czy w sobie elegancj\u0119, lekko\u015b\u0107 i ziemiste ciep\u0142o naturalnych odcieni. Jej paleta kolor\u00f3w inspirowana jest zimowymi krajobrazami, w kt\u00f3rych br\u0105zy, delikatne be\u017ce i ch\u0142odne odcienie wody przep\u0142ywaj\u0105 razem, jak \u015bwiat\u0142o s\u0142oneczne \u015blizgaj\u0105ce si\u0119 po ska\u0142ach i mieni\u0105ce si\u0119 przez krystalicznie czyste krople. <\/p>\n<p class=\"p1\">Natura sama zaprojektowa\u0142a t\u0119 wyj\u0105tkow\u0105 harmoni\u0119 kolor\u00f3w, pi\u0119knie uchwycon\u0105 na g\u0142adkiej, mi\u0119kkiej tkaninie, kt\u00f3ra \u015bwieci jak poranna rosa w pierwszym \u015bwietle dnia.<\/p>\n<p class=\"p1\">Dzi\u0119ki wyrafinowanemu krojowi kamizelka podkre\u015bla kobiec\u0105 sylwetk\u0119, zapewniaj\u0105c jednocze\u015bnie swobod\u0119 ruch\u00f3w i codzienny komfort. Stworzona dla kobiet ceni\u0105cych styl, jako\u015b\u0107 i ponadczasowe pi\u0119kno natury, dodaje wyrafinowanej harmonii ka\u017cdej stylizacji &#8211; od biurowego szyku po wieczorow\u0105 elegancj\u0119. <\/p>\n","protected":false},"excerpt":{"rendered":"<p>Odkryj Brown Dance of Nature &#8211; stylow\u0105 damsk\u0105 kamizelk\u0119, kt\u00f3ra \u0142\u0105czy w sobie elegancj\u0119, lekko\u015b\u0107 i ziemiste ciep\u0142o naturalnych odcieni. Jej paleta kolor\u00f3w inspirowana jest zimowymi krajobrazami, w kt\u00f3rych br\u0105zy, delikatne be\u017ce i ch\u0142odne odcienie wody przep\u0142ywaj\u0105 razem, jak \u015bwiat\u0142o s\u0142oneczne \u015blizgaj\u0105ce si\u0119 po ska\u0142ach i mieni\u0105ce si\u0119 przez krystalicznie czyste krople. Natura sama zaprojektowa\u0142a [&hellip;]<\/p>\n","protected":false},"featured_media":2355,"comment_status":"open","ping_status":"closed","template":"","meta":{"_acf_changed":false},"product_brand":[],"product_cat":[73,65,61],"product_tag":[],"class_list":{"0":"post-2354","1":"product","2":"type-product","3":"status-publish","4":"has-post-thumbnail","6":"product_cat-kamizelki","7":"product_cat-stella-lotycz-x-stephan-zirwes","8":"product_cat-ubrania","10":"first","11":"instock","12":"shipping-taxable","13":"purchasable","14":"product-type-variable"},"acf":[],"yoast_head":"<!-- This site is optimized with the Yoast SEO plugin v27.3 - https:\/\/yoast.com\/product\/yoast-seo-wordpress\/ -->\n<title>Kamizelka damska - br\u0105zowy Dance of Nature - Stella Lotycz<\/title>\n<meta name=\"robots\" content=\"index, follow, max-snippet:-1, max-image-preview:large, max-video-preview:-1\" \/>\n<link rel=\"canonical\" href=\"https:\/\/stellalotycz.com\/pl\/produkt\/kamizelka-damska-brazowy-dance-of-nature\/\" \/>\n<meta property=\"og:locale\" content=\"pl_PL\" \/>\n<meta property=\"og:type\" content=\"article\" \/>\n<meta property=\"og:title\" content=\"Kamizelka damska - br\u0105zowy Dance of Nature - Stella Lotycz\" \/>\n<meta property=\"og:description\" content=\"Odkryj Brown Dance of Nature &#8211; stylow\u0105 damsk\u0105 kamizelk\u0119, kt\u00f3ra \u0142\u0105czy w sobie elegancj\u0119, lekko\u015b\u0107 i ziemiste ciep\u0142o naturalnych odcieni. Jej paleta kolor\u00f3w inspirowana jest zimowymi krajobrazami, w kt\u00f3rych br\u0105zy, delikatne be\u017ce i ch\u0142odne odcienie wody przep\u0142ywaj\u0105 razem, jak \u015bwiat\u0142o s\u0142oneczne \u015blizgaj\u0105ce si\u0119 po ska\u0142ach i mieni\u0105ce si\u0119 przez krystalicznie czyste krople. Natura sama zaprojektowa\u0142a [&hellip;]\" \/>\n<meta property=\"og:url\" content=\"https:\/\/stellalotycz.com\/pl\/produkt\/kamizelka-damska-brazowy-dance-of-nature\/\" \/>\n<meta property=\"og:site_name\" content=\"Stella Lotycz\" \/>\n<meta property=\"og:image\" content=\"https:\/\/stellalotycz.com\/wp-content\/uploads\/2025\/12\/Stella_Update_04.50.png\" \/>\n\t<meta property=\"og:image:width\" content=\"713\" \/>\n\t<meta property=\"og:image:height\" content=\"1068\" \/>\n\t<meta property=\"og:image:type\" content=\"image\/png\" \/>\n<meta name=\"twitter:card\" content=\"summary_large_image\" \/>\n<script type=\"application\/ld+json\" class=\"yoast-schema-graph\">{\"@context\":\"https:\\\/\\\/schema.org\",\"@graph\":[{\"@type\":\"WebPage\",\"@id\":\"https:\\\/\\\/stellalotycz.com\\\/pl\\\/produkt\\\/kamizelka-damska-brazowy-dance-of-nature\\\/\",\"url\":\"https:\\\/\\\/stellalotycz.com\\\/pl\\\/produkt\\\/kamizelka-damska-brazowy-dance-of-nature\\\/\",\"name\":\"Kamizelka damska - br\u0105zowy Dance of Nature - Stella Lotycz\",\"isPartOf\":{\"@id\":\"https:\\\/\\\/stellalotycz.com\\\/?currency=usd\\\/#website\"},\"primaryImageOfPage\":{\"@id\":\"https:\\\/\\\/stellalotycz.com\\\/pl\\\/produkt\\\/kamizelka-damska-brazowy-dance-of-nature\\\/#primaryimage\"},\"image\":{\"@id\":\"https:\\\/\\\/stellalotycz.com\\\/pl\\\/produkt\\\/kamizelka-damska-brazowy-dance-of-nature\\\/#primaryimage\"},\"thumbnailUrl\":\"https:\\\/\\\/stellalotycz.com\\\/wp-content\\\/uploads\\\/2025\\\/12\\\/Stella_Update_04.50.png\",\"datePublished\":\"2025-12-11T18:25:25+00:00\",\"breadcrumb\":{\"@id\":\"https:\\\/\\\/stellalotycz.com\\\/pl\\\/produkt\\\/kamizelka-damska-brazowy-dance-of-nature\\\/#breadcrumb\"},\"inLanguage\":\"pl-PL\",\"potentialAction\":[{\"@type\":\"ReadAction\",\"target\":[\"https:\\\/\\\/stellalotycz.com\\\/pl\\\/produkt\\\/kamizelka-damska-brazowy-dance-of-nature\\\/\"]}]},{\"@type\":\"ImageObject\",\"inLanguage\":\"pl-PL\",\"@id\":\"https:\\\/\\\/stellalotycz.com\\\/pl\\\/produkt\\\/kamizelka-damska-brazowy-dance-of-nature\\\/#primaryimage\",\"url\":\"https:\\\/\\\/stellalotycz.com\\\/wp-content\\\/uploads\\\/2025\\\/12\\\/Stella_Update_04.50.png\",\"contentUrl\":\"https:\\\/\\\/stellalotycz.com\\\/wp-content\\\/uploads\\\/2025\\\/12\\\/Stella_Update_04.50.png\",\"width\":713,\"height\":1068},{\"@type\":\"BreadcrumbList\",\"@id\":\"https:\\\/\\\/stellalotycz.com\\\/pl\\\/produkt\\\/kamizelka-damska-brazowy-dance-of-nature\\\/#breadcrumb\",\"itemListElement\":[{\"@type\":\"ListItem\",\"position\":1,\"name\":\"Home\",\"item\":\"https:\\\/\\\/stellalotycz.com\\\/pl\\\/\"},{\"@type\":\"ListItem\",\"position\":2,\"name\":\"Sklep\",\"item\":\"https:\\\/\\\/stellalotycz.com\\\/pl\\\/sklep\\\/\"},{\"@type\":\"ListItem\",\"position\":3,\"name\":\"Kamizelka damska &#8211; br\u0105zowy Dance of Nature\"}]},{\"@type\":\"WebSite\",\"@id\":\"https:\\\/\\\/stellalotycz.com\\\/?currency=usd\\\/#website\",\"url\":\"https:\\\/\\\/stellalotycz.com\\\/?currency=usd\\\/\",\"name\":\"Stella Lotycz Fashion Designer\",\"description\":\"Fashion Designer\",\"publisher\":{\"@id\":\"https:\\\/\\\/stellalotycz.com\\\/?currency=usd\\\/#organization\"},\"potentialAction\":[{\"@type\":\"SearchAction\",\"target\":{\"@type\":\"EntryPoint\",\"urlTemplate\":\"https:\\\/\\\/stellalotycz.com\\\/?currency=usd\\\/?s={search_term_string}\"},\"query-input\":{\"@type\":\"PropertyValueSpecification\",\"valueRequired\":true,\"valueName\":\"search_term_string\"}}],\"inLanguage\":\"pl-PL\"},{\"@type\":\"Organization\",\"@id\":\"https:\\\/\\\/stellalotycz.com\\\/?currency=usd\\\/#organization\",\"name\":\"Stella Lotycz Fashion Designer\",\"url\":\"https:\\\/\\\/stellalotycz.com\\\/?currency=usd\\\/\",\"logo\":{\"@type\":\"ImageObject\",\"inLanguage\":\"pl-PL\",\"@id\":\"https:\\\/\\\/stellalotycz.com\\\/?currency=usd\\\/#\\\/schema\\\/logo\\\/image\\\/\",\"url\":\"https:\\\/\\\/stellalotycz.com\\\/wp-content\\\/uploads\\\/2025\\\/10\\\/Stella-Logo-Wektor.svg\",\"contentUrl\":\"https:\\\/\\\/stellalotycz.com\\\/wp-content\\\/uploads\\\/2025\\\/10\\\/Stella-Logo-Wektor.svg\",\"caption\":\"Stella Lotycz Fashion Designer\"},\"image\":{\"@id\":\"https:\\\/\\\/stellalotycz.com\\\/?currency=usd\\\/#\\\/schema\\\/logo\\\/image\\\/\"}}]}<\/script>\n<!-- \/ Yoast SEO plugin. -->","yoast_head_json":{"title":"Kamizelka damska - br\u0105zowy Dance of Nature - Stella Lotycz","robots":{"index":"index","follow":"follow","max-snippet":"max-snippet:-1","max-image-preview":"max-image-preview:large","max-video-preview":"max-video-preview:-1"},"canonical":"https:\/\/stellalotycz.com\/pl\/produkt\/kamizelka-damska-brazowy-dance-of-nature\/","og_locale":"pl_PL","og_type":"article","og_title":"Kamizelka damska - br\u0105zowy Dance of Nature - Stella Lotycz","og_description":"Odkryj Brown Dance of Nature &#8211; stylow\u0105 damsk\u0105 kamizelk\u0119, kt\u00f3ra \u0142\u0105czy w sobie elegancj\u0119, lekko\u015b\u0107 i ziemiste ciep\u0142o naturalnych odcieni. Jej paleta kolor\u00f3w inspirowana jest zimowymi krajobrazami, w kt\u00f3rych br\u0105zy, delikatne be\u017ce i ch\u0142odne odcienie wody przep\u0142ywaj\u0105 razem, jak \u015bwiat\u0142o s\u0142oneczne \u015blizgaj\u0105ce si\u0119 po ska\u0142ach i mieni\u0105ce si\u0119 przez krystalicznie czyste krople. Natura sama zaprojektowa\u0142a [&hellip;]","og_url":"https:\/\/stellalotycz.com\/pl\/produkt\/kamizelka-damska-brazowy-dance-of-nature\/","og_site_name":"Stella Lotycz","og_image":[{"width":713,"height":1068,"url":"https:\/\/stellalotycz.com\/wp-content\/uploads\/2025\/12\/Stella_Update_04.50.png","type":"image\/png"}],"twitter_card":"summary_large_image","schema":{"@context":"https:\/\/schema.org","@graph":[{"@type":"WebPage","@id":"https:\/\/stellalotycz.com\/pl\/produkt\/kamizelka-damska-brazowy-dance-of-nature\/","url":"https:\/\/stellalotycz.com\/pl\/produkt\/kamizelka-damska-brazowy-dance-of-nature\/","name":"Kamizelka damska - br\u0105zowy Dance of Nature - Stella Lotycz","isPartOf":{"@id":"https:\/\/stellalotycz.com\/?currency=usd\/#website"},"primaryImageOfPage":{"@id":"https:\/\/stellalotycz.com\/pl\/produkt\/kamizelka-damska-brazowy-dance-of-nature\/#primaryimage"},"image":{"@id":"https:\/\/stellalotycz.com\/pl\/produkt\/kamizelka-damska-brazowy-dance-of-nature\/#primaryimage"},"thumbnailUrl":"https:\/\/stellalotycz.com\/wp-content\/uploads\/2025\/12\/Stella_Update_04.50.png","datePublished":"2025-12-11T18:25:25+00:00","breadcrumb":{"@id":"https:\/\/stellalotycz.com\/pl\/produkt\/kamizelka-damska-brazowy-dance-of-nature\/#breadcrumb"},"inLanguage":"pl-PL","potentialAction":[{"@type":"ReadAction","target":["https:\/\/stellalotycz.com\/pl\/produkt\/kamizelka-damska-brazowy-dance-of-nature\/"]}]},{"@type":"ImageObject","inLanguage":"pl-PL","@id":"https:\/\/stellalotycz.com\/pl\/produkt\/kamizelka-damska-brazowy-dance-of-nature\/#primaryimage","url":"https:\/\/stellalotycz.com\/wp-content\/uploads\/2025\/12\/Stella_Update_04.50.png","contentUrl":"https:\/\/stellalotycz.com\/wp-content\/uploads\/2025\/12\/Stella_Update_04.50.png","width":713,"height":1068},{"@type":"BreadcrumbList","@id":"https:\/\/stellalotycz.com\/pl\/produkt\/kamizelka-damska-brazowy-dance-of-nature\/#breadcrumb","itemListElement":[{"@type":"ListItem","position":1,"name":"Home","item":"https:\/\/stellalotycz.com\/pl\/"},{"@type":"ListItem","position":2,"name":"Sklep","item":"https:\/\/stellalotycz.com\/pl\/sklep\/"},{"@type":"ListItem","position":3,"name":"Kamizelka damska &#8211; br\u0105zowy Dance of Nature"}]},{"@type":"WebSite","@id":"https:\/\/stellalotycz.com\/?currency=usd\/#website","url":"https:\/\/stellalotycz.com\/?currency=usd\/","name":"Stella Lotycz Fashion Designer","description":"Fashion Designer","publisher":{"@id":"https:\/\/stellalotycz.com\/?currency=usd\/#organization"},"potentialAction":[{"@type":"SearchAction","target":{"@type":"EntryPoint","urlTemplate":"https:\/\/stellalotycz.com\/?currency=usd\/?s={search_term_string}"},"query-input":{"@type":"PropertyValueSpecification","valueRequired":true,"valueName":"search_term_string"}}],"inLanguage":"pl-PL"},{"@type":"Organization","@id":"https:\/\/stellalotycz.com\/?currency=usd\/#organization","name":"Stella Lotycz Fashion Designer","url":"https:\/\/stellalotycz.com\/?currency=usd\/","logo":{"@type":"ImageObject","inLanguage":"pl-PL","@id":"https:\/\/stellalotycz.com\/?currency=usd\/#\/schema\/logo\/image\/","url":"https:\/\/stellalotycz.com\/wp-content\/uploads\/2025\/10\/Stella-Logo-Wektor.svg","contentUrl":"https:\/\/stellalotycz.com\/wp-content\/uploads\/2025\/10\/Stella-Logo-Wektor.svg","caption":"Stella Lotycz Fashion Designer"},"image":{"@id":"https:\/\/stellalotycz.com\/?currency=usd\/#\/schema\/logo\/image\/"}}]}},"_links":{"self":[{"href":"https:\/\/stellalotycz.com\/pl\/wp-json\/wp\/v2\/product\/2354","targetHints":{"allow":["GET"]}}],"collection":[{"href":"https:\/\/stellalotycz.com\/pl\/wp-json\/wp\/v2\/product"}],"about":[{"href":"https:\/\/stellalotycz.com\/pl\/wp-json\/wp\/v2\/types\/product"}],"replies":[{"embeddable":true,"href":"https:\/\/stellalotycz.com\/pl\/wp-json\/wp\/v2\/comments?post=2354"}],"wp:featuredmedia":[{"embeddable":true,"href":"https:\/\/stellalotycz.com\/pl\/wp-json\/wp\/v2\/media\/2355"}],"wp:attachment":[{"href":"https:\/\/stellalotycz.com\/pl\/wp-json\/wp\/v2\/media?parent=2354"}],"wp:term":[{"taxonomy":"product_brand","embeddable":true,"href":"https:\/\/stellalotycz.com\/pl\/wp-json\/wp\/v2\/product_brand?post=2354"},{"taxonomy":"product_cat","embeddable":true,"href":"https:\/\/stellalotycz.com\/pl\/wp-json\/wp\/v2\/product_cat?post=2354"},{"taxonomy":"product_tag","embeddable":true,"href":"https:\/\/stellalotycz.com\/pl\/wp-json\/wp\/v2\/product_tag?post=2354"}],"curies":[{"name":"wp","href":"https:\/\/api.w.org\/{rel}","templated":true}]}}