{"id":2362,"date":"2025-11-30T17:13:43","date_gmt":"2025-11-30T17:13:43","guid":{"rendered":"https:\/\/stellalotycz.com\/product\/szmaragdowa-marynarka-z-dlugim-rekawem-koral-z-ekwadoru\/"},"modified":"2025-12-27T17:58:04","modified_gmt":"2025-12-27T17:58:04","slug":"szmaragdowa-marynarka-z-dlugim-rekawem-koral-z-ekwadoru","status":"publish","type":"product","link":"https:\/\/stellalotycz.com\/pl\/produkt\/szmaragdowa-marynarka-z-dlugim-rekawem-koral-z-ekwadoru\/","title":{"rendered":"Szmaragdowa marynarka z d\u0142ugim r\u0119kawem. Koral z Ekwadoru"},"content":{"rendered":"<p class=\"p1\">Odkryj idealn\u0105 harmoni\u0119 stylu i wygody w tej eleganckiej kr\u00f3tkiej marynarce damskiej inspirowanej podwodnym \u015bwiatem Ekwadoru. Urzeka pi\u0119knymi naturalnymi odcieniami g\u0142\u0119bokiej zieleni i wyrafinowanym kobiecym krojem &#8211; idealnym na spotkania biznesowe, kolacje czy spacery po mie\u015bcie. Unikalny nadruk koralowca, uchwycony podczas nurkowania, ukazuje cuda natury w ich najbardziej osza\u0142amiaj\u0105cej formie. Wykonana z mi\u0119kkiego, przyjemnego w dotyku materia\u0142u, zapewnia komfort noszenia przez ca\u0142y dzie\u0144. Elegancki kr\u00f3j pi\u0119knie podkre\u015bla sylwetk\u0119, a uniwersalny kr\u00f3j doskonale komponuje si\u0119 z klasycznymi i nowoczesnymi strojami.    <\/p>\n<p class=\"p1\">No\u015b j\u0105 idealnie dopasowan\u0105 lub w lu\u017anym stylu &#8211; stw\u00f3rz sw\u00f3j indywidualny wygl\u0105d na ka\u017cd\u0105 okazj\u0119. Ten ponadczasowy kr\u00f3tki blezer damski \u0142\u0105czy w sobie wyrafinowanie, lekko\u015b\u0107 i nowoczesn\u0105 prostot\u0119. Kup teraz t\u0119 wyj\u0105tkow\u0105 marynark\u0119 inspirowan\u0105 natur\u0105 &#8211; dla kobiet ceni\u0105cych elegancj\u0119, najwy\u017csz\u0105 jako\u015b\u0107 i unikalny design z podwodnego \u015bwiata Ekwadoru! Idealny elegancki blezer do noszenia na co dzie\u0144 i na specjalne okazje   <\/p>\n","protected":false},"excerpt":{"rendered":"<p>Odkryj idealn\u0105 harmoni\u0119 stylu i wygody w tej eleganckiej kr\u00f3tkiej marynarce damskiej inspirowanej podwodnym \u015bwiatem Ekwadoru. Urzeka pi\u0119knymi naturalnymi odcieniami g\u0142\u0119bokiej zieleni i wyrafinowanym kobiecym krojem &#8211; idealnym na spotkania biznesowe, kolacje czy spacery po mie\u015bcie. Unikalny nadruk koralowca, uchwycony podczas nurkowania, ukazuje cuda natury w ich najbardziej osza\u0142amiaj\u0105cej formie. Wykonana z mi\u0119kkiego, przyjemnego w [&hellip;]<\/p>\n","protected":false},"featured_media":2977,"comment_status":"open","ping_status":"closed","template":"","meta":{"_acf_changed":false},"product_brand":[],"product_cat":[64,68,63,61],"product_tag":[],"class_list":{"0":"post-2362","1":"product","2":"type-product","3":"status-publish","4":"has-post-thumbnail","6":"product_cat-bestsellery","7":"product_cat-marynarki","8":"product_cat-stella-lotycz-x-tomasz-baczkowski","9":"product_cat-ubrania","11":"first","12":"instock","13":"shipping-taxable","14":"purchasable","15":"product-type-variable"},"acf":[],"yoast_head":"<!-- This site is optimized with the Yoast SEO plugin v27.3 - https:\/\/yoast.com\/product\/yoast-seo-wordpress\/ -->\n<title>Szmaragdowa marynarka z d\u0142ugim r\u0119kawem. Koral z Ekwadoru - Stella Lotycz<\/title>\n<meta name=\"robots\" content=\"index, follow, max-snippet:-1, max-image-preview:large, max-video-preview:-1\" \/>\n<link rel=\"canonical\" href=\"https:\/\/stellalotycz.com\/pl\/produkt\/szmaragdowa-marynarka-z-dlugim-rekawem-koral-z-ekwadoru\/\" \/>\n<meta property=\"og:locale\" content=\"pl_PL\" \/>\n<meta property=\"og:type\" content=\"article\" \/>\n<meta property=\"og:title\" content=\"Szmaragdowa marynarka z d\u0142ugim r\u0119kawem. Koral z Ekwadoru - Stella Lotycz\" \/>\n<meta property=\"og:description\" content=\"Odkryj idealn\u0105 harmoni\u0119 stylu i wygody w tej eleganckiej kr\u00f3tkiej marynarce damskiej inspirowanej podwodnym \u015bwiatem Ekwadoru. Urzeka pi\u0119knymi naturalnymi odcieniami g\u0142\u0119bokiej zieleni i wyrafinowanym kobiecym krojem &#8211; idealnym na spotkania biznesowe, kolacje czy spacery po mie\u015bcie. Unikalny nadruk koralowca, uchwycony podczas nurkowania, ukazuje cuda natury w ich najbardziej osza\u0142amiaj\u0105cej formie. Wykonana z mi\u0119kkiego, przyjemnego w [&hellip;]\" \/>\n<meta property=\"og:url\" content=\"https:\/\/stellalotycz.com\/pl\/produkt\/szmaragdowa-marynarka-z-dlugim-rekawem-koral-z-ekwadoru\/\" \/>\n<meta property=\"og:site_name\" content=\"Stella Lotycz\" \/>\n<meta property=\"article:modified_time\" content=\"2025-12-27T17:58:04+00:00\" \/>\n<meta property=\"og:image\" content=\"https:\/\/stellalotycz.com\/wp-content\/uploads\/2025\/10\/x.png\" \/>\n\t<meta property=\"og:image:width\" content=\"1755\" \/>\n\t<meta property=\"og:image:height\" content=\"1755\" \/>\n\t<meta property=\"og:image:type\" content=\"image\/png\" \/>\n<meta name=\"twitter:card\" content=\"summary_large_image\" \/>\n<script type=\"application\/ld+json\" class=\"yoast-schema-graph\">{\"@context\":\"https:\\\/\\\/schema.org\",\"@graph\":[{\"@type\":\"WebPage\",\"@id\":\"https:\\\/\\\/stellalotycz.com\\\/pl\\\/produkt\\\/szmaragdowa-marynarka-z-dlugim-rekawem-koral-z-ekwadoru\\\/\",\"url\":\"https:\\\/\\\/stellalotycz.com\\\/pl\\\/produkt\\\/szmaragdowa-marynarka-z-dlugim-rekawem-koral-z-ekwadoru\\\/\",\"name\":\"Szmaragdowa marynarka z d\u0142ugim r\u0119kawem. Koral z Ekwadoru - Stella Lotycz\",\"isPartOf\":{\"@id\":\"https:\\\/\\\/stellalotycz.com\\\/?currency=usd\\\/#website\"},\"primaryImageOfPage\":{\"@id\":\"https:\\\/\\\/stellalotycz.com\\\/pl\\\/produkt\\\/szmaragdowa-marynarka-z-dlugim-rekawem-koral-z-ekwadoru\\\/#primaryimage\"},\"image\":{\"@id\":\"https:\\\/\\\/stellalotycz.com\\\/pl\\\/produkt\\\/szmaragdowa-marynarka-z-dlugim-rekawem-koral-z-ekwadoru\\\/#primaryimage\"},\"thumbnailUrl\":\"https:\\\/\\\/stellalotycz.com\\\/wp-content\\\/uploads\\\/2025\\\/11\\\/9466f6ff-2ea6-49f7-92a6-32199f34f6d5.png\",\"datePublished\":\"2025-11-30T17:13:43+00:00\",\"dateModified\":\"2025-12-27T17:58:04+00:00\",\"breadcrumb\":{\"@id\":\"https:\\\/\\\/stellalotycz.com\\\/pl\\\/produkt\\\/szmaragdowa-marynarka-z-dlugim-rekawem-koral-z-ekwadoru\\\/#breadcrumb\"},\"inLanguage\":\"pl-PL\",\"potentialAction\":[{\"@type\":\"ReadAction\",\"target\":[\"https:\\\/\\\/stellalotycz.com\\\/pl\\\/produkt\\\/szmaragdowa-marynarka-z-dlugim-rekawem-koral-z-ekwadoru\\\/\"]}]},{\"@type\":\"ImageObject\",\"inLanguage\":\"pl-PL\",\"@id\":\"https:\\\/\\\/stellalotycz.com\\\/pl\\\/produkt\\\/szmaragdowa-marynarka-z-dlugim-rekawem-koral-z-ekwadoru\\\/#primaryimage\",\"url\":\"https:\\\/\\\/stellalotycz.com\\\/wp-content\\\/uploads\\\/2025\\\/11\\\/9466f6ff-2ea6-49f7-92a6-32199f34f6d5.png\",\"contentUrl\":\"https:\\\/\\\/stellalotycz.com\\\/wp-content\\\/uploads\\\/2025\\\/11\\\/9466f6ff-2ea6-49f7-92a6-32199f34f6d5.png\",\"width\":1600,\"height\":1600},{\"@type\":\"BreadcrumbList\",\"@id\":\"https:\\\/\\\/stellalotycz.com\\\/pl\\\/produkt\\\/szmaragdowa-marynarka-z-dlugim-rekawem-koral-z-ekwadoru\\\/#breadcrumb\",\"itemListElement\":[{\"@type\":\"ListItem\",\"position\":1,\"name\":\"Home\",\"item\":\"https:\\\/\\\/stellalotycz.com\\\/pl\\\/\"},{\"@type\":\"ListItem\",\"position\":2,\"name\":\"Sklep\",\"item\":\"https:\\\/\\\/stellalotycz.com\\\/pl\\\/sklep\\\/\"},{\"@type\":\"ListItem\",\"position\":3,\"name\":\"Szmaragdowa marynarka z d\u0142ugim r\u0119kawem. Koral z Ekwadoru\"}]},{\"@type\":\"WebSite\",\"@id\":\"https:\\\/\\\/stellalotycz.com\\\/?currency=usd\\\/#website\",\"url\":\"https:\\\/\\\/stellalotycz.com\\\/?currency=usd\\\/\",\"name\":\"Stella Lotycz Fashion Designer\",\"description\":\"Fashion Designer\",\"publisher\":{\"@id\":\"https:\\\/\\\/stellalotycz.com\\\/?currency=usd\\\/#organization\"},\"potentialAction\":[{\"@type\":\"SearchAction\",\"target\":{\"@type\":\"EntryPoint\",\"urlTemplate\":\"https:\\\/\\\/stellalotycz.com\\\/?currency=usd\\\/?s={search_term_string}\"},\"query-input\":{\"@type\":\"PropertyValueSpecification\",\"valueRequired\":true,\"valueName\":\"search_term_string\"}}],\"inLanguage\":\"pl-PL\"},{\"@type\":\"Organization\",\"@id\":\"https:\\\/\\\/stellalotycz.com\\\/?currency=usd\\\/#organization\",\"name\":\"Stella Lotycz Fashion Designer\",\"url\":\"https:\\\/\\\/stellalotycz.com\\\/?currency=usd\\\/\",\"logo\":{\"@type\":\"ImageObject\",\"inLanguage\":\"pl-PL\",\"@id\":\"https:\\\/\\\/stellalotycz.com\\\/?currency=usd\\\/#\\\/schema\\\/logo\\\/image\\\/\",\"url\":\"https:\\\/\\\/stellalotycz.com\\\/wp-content\\\/uploads\\\/2025\\\/10\\\/Stella-Logo-Wektor.svg\",\"contentUrl\":\"https:\\\/\\\/stellalotycz.com\\\/wp-content\\\/uploads\\\/2025\\\/10\\\/Stella-Logo-Wektor.svg\",\"caption\":\"Stella Lotycz Fashion Designer\"},\"image\":{\"@id\":\"https:\\\/\\\/stellalotycz.com\\\/?currency=usd\\\/#\\\/schema\\\/logo\\\/image\\\/\"}}]}<\/script>\n<!-- \/ Yoast SEO plugin. -->","yoast_head_json":{"title":"Szmaragdowa marynarka z d\u0142ugim r\u0119kawem. Koral z Ekwadoru - Stella Lotycz","robots":{"index":"index","follow":"follow","max-snippet":"max-snippet:-1","max-image-preview":"max-image-preview:large","max-video-preview":"max-video-preview:-1"},"canonical":"https:\/\/stellalotycz.com\/pl\/produkt\/szmaragdowa-marynarka-z-dlugim-rekawem-koral-z-ekwadoru\/","og_locale":"pl_PL","og_type":"article","og_title":"Szmaragdowa marynarka z d\u0142ugim r\u0119kawem. Koral z Ekwadoru - Stella Lotycz","og_description":"Odkryj idealn\u0105 harmoni\u0119 stylu i wygody w tej eleganckiej kr\u00f3tkiej marynarce damskiej inspirowanej podwodnym \u015bwiatem Ekwadoru. Urzeka pi\u0119knymi naturalnymi odcieniami g\u0142\u0119bokiej zieleni i wyrafinowanym kobiecym krojem &#8211; idealnym na spotkania biznesowe, kolacje czy spacery po mie\u015bcie. Unikalny nadruk koralowca, uchwycony podczas nurkowania, ukazuje cuda natury w ich najbardziej osza\u0142amiaj\u0105cej formie. Wykonana z mi\u0119kkiego, przyjemnego w [&hellip;]","og_url":"https:\/\/stellalotycz.com\/pl\/produkt\/szmaragdowa-marynarka-z-dlugim-rekawem-koral-z-ekwadoru\/","og_site_name":"Stella Lotycz","article_modified_time":"2025-12-27T17:58:04+00:00","og_image":[{"width":1755,"height":1755,"url":"https:\/\/stellalotycz.com\/wp-content\/uploads\/2025\/10\/x.png","type":"image\/png"}],"twitter_card":"summary_large_image","schema":{"@context":"https:\/\/schema.org","@graph":[{"@type":"WebPage","@id":"https:\/\/stellalotycz.com\/pl\/produkt\/szmaragdowa-marynarka-z-dlugim-rekawem-koral-z-ekwadoru\/","url":"https:\/\/stellalotycz.com\/pl\/produkt\/szmaragdowa-marynarka-z-dlugim-rekawem-koral-z-ekwadoru\/","name":"Szmaragdowa marynarka z d\u0142ugim r\u0119kawem. Koral z Ekwadoru - Stella Lotycz","isPartOf":{"@id":"https:\/\/stellalotycz.com\/?currency=usd\/#website"},"primaryImageOfPage":{"@id":"https:\/\/stellalotycz.com\/pl\/produkt\/szmaragdowa-marynarka-z-dlugim-rekawem-koral-z-ekwadoru\/#primaryimage"},"image":{"@id":"https:\/\/stellalotycz.com\/pl\/produkt\/szmaragdowa-marynarka-z-dlugim-rekawem-koral-z-ekwadoru\/#primaryimage"},"thumbnailUrl":"https:\/\/stellalotycz.com\/wp-content\/uploads\/2025\/11\/9466f6ff-2ea6-49f7-92a6-32199f34f6d5.png","datePublished":"2025-11-30T17:13:43+00:00","dateModified":"2025-12-27T17:58:04+00:00","breadcrumb":{"@id":"https:\/\/stellalotycz.com\/pl\/produkt\/szmaragdowa-marynarka-z-dlugim-rekawem-koral-z-ekwadoru\/#breadcrumb"},"inLanguage":"pl-PL","potentialAction":[{"@type":"ReadAction","target":["https:\/\/stellalotycz.com\/pl\/produkt\/szmaragdowa-marynarka-z-dlugim-rekawem-koral-z-ekwadoru\/"]}]},{"@type":"ImageObject","inLanguage":"pl-PL","@id":"https:\/\/stellalotycz.com\/pl\/produkt\/szmaragdowa-marynarka-z-dlugim-rekawem-koral-z-ekwadoru\/#primaryimage","url":"https:\/\/stellalotycz.com\/wp-content\/uploads\/2025\/11\/9466f6ff-2ea6-49f7-92a6-32199f34f6d5.png","contentUrl":"https:\/\/stellalotycz.com\/wp-content\/uploads\/2025\/11\/9466f6ff-2ea6-49f7-92a6-32199f34f6d5.png","width":1600,"height":1600},{"@type":"BreadcrumbList","@id":"https:\/\/stellalotycz.com\/pl\/produkt\/szmaragdowa-marynarka-z-dlugim-rekawem-koral-z-ekwadoru\/#breadcrumb","itemListElement":[{"@type":"ListItem","position":1,"name":"Home","item":"https:\/\/stellalotycz.com\/pl\/"},{"@type":"ListItem","position":2,"name":"Sklep","item":"https:\/\/stellalotycz.com\/pl\/sklep\/"},{"@type":"ListItem","position":3,"name":"Szmaragdowa marynarka z d\u0142ugim r\u0119kawem. Koral z Ekwadoru"}]},{"@type":"WebSite","@id":"https:\/\/stellalotycz.com\/?currency=usd\/#website","url":"https:\/\/stellalotycz.com\/?currency=usd\/","name":"Stella Lotycz Fashion Designer","description":"Fashion Designer","publisher":{"@id":"https:\/\/stellalotycz.com\/?currency=usd\/#organization"},"potentialAction":[{"@type":"SearchAction","target":{"@type":"EntryPoint","urlTemplate":"https:\/\/stellalotycz.com\/?currency=usd\/?s={search_term_string}"},"query-input":{"@type":"PropertyValueSpecification","valueRequired":true,"valueName":"search_term_string"}}],"inLanguage":"pl-PL"},{"@type":"Organization","@id":"https:\/\/stellalotycz.com\/?currency=usd\/#organization","name":"Stella Lotycz Fashion Designer","url":"https:\/\/stellalotycz.com\/?currency=usd\/","logo":{"@type":"ImageObject","inLanguage":"pl-PL","@id":"https:\/\/stellalotycz.com\/?currency=usd\/#\/schema\/logo\/image\/","url":"https:\/\/stellalotycz.com\/wp-content\/uploads\/2025\/10\/Stella-Logo-Wektor.svg","contentUrl":"https:\/\/stellalotycz.com\/wp-content\/uploads\/2025\/10\/Stella-Logo-Wektor.svg","caption":"Stella Lotycz Fashion Designer"},"image":{"@id":"https:\/\/stellalotycz.com\/?currency=usd\/#\/schema\/logo\/image\/"}}]}},"_links":{"self":[{"href":"https:\/\/stellalotycz.com\/pl\/wp-json\/wp\/v2\/product\/2362","targetHints":{"allow":["GET"]}}],"collection":[{"href":"https:\/\/stellalotycz.com\/pl\/wp-json\/wp\/v2\/product"}],"about":[{"href":"https:\/\/stellalotycz.com\/pl\/wp-json\/wp\/v2\/types\/product"}],"replies":[{"embeddable":true,"href":"https:\/\/stellalotycz.com\/pl\/wp-json\/wp\/v2\/comments?post=2362"}],"wp:featuredmedia":[{"embeddable":true,"href":"https:\/\/stellalotycz.com\/pl\/wp-json\/wp\/v2\/media\/2977"}],"wp:attachment":[{"href":"https:\/\/stellalotycz.com\/pl\/wp-json\/wp\/v2\/media?parent=2362"}],"wp:term":[{"taxonomy":"product_brand","embeddable":true,"href":"https:\/\/stellalotycz.com\/pl\/wp-json\/wp\/v2\/product_brand?post=2362"},{"taxonomy":"product_cat","embeddable":true,"href":"https:\/\/stellalotycz.com\/pl\/wp-json\/wp\/v2\/product_cat?post=2362"},{"taxonomy":"product_tag","embeddable":true,"href":"https:\/\/stellalotycz.com\/pl\/wp-json\/wp\/v2\/product_tag?post=2362"}],"curies":[{"name":"wp","href":"https:\/\/api.w.org\/{rel}","templated":true}]}}