{"id":2934,"date":"2026-02-13T17:09:45","date_gmt":"2026-02-13T17:09:45","guid":{"rendered":"https:\/\/stellalotycz.com\/product\/spodnie-wschodzace-slonce\/"},"modified":"2026-02-13T17:09:45","modified_gmt":"2026-02-13T17:09:45","slug":"spodnie-wschodzace-slonce","status":"publish","type":"product","link":"https:\/\/stellalotycz.com\/pl\/produkt\/spodnie-wschodzace-slonce\/","title":{"rendered":"Spodnie . Wschodz\u0105ce S\u0142o\u0144ce"},"content":{"rendered":"<div class=\"prose dark:prose-invert inline leading-relaxed break-words min-w-0 [word-break:break-word] prose-strong:font-medium visRefresh2026Fonts:prose-strong:font-bold [&amp;_&gt;*:first-child]:mt-0 [&amp;_&gt;*:last-child]:mb-0\">\n<p class=\"my-2 [&amp;+p]:mt-4 [&amp;_strong:has(+br)]:inline-block [&amp;_strong:has(+br)]:pb-2\">Spodnie z wysokim stanem z unikalnym nadrukiem inspirowanym porann\u0105 ros\u0105 i delikatnym blaskiem wschodz\u0105cego s\u0142o\u0144ca. Odcienie zieleni i \u017cywy z\u0142oty odcie\u0144 \u0142\u0105cz\u0105 si\u0119 z ch\u0142odniejszymi barwami, tworz\u0105c na tkaninie \u015bwie\u017c\u0105, artystyczn\u0105 kompozycj\u0119. Prosta, lekko zw\u0119\u017cana nogawka optycznie wyd\u0142u\u017ca sylwetk\u0119, a subtelne rozci\u0119cia przy kostkach dodaj\u0105 nowoczesnego charakteru. Zapi\u0119cie z przodu zapewnia wygod\u0119 noszenia, dzi\u0119ki czemu spodnie sprawdz\u0105 si\u0119 zar\u00f3wno w po\u0142\u0105czeniu z eleganckimi szpilkami, jak i wygodnymi butami na co dzie\u0144. To propozycja dla mi\u0142o\u015bniczek odwa\u017cnych, artystycznych wzor\u00f3w, kt\u00f3re lubi\u0105 wyr\u00f3\u017cnia\u0107 si\u0119 z t\u0142umu.    <\/p>\n<\/div>\n","protected":false},"excerpt":{"rendered":"<p>Spodnie z wysokim stanem z unikalnym nadrukiem inspirowanym porann\u0105 ros\u0105 i delikatnym blaskiem wschodz\u0105cego s\u0142o\u0144ca. Odcienie zieleni i \u017cywy z\u0142oty odcie\u0144 \u0142\u0105cz\u0105 si\u0119 z ch\u0142odniejszymi barwami, tworz\u0105c na tkaninie \u015bwie\u017c\u0105, artystyczn\u0105 kompozycj\u0119. Prosta, lekko zw\u0119\u017cana nogawka optycznie wyd\u0142u\u017ca sylwetk\u0119, a subtelne rozci\u0119cia przy kostkach dodaj\u0105 nowoczesnego charakteru. Zapi\u0119cie z przodu zapewnia wygod\u0119 noszenia, dzi\u0119ki czemu [&hellip;]<\/p>\n","protected":false},"featured_media":2914,"comment_status":"open","ping_status":"closed","template":"","meta":{"_acf_changed":false},"product_brand":[],"product_cat":[83,70],"product_tag":[],"class_list":{"0":"post-2934","1":"product","2":"type-product","3":"status-publish","4":"has-post-thumbnail","6":"product_cat-spodnie","7":"product_cat-stella-lotycz-x-piotr-stochnij","9":"first","10":"outofstock","11":"shipping-taxable","12":"purchasable","13":"product-type-simple"},"acf":[],"yoast_head":"<!-- This site is optimized with the Yoast SEO plugin v27.3 - https:\/\/yoast.com\/product\/yoast-seo-wordpress\/ -->\n<title>Spodnie . Wschodz\u0105ce S\u0142o\u0144ce - Stella Lotycz<\/title>\n<meta name=\"robots\" content=\"index, follow, max-snippet:-1, max-image-preview:large, max-video-preview:-1\" \/>\n<link rel=\"canonical\" href=\"https:\/\/stellalotycz.com\/pl\/produkt\/spodnie-wschodzace-slonce\/\" \/>\n<meta property=\"og:locale\" content=\"pl_PL\" \/>\n<meta property=\"og:type\" content=\"article\" \/>\n<meta property=\"og:title\" content=\"Spodnie . Wschodz\u0105ce S\u0142o\u0144ce - Stella Lotycz\" \/>\n<meta property=\"og:description\" content=\"Spodnie z wysokim stanem z unikalnym nadrukiem inspirowanym porann\u0105 ros\u0105 i delikatnym blaskiem wschodz\u0105cego s\u0142o\u0144ca. Odcienie zieleni i \u017cywy z\u0142oty odcie\u0144 \u0142\u0105cz\u0105 si\u0119 z ch\u0142odniejszymi barwami, tworz\u0105c na tkaninie \u015bwie\u017c\u0105, artystyczn\u0105 kompozycj\u0119. Prosta, lekko zw\u0119\u017cana nogawka optycznie wyd\u0142u\u017ca sylwetk\u0119, a subtelne rozci\u0119cia przy kostkach dodaj\u0105 nowoczesnego charakteru. Zapi\u0119cie z przodu zapewnia wygod\u0119 noszenia, dzi\u0119ki czemu [&hellip;]\" \/>\n<meta property=\"og:url\" content=\"https:\/\/stellalotycz.com\/pl\/produkt\/spodnie-wschodzace-slonce\/\" \/>\n<meta property=\"og:site_name\" content=\"Stella Lotycz\" \/>\n<meta name=\"twitter:card\" content=\"summary_large_image\" \/>\n<script type=\"application\/ld+json\" class=\"yoast-schema-graph\">{\"@context\":\"https:\\\/\\\/schema.org\",\"@graph\":[{\"@type\":\"WebPage\",\"@id\":\"https:\\\/\\\/stellalotycz.com\\\/pl\\\/produkt\\\/spodnie-wschodzace-slonce\\\/\",\"url\":\"https:\\\/\\\/stellalotycz.com\\\/pl\\\/produkt\\\/spodnie-wschodzace-slonce\\\/\",\"name\":\"Spodnie . Wschodz\u0105ce S\u0142o\u0144ce - Stella Lotycz\",\"isPartOf\":{\"@id\":\"https:\\\/\\\/stellalotycz.com\\\/?currency=usd\\\/#website\"},\"primaryImageOfPage\":{\"@id\":\"https:\\\/\\\/stellalotycz.com\\\/pl\\\/produkt\\\/spodnie-wschodzace-slonce\\\/#primaryimage\"},\"image\":{\"@id\":\"https:\\\/\\\/stellalotycz.com\\\/pl\\\/produkt\\\/spodnie-wschodzace-slonce\\\/#primaryimage\"},\"thumbnailUrl\":\"https:\\\/\\\/stellalotycz.com\\\/wp-content\\\/uploads\\\/2026\\\/02\\\/73ee993e-c9b7-4c55-97db-7981c8e4e909-1.png\",\"datePublished\":\"2026-02-13T17:09:45+00:00\",\"breadcrumb\":{\"@id\":\"https:\\\/\\\/stellalotycz.com\\\/pl\\\/produkt\\\/spodnie-wschodzace-slonce\\\/#breadcrumb\"},\"inLanguage\":\"pl-PL\",\"potentialAction\":[{\"@type\":\"ReadAction\",\"target\":[\"https:\\\/\\\/stellalotycz.com\\\/pl\\\/produkt\\\/spodnie-wschodzace-slonce\\\/\"]}]},{\"@type\":\"ImageObject\",\"inLanguage\":\"pl-PL\",\"@id\":\"https:\\\/\\\/stellalotycz.com\\\/pl\\\/produkt\\\/spodnie-wschodzace-slonce\\\/#primaryimage\",\"url\":\"https:\\\/\\\/stellalotycz.com\\\/wp-content\\\/uploads\\\/2026\\\/02\\\/73ee993e-c9b7-4c55-97db-7981c8e4e909-1.png\",\"contentUrl\":\"https:\\\/\\\/stellalotycz.com\\\/wp-content\\\/uploads\\\/2026\\\/02\\\/73ee993e-c9b7-4c55-97db-7981c8e4e909-1.png\",\"width\":1500,\"height\":2510},{\"@type\":\"BreadcrumbList\",\"@id\":\"https:\\\/\\\/stellalotycz.com\\\/pl\\\/produkt\\\/spodnie-wschodzace-slonce\\\/#breadcrumb\",\"itemListElement\":[{\"@type\":\"ListItem\",\"position\":1,\"name\":\"Home\",\"item\":\"https:\\\/\\\/stellalotycz.com\\\/pl\\\/\"},{\"@type\":\"ListItem\",\"position\":2,\"name\":\"Sklep\",\"item\":\"https:\\\/\\\/stellalotycz.com\\\/pl\\\/sklep\\\/\"},{\"@type\":\"ListItem\",\"position\":3,\"name\":\"Spodnie . Wschodz\u0105ce S\u0142o\u0144ce\"}]},{\"@type\":\"WebSite\",\"@id\":\"https:\\\/\\\/stellalotycz.com\\\/?currency=usd\\\/#website\",\"url\":\"https:\\\/\\\/stellalotycz.com\\\/?currency=usd\\\/\",\"name\":\"Stella Lotycz Fashion Designer\",\"description\":\"Fashion Designer\",\"publisher\":{\"@id\":\"https:\\\/\\\/stellalotycz.com\\\/?currency=usd\\\/#organization\"},\"potentialAction\":[{\"@type\":\"SearchAction\",\"target\":{\"@type\":\"EntryPoint\",\"urlTemplate\":\"https:\\\/\\\/stellalotycz.com\\\/?currency=usd\\\/?s={search_term_string}\"},\"query-input\":{\"@type\":\"PropertyValueSpecification\",\"valueRequired\":true,\"valueName\":\"search_term_string\"}}],\"inLanguage\":\"pl-PL\"},{\"@type\":\"Organization\",\"@id\":\"https:\\\/\\\/stellalotycz.com\\\/?currency=usd\\\/#organization\",\"name\":\"Stella Lotycz Fashion Designer\",\"url\":\"https:\\\/\\\/stellalotycz.com\\\/?currency=usd\\\/\",\"logo\":{\"@type\":\"ImageObject\",\"inLanguage\":\"pl-PL\",\"@id\":\"https:\\\/\\\/stellalotycz.com\\\/?currency=usd\\\/#\\\/schema\\\/logo\\\/image\\\/\",\"url\":\"https:\\\/\\\/stellalotycz.com\\\/wp-content\\\/uploads\\\/2025\\\/10\\\/Stella-Logo-Wektor.svg\",\"contentUrl\":\"https:\\\/\\\/stellalotycz.com\\\/wp-content\\\/uploads\\\/2025\\\/10\\\/Stella-Logo-Wektor.svg\",\"caption\":\"Stella Lotycz Fashion Designer\"},\"image\":{\"@id\":\"https:\\\/\\\/stellalotycz.com\\\/?currency=usd\\\/#\\\/schema\\\/logo\\\/image\\\/\"}}]}<\/script>\n<!-- \/ Yoast SEO plugin. -->","yoast_head_json":{"title":"Spodnie . Wschodz\u0105ce S\u0142o\u0144ce - Stella Lotycz","robots":{"index":"index","follow":"follow","max-snippet":"max-snippet:-1","max-image-preview":"max-image-preview:large","max-video-preview":"max-video-preview:-1"},"canonical":"https:\/\/stellalotycz.com\/pl\/produkt\/spodnie-wschodzace-slonce\/","og_locale":"pl_PL","og_type":"article","og_title":"Spodnie . Wschodz\u0105ce S\u0142o\u0144ce - Stella Lotycz","og_description":"Spodnie z wysokim stanem z unikalnym nadrukiem inspirowanym porann\u0105 ros\u0105 i delikatnym blaskiem wschodz\u0105cego s\u0142o\u0144ca. Odcienie zieleni i \u017cywy z\u0142oty odcie\u0144 \u0142\u0105cz\u0105 si\u0119 z ch\u0142odniejszymi barwami, tworz\u0105c na tkaninie \u015bwie\u017c\u0105, artystyczn\u0105 kompozycj\u0119. Prosta, lekko zw\u0119\u017cana nogawka optycznie wyd\u0142u\u017ca sylwetk\u0119, a subtelne rozci\u0119cia przy kostkach dodaj\u0105 nowoczesnego charakteru. Zapi\u0119cie z przodu zapewnia wygod\u0119 noszenia, dzi\u0119ki czemu [&hellip;]","og_url":"https:\/\/stellalotycz.com\/pl\/produkt\/spodnie-wschodzace-slonce\/","og_site_name":"Stella Lotycz","twitter_card":"summary_large_image","schema":{"@context":"https:\/\/schema.org","@graph":[{"@type":"WebPage","@id":"https:\/\/stellalotycz.com\/pl\/produkt\/spodnie-wschodzace-slonce\/","url":"https:\/\/stellalotycz.com\/pl\/produkt\/spodnie-wschodzace-slonce\/","name":"Spodnie . Wschodz\u0105ce S\u0142o\u0144ce - Stella Lotycz","isPartOf":{"@id":"https:\/\/stellalotycz.com\/?currency=usd\/#website"},"primaryImageOfPage":{"@id":"https:\/\/stellalotycz.com\/pl\/produkt\/spodnie-wschodzace-slonce\/#primaryimage"},"image":{"@id":"https:\/\/stellalotycz.com\/pl\/produkt\/spodnie-wschodzace-slonce\/#primaryimage"},"thumbnailUrl":"https:\/\/stellalotycz.com\/wp-content\/uploads\/2026\/02\/73ee993e-c9b7-4c55-97db-7981c8e4e909-1.png","datePublished":"2026-02-13T17:09:45+00:00","breadcrumb":{"@id":"https:\/\/stellalotycz.com\/pl\/produkt\/spodnie-wschodzace-slonce\/#breadcrumb"},"inLanguage":"pl-PL","potentialAction":[{"@type":"ReadAction","target":["https:\/\/stellalotycz.com\/pl\/produkt\/spodnie-wschodzace-slonce\/"]}]},{"@type":"ImageObject","inLanguage":"pl-PL","@id":"https:\/\/stellalotycz.com\/pl\/produkt\/spodnie-wschodzace-slonce\/#primaryimage","url":"https:\/\/stellalotycz.com\/wp-content\/uploads\/2026\/02\/73ee993e-c9b7-4c55-97db-7981c8e4e909-1.png","contentUrl":"https:\/\/stellalotycz.com\/wp-content\/uploads\/2026\/02\/73ee993e-c9b7-4c55-97db-7981c8e4e909-1.png","width":1500,"height":2510},{"@type":"BreadcrumbList","@id":"https:\/\/stellalotycz.com\/pl\/produkt\/spodnie-wschodzace-slonce\/#breadcrumb","itemListElement":[{"@type":"ListItem","position":1,"name":"Home","item":"https:\/\/stellalotycz.com\/pl\/"},{"@type":"ListItem","position":2,"name":"Sklep","item":"https:\/\/stellalotycz.com\/pl\/sklep\/"},{"@type":"ListItem","position":3,"name":"Spodnie . Wschodz\u0105ce S\u0142o\u0144ce"}]},{"@type":"WebSite","@id":"https:\/\/stellalotycz.com\/?currency=usd\/#website","url":"https:\/\/stellalotycz.com\/?currency=usd\/","name":"Stella Lotycz Fashion Designer","description":"Fashion Designer","publisher":{"@id":"https:\/\/stellalotycz.com\/?currency=usd\/#organization"},"potentialAction":[{"@type":"SearchAction","target":{"@type":"EntryPoint","urlTemplate":"https:\/\/stellalotycz.com\/?currency=usd\/?s={search_term_string}"},"query-input":{"@type":"PropertyValueSpecification","valueRequired":true,"valueName":"search_term_string"}}],"inLanguage":"pl-PL"},{"@type":"Organization","@id":"https:\/\/stellalotycz.com\/?currency=usd\/#organization","name":"Stella Lotycz Fashion Designer","url":"https:\/\/stellalotycz.com\/?currency=usd\/","logo":{"@type":"ImageObject","inLanguage":"pl-PL","@id":"https:\/\/stellalotycz.com\/?currency=usd\/#\/schema\/logo\/image\/","url":"https:\/\/stellalotycz.com\/wp-content\/uploads\/2025\/10\/Stella-Logo-Wektor.svg","contentUrl":"https:\/\/stellalotycz.com\/wp-content\/uploads\/2025\/10\/Stella-Logo-Wektor.svg","caption":"Stella Lotycz Fashion Designer"},"image":{"@id":"https:\/\/stellalotycz.com\/?currency=usd\/#\/schema\/logo\/image\/"}}]}},"_links":{"self":[{"href":"https:\/\/stellalotycz.com\/pl\/wp-json\/wp\/v2\/product\/2934","targetHints":{"allow":["GET"]}}],"collection":[{"href":"https:\/\/stellalotycz.com\/pl\/wp-json\/wp\/v2\/product"}],"about":[{"href":"https:\/\/stellalotycz.com\/pl\/wp-json\/wp\/v2\/types\/product"}],"replies":[{"embeddable":true,"href":"https:\/\/stellalotycz.com\/pl\/wp-json\/wp\/v2\/comments?post=2934"}],"wp:featuredmedia":[{"embeddable":true,"href":"https:\/\/stellalotycz.com\/pl\/wp-json\/wp\/v2\/media\/2914"}],"wp:attachment":[{"href":"https:\/\/stellalotycz.com\/pl\/wp-json\/wp\/v2\/media?parent=2934"}],"wp:term":[{"taxonomy":"product_brand","embeddable":true,"href":"https:\/\/stellalotycz.com\/pl\/wp-json\/wp\/v2\/product_brand?post=2934"},{"taxonomy":"product_cat","embeddable":true,"href":"https:\/\/stellalotycz.com\/pl\/wp-json\/wp\/v2\/product_cat?post=2934"},{"taxonomy":"product_tag","embeddable":true,"href":"https:\/\/stellalotycz.com\/pl\/wp-json\/wp\/v2\/product_tag?post=2934"}],"curies":[{"name":"wp","href":"https:\/\/api.w.org\/{rel}","templated":true}]}}