{"id":2945,"date":"2026-02-13T22:13:40","date_gmt":"2026-02-13T22:13:40","guid":{"rendered":"https:\/\/stellalotycz.com\/product\/spodnie-z-szerokimi-nogawkami-glacier-flow\/"},"modified":"2026-03-17T18:51:17","modified_gmt":"2026-03-17T18:51:17","slug":"spodnie-z-szerokimi-nogawkami-glacier-flow","status":"publish","type":"product","link":"https:\/\/stellalotycz.com\/pl\/produkt\/spodnie-z-szerokimi-nogawkami-glacier-flow\/","title":{"rendered":"Spodnie z szerokimi nogawkami . Lodowiec Alaski"},"content":{"rendered":"<div class=\"prose dark:prose-invert inline leading-relaxed break-words min-w-0 [word-break:break-word] prose-strong:font-medium visRefresh2026Fonts:prose-strong:font-bold [&amp;_&gt;*:first-child]:mt-0 [&amp;_&gt;*:last-child]:mb-0\">\n<p class=\"my-2 [&amp;+p]:mt-4 [&amp;_strong:has(+br)]:inline-block [&amp;_strong:has(+br)]:pb-2\">Spodnie z szerokimi nogawkami o lu\u017anym kroju, pokryte artystycznym nadrukiem inspirowanym monumentalnymi lodowcami Alaski. Dynamiczny wz\u00f3r tworzy efekt poruszaj\u0105cej si\u0119 tafli lodu, sprawiaj\u0105c, \u017ce model przyci\u0105ga wzrok niczym fragment surowego, arktycznego krajobrazu. To idealny wyb\u00f3r na wieczorn\u0105 kolacj\u0119 w restauracji, spotkanie biznesowe a tak\u017ce wyrazisty element stroju na miejskie spacery .Doskonale sprawdzaj\u0105 si\u0119 zar\u00f3wno w po\u0142\u0105czeniu z eleganckimi szpilkami, jak i wygodnymi butami codziennymi. To propozycja dla mi\u0142o\u015bniczek odwa\u017cnych, artystycznych wzor\u00f3w, kt\u00f3re lubi\u0105 wyr\u00f3\u017cnia\u0107 si\u0119 z t\u0142umu.<\/p>\n<\/div>\n","protected":false},"excerpt":{"rendered":"<p>Spodnie z szerokimi nogawkami o lu\u017anym kroju, pokryte artystycznym nadrukiem inspirowanym monumentalnymi lodowcami Alaski. Dynamiczny wz\u00f3r tworzy efekt poruszaj\u0105cej si\u0119 tafli lodu, sprawiaj\u0105c, \u017ce model przyci\u0105ga wzrok niczym fragment surowego, arktycznego krajobrazu. To idealny wyb\u00f3r na wieczorn\u0105 kolacj\u0119 w restauracji, spotkanie biznesowe a tak\u017ce wyrazisty element stroju na miejskie spacery .Doskonale sprawdzaj\u0105 si\u0119 zar\u00f3wno w [&hellip;]<\/p>\n","protected":false},"featured_media":2951,"comment_status":"open","ping_status":"closed","template":"","meta":{"_acf_changed":false},"product_brand":[],"product_cat":[83,65],"product_tag":[],"class_list":{"0":"post-2945","1":"product","2":"type-product","3":"status-publish","4":"has-post-thumbnail","6":"product_cat-spodnie","7":"product_cat-stella-lotycz-x-stephan-zirwes","9":"first","10":"outofstock","11":"shipping-taxable","12":"purchasable","13":"product-type-simple"},"acf":[],"yoast_head":"<!-- This site is optimized with the Yoast SEO plugin v27.3 - https:\/\/yoast.com\/product\/yoast-seo-wordpress\/ -->\n<title>Spodnie z szerokimi nogawkami . Lodowiec Alaski - Stella Lotycz<\/title>\n<meta name=\"robots\" content=\"index, follow, max-snippet:-1, max-image-preview:large, max-video-preview:-1\" \/>\n<link rel=\"canonical\" href=\"https:\/\/stellalotycz.com\/pl\/produkt\/spodnie-z-szerokimi-nogawkami-glacier-flow\/\" \/>\n<meta property=\"og:locale\" content=\"pl_PL\" \/>\n<meta property=\"og:type\" content=\"article\" \/>\n<meta property=\"og:title\" content=\"Spodnie z szerokimi nogawkami . Lodowiec Alaski - Stella Lotycz\" \/>\n<meta property=\"og:description\" content=\"Spodnie z szerokimi nogawkami o lu\u017anym kroju, pokryte artystycznym nadrukiem inspirowanym monumentalnymi lodowcami Alaski. Dynamiczny wz\u00f3r tworzy efekt poruszaj\u0105cej si\u0119 tafli lodu, sprawiaj\u0105c, \u017ce model przyci\u0105ga wzrok niczym fragment surowego, arktycznego krajobrazu. To idealny wyb\u00f3r na wieczorn\u0105 kolacj\u0119 w restauracji, spotkanie biznesowe a tak\u017ce wyrazisty element stroju na miejskie spacery .Doskonale sprawdzaj\u0105 si\u0119 zar\u00f3wno w [&hellip;]\" \/>\n<meta property=\"og:url\" content=\"https:\/\/stellalotycz.com\/pl\/produkt\/spodnie-z-szerokimi-nogawkami-glacier-flow\/\" \/>\n<meta property=\"og:site_name\" content=\"Stella Lotycz\" \/>\n<meta property=\"article:modified_time\" content=\"2026-03-17T18:51:17+00:00\" \/>\n<meta property=\"og:image\" content=\"https:\/\/stellalotycz.com\/wp-content\/uploads\/2026\/02\/5491a698-7188-45e9-b88b-f0f9e3c47fdc-681x1024.png\" \/>\n\t<meta property=\"og:image:width\" content=\"681\" \/>\n\t<meta property=\"og:image:height\" content=\"1024\" \/>\n\t<meta property=\"og:image:type\" content=\"image\/png\" \/>\n<meta name=\"twitter:card\" content=\"summary_large_image\" \/>\n<script type=\"application\/ld+json\" class=\"yoast-schema-graph\">{\"@context\":\"https:\\\/\\\/schema.org\",\"@graph\":[{\"@type\":\"WebPage\",\"@id\":\"https:\\\/\\\/stellalotycz.com\\\/pl\\\/produkt\\\/spodnie-z-szerokimi-nogawkami-glacier-flow\\\/\",\"url\":\"https:\\\/\\\/stellalotycz.com\\\/pl\\\/produkt\\\/spodnie-z-szerokimi-nogawkami-glacier-flow\\\/\",\"name\":\"Spodnie z szerokimi nogawkami . Lodowiec Alaski - Stella Lotycz\",\"isPartOf\":{\"@id\":\"https:\\\/\\\/stellalotycz.com\\\/?currency=usd\\\/#website\"},\"primaryImageOfPage\":{\"@id\":\"https:\\\/\\\/stellalotycz.com\\\/pl\\\/produkt\\\/spodnie-z-szerokimi-nogawkami-glacier-flow\\\/#primaryimage\"},\"image\":{\"@id\":\"https:\\\/\\\/stellalotycz.com\\\/pl\\\/produkt\\\/spodnie-z-szerokimi-nogawkami-glacier-flow\\\/#primaryimage\"},\"thumbnailUrl\":\"https:\\\/\\\/stellalotycz.com\\\/wp-content\\\/uploads\\\/2026\\\/02\\\/5491a698-7188-45e9-b88b-f0f9e3c47fdc.png\",\"datePublished\":\"2026-02-13T22:13:40+00:00\",\"dateModified\":\"2026-03-17T18:51:17+00:00\",\"breadcrumb\":{\"@id\":\"https:\\\/\\\/stellalotycz.com\\\/pl\\\/produkt\\\/spodnie-z-szerokimi-nogawkami-glacier-flow\\\/#breadcrumb\"},\"inLanguage\":\"pl-PL\",\"potentialAction\":[{\"@type\":\"ReadAction\",\"target\":[\"https:\\\/\\\/stellalotycz.com\\\/pl\\\/produkt\\\/spodnie-z-szerokimi-nogawkami-glacier-flow\\\/\"]}]},{\"@type\":\"ImageObject\",\"inLanguage\":\"pl-PL\",\"@id\":\"https:\\\/\\\/stellalotycz.com\\\/pl\\\/produkt\\\/spodnie-z-szerokimi-nogawkami-glacier-flow\\\/#primaryimage\",\"url\":\"https:\\\/\\\/stellalotycz.com\\\/wp-content\\\/uploads\\\/2026\\\/02\\\/5491a698-7188-45e9-b88b-f0f9e3c47fdc.png\",\"contentUrl\":\"https:\\\/\\\/stellalotycz.com\\\/wp-content\\\/uploads\\\/2026\\\/02\\\/5491a698-7188-45e9-b88b-f0f9e3c47fdc.png\",\"width\":1500,\"height\":2254},{\"@type\":\"BreadcrumbList\",\"@id\":\"https:\\\/\\\/stellalotycz.com\\\/pl\\\/produkt\\\/spodnie-z-szerokimi-nogawkami-glacier-flow\\\/#breadcrumb\",\"itemListElement\":[{\"@type\":\"ListItem\",\"position\":1,\"name\":\"Home\",\"item\":\"https:\\\/\\\/stellalotycz.com\\\/pl\\\/\"},{\"@type\":\"ListItem\",\"position\":2,\"name\":\"Sklep\",\"item\":\"https:\\\/\\\/stellalotycz.com\\\/pl\\\/sklep\\\/\"},{\"@type\":\"ListItem\",\"position\":3,\"name\":\"Spodnie z szerokimi nogawkami . Lodowiec Alaski\"}]},{\"@type\":\"WebSite\",\"@id\":\"https:\\\/\\\/stellalotycz.com\\\/?currency=usd\\\/#website\",\"url\":\"https:\\\/\\\/stellalotycz.com\\\/?currency=usd\\\/\",\"name\":\"Stella Lotycz Fashion Designer\",\"description\":\"Fashion Designer\",\"publisher\":{\"@id\":\"https:\\\/\\\/stellalotycz.com\\\/?currency=usd\\\/#organization\"},\"potentialAction\":[{\"@type\":\"SearchAction\",\"target\":{\"@type\":\"EntryPoint\",\"urlTemplate\":\"https:\\\/\\\/stellalotycz.com\\\/?currency=usd\\\/?s={search_term_string}\"},\"query-input\":{\"@type\":\"PropertyValueSpecification\",\"valueRequired\":true,\"valueName\":\"search_term_string\"}}],\"inLanguage\":\"pl-PL\"},{\"@type\":\"Organization\",\"@id\":\"https:\\\/\\\/stellalotycz.com\\\/?currency=usd\\\/#organization\",\"name\":\"Stella Lotycz Fashion Designer\",\"url\":\"https:\\\/\\\/stellalotycz.com\\\/?currency=usd\\\/\",\"logo\":{\"@type\":\"ImageObject\",\"inLanguage\":\"pl-PL\",\"@id\":\"https:\\\/\\\/stellalotycz.com\\\/?currency=usd\\\/#\\\/schema\\\/logo\\\/image\\\/\",\"url\":\"https:\\\/\\\/stellalotycz.com\\\/wp-content\\\/uploads\\\/2025\\\/10\\\/Stella-Logo-Wektor.svg\",\"contentUrl\":\"https:\\\/\\\/stellalotycz.com\\\/wp-content\\\/uploads\\\/2025\\\/10\\\/Stella-Logo-Wektor.svg\",\"caption\":\"Stella Lotycz Fashion Designer\"},\"image\":{\"@id\":\"https:\\\/\\\/stellalotycz.com\\\/?currency=usd\\\/#\\\/schema\\\/logo\\\/image\\\/\"}}]}<\/script>\n<!-- \/ Yoast SEO plugin. -->","yoast_head_json":{"title":"Spodnie z szerokimi nogawkami . Lodowiec Alaski - Stella Lotycz","robots":{"index":"index","follow":"follow","max-snippet":"max-snippet:-1","max-image-preview":"max-image-preview:large","max-video-preview":"max-video-preview:-1"},"canonical":"https:\/\/stellalotycz.com\/pl\/produkt\/spodnie-z-szerokimi-nogawkami-glacier-flow\/","og_locale":"pl_PL","og_type":"article","og_title":"Spodnie z szerokimi nogawkami . Lodowiec Alaski - Stella Lotycz","og_description":"Spodnie z szerokimi nogawkami o lu\u017anym kroju, pokryte artystycznym nadrukiem inspirowanym monumentalnymi lodowcami Alaski. Dynamiczny wz\u00f3r tworzy efekt poruszaj\u0105cej si\u0119 tafli lodu, sprawiaj\u0105c, \u017ce model przyci\u0105ga wzrok niczym fragment surowego, arktycznego krajobrazu. To idealny wyb\u00f3r na wieczorn\u0105 kolacj\u0119 w restauracji, spotkanie biznesowe a tak\u017ce wyrazisty element stroju na miejskie spacery .Doskonale sprawdzaj\u0105 si\u0119 zar\u00f3wno w [&hellip;]","og_url":"https:\/\/stellalotycz.com\/pl\/produkt\/spodnie-z-szerokimi-nogawkami-glacier-flow\/","og_site_name":"Stella Lotycz","article_modified_time":"2026-03-17T18:51:17+00:00","og_image":[{"width":681,"height":1024,"url":"https:\/\/stellalotycz.com\/wp-content\/uploads\/2026\/02\/5491a698-7188-45e9-b88b-f0f9e3c47fdc-681x1024.png","type":"image\/png"}],"twitter_card":"summary_large_image","schema":{"@context":"https:\/\/schema.org","@graph":[{"@type":"WebPage","@id":"https:\/\/stellalotycz.com\/pl\/produkt\/spodnie-z-szerokimi-nogawkami-glacier-flow\/","url":"https:\/\/stellalotycz.com\/pl\/produkt\/spodnie-z-szerokimi-nogawkami-glacier-flow\/","name":"Spodnie z szerokimi nogawkami . Lodowiec Alaski - Stella Lotycz","isPartOf":{"@id":"https:\/\/stellalotycz.com\/?currency=usd\/#website"},"primaryImageOfPage":{"@id":"https:\/\/stellalotycz.com\/pl\/produkt\/spodnie-z-szerokimi-nogawkami-glacier-flow\/#primaryimage"},"image":{"@id":"https:\/\/stellalotycz.com\/pl\/produkt\/spodnie-z-szerokimi-nogawkami-glacier-flow\/#primaryimage"},"thumbnailUrl":"https:\/\/stellalotycz.com\/wp-content\/uploads\/2026\/02\/5491a698-7188-45e9-b88b-f0f9e3c47fdc.png","datePublished":"2026-02-13T22:13:40+00:00","dateModified":"2026-03-17T18:51:17+00:00","breadcrumb":{"@id":"https:\/\/stellalotycz.com\/pl\/produkt\/spodnie-z-szerokimi-nogawkami-glacier-flow\/#breadcrumb"},"inLanguage":"pl-PL","potentialAction":[{"@type":"ReadAction","target":["https:\/\/stellalotycz.com\/pl\/produkt\/spodnie-z-szerokimi-nogawkami-glacier-flow\/"]}]},{"@type":"ImageObject","inLanguage":"pl-PL","@id":"https:\/\/stellalotycz.com\/pl\/produkt\/spodnie-z-szerokimi-nogawkami-glacier-flow\/#primaryimage","url":"https:\/\/stellalotycz.com\/wp-content\/uploads\/2026\/02\/5491a698-7188-45e9-b88b-f0f9e3c47fdc.png","contentUrl":"https:\/\/stellalotycz.com\/wp-content\/uploads\/2026\/02\/5491a698-7188-45e9-b88b-f0f9e3c47fdc.png","width":1500,"height":2254},{"@type":"BreadcrumbList","@id":"https:\/\/stellalotycz.com\/pl\/produkt\/spodnie-z-szerokimi-nogawkami-glacier-flow\/#breadcrumb","itemListElement":[{"@type":"ListItem","position":1,"name":"Home","item":"https:\/\/stellalotycz.com\/pl\/"},{"@type":"ListItem","position":2,"name":"Sklep","item":"https:\/\/stellalotycz.com\/pl\/sklep\/"},{"@type":"ListItem","position":3,"name":"Spodnie z szerokimi nogawkami . Lodowiec Alaski"}]},{"@type":"WebSite","@id":"https:\/\/stellalotycz.com\/?currency=usd\/#website","url":"https:\/\/stellalotycz.com\/?currency=usd\/","name":"Stella Lotycz Fashion Designer","description":"Fashion Designer","publisher":{"@id":"https:\/\/stellalotycz.com\/?currency=usd\/#organization"},"potentialAction":[{"@type":"SearchAction","target":{"@type":"EntryPoint","urlTemplate":"https:\/\/stellalotycz.com\/?currency=usd\/?s={search_term_string}"},"query-input":{"@type":"PropertyValueSpecification","valueRequired":true,"valueName":"search_term_string"}}],"inLanguage":"pl-PL"},{"@type":"Organization","@id":"https:\/\/stellalotycz.com\/?currency=usd\/#organization","name":"Stella Lotycz Fashion Designer","url":"https:\/\/stellalotycz.com\/?currency=usd\/","logo":{"@type":"ImageObject","inLanguage":"pl-PL","@id":"https:\/\/stellalotycz.com\/?currency=usd\/#\/schema\/logo\/image\/","url":"https:\/\/stellalotycz.com\/wp-content\/uploads\/2025\/10\/Stella-Logo-Wektor.svg","contentUrl":"https:\/\/stellalotycz.com\/wp-content\/uploads\/2025\/10\/Stella-Logo-Wektor.svg","caption":"Stella Lotycz Fashion Designer"},"image":{"@id":"https:\/\/stellalotycz.com\/?currency=usd\/#\/schema\/logo\/image\/"}}]}},"_links":{"self":[{"href":"https:\/\/stellalotycz.com\/pl\/wp-json\/wp\/v2\/product\/2945","targetHints":{"allow":["GET"]}}],"collection":[{"href":"https:\/\/stellalotycz.com\/pl\/wp-json\/wp\/v2\/product"}],"about":[{"href":"https:\/\/stellalotycz.com\/pl\/wp-json\/wp\/v2\/types\/product"}],"replies":[{"embeddable":true,"href":"https:\/\/stellalotycz.com\/pl\/wp-json\/wp\/v2\/comments?post=2945"}],"wp:featuredmedia":[{"embeddable":true,"href":"https:\/\/stellalotycz.com\/pl\/wp-json\/wp\/v2\/media\/2951"}],"wp:attachment":[{"href":"https:\/\/stellalotycz.com\/pl\/wp-json\/wp\/v2\/media?parent=2945"}],"wp:term":[{"taxonomy":"product_brand","embeddable":true,"href":"https:\/\/stellalotycz.com\/pl\/wp-json\/wp\/v2\/product_brand?post=2945"},{"taxonomy":"product_cat","embeddable":true,"href":"https:\/\/stellalotycz.com\/pl\/wp-json\/wp\/v2\/product_cat?post=2945"},{"taxonomy":"product_tag","embeddable":true,"href":"https:\/\/stellalotycz.com\/pl\/wp-json\/wp\/v2\/product_tag?post=2945"}],"curies":[{"name":"wp","href":"https:\/\/api.w.org\/{rel}","templated":true}]}}